{"id":34771,"date":"2024-07-30T19:21:28","date_gmt":"2024-08-27T14:43:28","guid":{"rendered":"https:\/\/staging.nbg.eu\/product\/leg-strap-for-holster-adapter\/"},"modified":"2024-08-27T14:44:12","modified_gmt":"2024-08-27T14:44:12","slug":"stehenni-reminek-pro-adapter-pouzdra","status":"publish","type":"product","link":"https:\/\/staging.nbg.eu\/cs\/produkt\/stehenni-reminek-pro-adapter-pouzdra\/","title":{"rendered":"Stehenn\u00ed \u0159em\u00ednek pro adapt\u00e9r pouzdra"},"content":{"rendered":"<div class=\"product-description\">\n<h2>BlueForceGear Stehenn\u00ed popruh pro adapt\u00e9r pouzdra<\/h2>\n<p>Zvy\u0161te stabilitu a pohodl\u00ed va\u0161eho pouzdra s BlueForceGear stehenn\u00edm popruhem pro adapt\u00e9r pouzdra. Tento odoln\u00fd, nastaviteln\u00fd popruh je navr\u017een tak, aby zajistil va\u0161e pouzdro ke stehnu a poskytl spolehliv\u00e9 a konzistentn\u00ed tasen\u00ed.<\/p>\n<ul>\n<h3>Vlastnosti:<\/h3>\n<li>Kompatibiln\u00ed s v\u011bt\u0161inou adapt\u00e9r\u016f pouzder<\/li>\n<li>Nastaviteln\u00fd pro perfektn\u00ed padnut\u00ed<\/li>\n<li>Vyrobeno z vysoce kvalitn\u00edch prody\u0161n\u00fdch materi\u00e1l\u016f<\/li>\n<li>Protiskluzov\u00fd design pro maxim\u00e1ln\u00ed stabilitu<\/li>\n<li>Rychloup\u00ednac\u00ed p\u0159ezka pro snadn\u00e9 nasazen\u00ed\/sund\u00e1n\u00ed<\/li>\n<\/ul>\n<p>Ide\u00e1ln\u00ed pro policii, arm\u00e1du a civiln\u00ed pou\u017eit\u00ed, tento stehenn\u00ed popruh zaji\u0161\u0165uje, \u017ee va\u0161e pouzdro z\u016fstane na m\u00edst\u011b i b\u011bhem intenzivn\u00edch aktivit.<\/p>\n<\/div>\n","protected":false},"excerpt":{"rendered":"<p>Bezpe\u010dn\u00fd popruh na nohu zvy\u0161uje stabilitu pouzdra pro plynul\u00e9 vyta\u017een\u00ed.<\/p>\n","protected":false},"featured_media":34772,"template":"","meta":{"_acf_changed":false},"product_brand":[11125],"product_cat":[12663,12696,12676],"product_tag":[],"class_list":{"0":"post-34771","1":"product","2":"type-product","3":"status-publish","4":"has-post-thumbnail","6":"product_brand-blue-force-gear","7":"product_cat-pouzdro","8":"product_cat-prislusenstvi-k-pouzdru","9":"product_cat-vybaveni","11":"first","12":"instock","13":"taxable","14":"shipping-taxable","15":"purchasable","16":"product-type-variable","17":"wvs-archive-product-wrapper"},"acf":[],"_links":{"self":[{"href":"https:\/\/staging.nbg.eu\/cs\/wp-json\/wp\/v2\/product\/34771","targetHints":{"allow":["GET"]}}],"collection":[{"href":"https:\/\/staging.nbg.eu\/cs\/wp-json\/wp\/v2\/product"}],"about":[{"href":"https:\/\/staging.nbg.eu\/cs\/wp-json\/wp\/v2\/types\/product"}],"wp:featuredmedia":[{"embeddable":true,"href":"https:\/\/staging.nbg.eu\/cs\/wp-json\/wp\/v2\/media\/34772"}],"wp:attachment":[{"href":"https:\/\/staging.nbg.eu\/cs\/wp-json\/wp\/v2\/media?parent=34771"}],"wp:term":[{"taxonomy":"product_brand","embeddable":true,"href":"https:\/\/staging.nbg.eu\/cs\/wp-json\/wp\/v2\/product_brand?post=34771"},{"taxonomy":"product_cat","embeddable":true,"href":"https:\/\/staging.nbg.eu\/cs\/wp-json\/wp\/v2\/product_cat?post=34771"},{"taxonomy":"product_tag","embeddable":true,"href":"https:\/\/staging.nbg.eu\/cs\/wp-json\/wp\/v2\/product_tag?post=34771"}],"curies":[{"name":"wp","href":"https:\/\/api.w.org\/{rel}","templated":true}]}}