{"id":34605,"date":"2024-07-30T19:26:43","date_gmt":"2024-08-27T14:29:53","guid":{"rendered":"https:\/\/staging.nbg.eu\/product\/mag-now-triple-m4-pouch\/"},"modified":"2024-08-27T14:30:41","modified_gmt":"2024-08-27T14:30:41","slug":"mag-now-triple-pouzdro-na-m4-zasobniky","status":"publish","type":"product","link":"https:\/\/staging.nbg.eu\/cs\/produkt\/mag-now-triple-pouzdro-na-m4-zasobniky\/","title":{"rendered":"MAG NOW! TRIPLE pouzdro na M4 z\u00e1sobn\u00edky"},"content":{"rendered":"<p><strong>MAG NOW! TRIPLE M4 POUCH<\/strong> od BlueForceGear je vysoce v\u00fdkonn\u00fd nosi\u010d z\u00e1sobn\u00edk\u016f navr\u017een\u00fd pro taktick\u00e9 profesion\u00e1ly a nad\u0161ence. Mezi jeho vlastnosti pat\u0159\u00ed:<\/p>\n<ul>\n<li>Bezpe\u010dn\u011b dr\u017e\u00ed t\u0159i 30rann\u00e9 z\u00e1sobn\u00edky M4\/AR-15<\/li>\n<li>Odoln\u00e1 konstrukce z nylonu 500D Cordura<\/li>\n<li>Syst\u00e9m uchycen\u00ed Helium Whisper pro lehkou kompatibilitu s MOLLE<\/li>\n<li>Gumov\u00e9 \u00fachyty pro rychl\u00fd p\u0159\u00edstup<\/li>\n<li>N\u00edzk\u00fd profil pro sn\u00ed\u017een\u00ed objemu<\/li>\n<li>K dispozici v r\u016fzn\u00fdch barv\u00e1ch, aby ladily s va\u0161\u00edm vybaven\u00edm<\/li>\n<\/ul>\n<p>Vylep\u0161ete svou v\u00fdstroj touto v\u0161estrannou a spolehlivou kapsou, kter\u00e1 zaji\u0161\u0165uje rychlou v\u00fdm\u011bnu z\u00e1sobn\u00edk\u016f, kdy\u017e z\u00e1le\u017e\u00ed na ka\u017ed\u00e9 sekund\u011b.<\/p>\n","protected":false},"excerpt":{"rendered":"<p>Bezpe\u010dn\u00e9 pouzdro na t\u0159i z\u00e1sobn\u00edky M4. Rychl\u00fd p\u0159\u00edstup. Odoln\u00fd design.<\/p>\n","protected":false},"featured_media":34606,"template":"","meta":{"_acf_changed":false},"product_brand":[11125],"product_cat":[12652,12667,12676],"product_tag":[],"class_list":{"0":"post-34605","1":"product","2":"type-product","3":"status-publish","4":"has-post-thumbnail","6":"product_brand-blue-force-gear","7":"product_cat-drzaky-zasobniku","8":"product_cat-kapsy","9":"product_cat-vybaveni","11":"first","12":"instock","13":"taxable","14":"shipping-taxable","15":"purchasable","16":"product-type-variable","17":"wvs-archive-product-wrapper"},"acf":[],"_links":{"self":[{"href":"https:\/\/staging.nbg.eu\/cs\/wp-json\/wp\/v2\/product\/34605","targetHints":{"allow":["GET"]}}],"collection":[{"href":"https:\/\/staging.nbg.eu\/cs\/wp-json\/wp\/v2\/product"}],"about":[{"href":"https:\/\/staging.nbg.eu\/cs\/wp-json\/wp\/v2\/types\/product"}],"wp:featuredmedia":[{"embeddable":true,"href":"https:\/\/staging.nbg.eu\/cs\/wp-json\/wp\/v2\/media\/34606"}],"wp:attachment":[{"href":"https:\/\/staging.nbg.eu\/cs\/wp-json\/wp\/v2\/media?parent=34605"}],"wp:term":[{"taxonomy":"product_brand","embeddable":true,"href":"https:\/\/staging.nbg.eu\/cs\/wp-json\/wp\/v2\/product_brand?post=34605"},{"taxonomy":"product_cat","embeddable":true,"href":"https:\/\/staging.nbg.eu\/cs\/wp-json\/wp\/v2\/product_cat?post=34605"},{"taxonomy":"product_tag","embeddable":true,"href":"https:\/\/staging.nbg.eu\/cs\/wp-json\/wp\/v2\/product_tag?post=34605"}],"curies":[{"name":"wp","href":"https:\/\/api.w.org\/{rel}","templated":true}]}}