{"id":34027,"date":"2024-07-30T19:31:05","date_gmt":"2024-08-27T14:08:44","guid":{"rendered":"https:\/\/staging.nbg.eu\/product\/boo-boo-pouch\/"},"modified":"2024-08-27T14:09:53","modified_gmt":"2024-08-27T14:09:53","slug":"pouzdro-prvni-pomoci","status":"publish","type":"product","link":"https:\/\/staging.nbg.eu\/cs\/produkt\/pouzdro-prvni-pomoci\/","title":{"rendered":"Pouzdro prvn\u00ed pomoci"},"content":{"rendered":"<p>Boo Boo Pouch od Blue Force Gear je kompaktn\u00ed, v\u0161estrann\u00e1 l\u00e9k\u00e1rni\u010dka navr\u017een\u00e1 pro ka\u017edodenn\u00ed no\u0161en\u00ed. Tato lehk\u00e1 kapsa se snadno p\u0159ipevn\u00ed k va\u0161emu vybaven\u00ed pomoc\u00ed syst\u00e9mu MOLLE\/PALS nebo poutky na opasek. Vyrobena z odoln\u00e9ho 500D Cordura nylonu je stav\u011bna tak, aby odolala drsn\u00fdm podm\u00ednk\u00e1m.<\/p>\n<ul>\n<li>Rozm\u011bry: 10 cm x 10 cm x 5 cm<\/li>\n<li>N\u011bkolik mo\u017enost\u00ed p\u0159ipevn\u011bn\u00ed<\/li>\n<li>Vnit\u0159n\u00ed elastick\u00e9 smy\u010dky pro organizaci<\/li>\n<li>K dispozici v r\u016fzn\u00fdch barv\u00e1ch<\/li>\n<li>Ide\u00e1ln\u00ed pro ulo\u017een\u00ed z\u00e1kladn\u00edch pot\u0159eb prvn\u00ed pomoci<\/li>\n<\/ul>\n<p>A\u0165 u\u017e jste na t\u00fa\u0159e, kempujete nebo jste ve slu\u017eb\u011b, Boo Boo Pouch zajist\u00ed, \u017ee budete p\u0159ipraveni na drobn\u00e1 zran\u011bn\u00ed a nouzov\u00e9 situace. Kompaktn\u00ed, a p\u0159esto prostorn\u00e1, je nezbytn\u00fdm dopl\u0148kem va\u0161eho EDC vybaven\u00ed.<\/p>\n","protected":false},"excerpt":{"rendered":"<p>Kompaktn\u00ed zdravotnick\u00e9 pouzdro pro nezbytn\u00e9 vybaven\u00ed prvn\u00ed pomoci na cesty.<\/p>\n","protected":false},"featured_media":34033,"template":"","meta":{"_acf_changed":false},"product_brand":[11125],"product_cat":[12667,12676],"product_tag":[],"class_list":{"0":"post-34027","1":"product","2":"type-product","3":"status-publish","4":"has-post-thumbnail","6":"product_brand-blue-force-gear","7":"product_cat-kapsy","8":"product_cat-vybaveni","10":"first","11":"instock","12":"taxable","13":"shipping-taxable","14":"purchasable","15":"product-type-variable","16":"wvs-archive-product-wrapper"},"acf":[],"_links":{"self":[{"href":"https:\/\/staging.nbg.eu\/cs\/wp-json\/wp\/v2\/product\/34027","targetHints":{"allow":["GET"]}}],"collection":[{"href":"https:\/\/staging.nbg.eu\/cs\/wp-json\/wp\/v2\/product"}],"about":[{"href":"https:\/\/staging.nbg.eu\/cs\/wp-json\/wp\/v2\/types\/product"}],"wp:featuredmedia":[{"embeddable":true,"href":"https:\/\/staging.nbg.eu\/cs\/wp-json\/wp\/v2\/media\/34033"}],"wp:attachment":[{"href":"https:\/\/staging.nbg.eu\/cs\/wp-json\/wp\/v2\/media?parent=34027"}],"wp:term":[{"taxonomy":"product_brand","embeddable":true,"href":"https:\/\/staging.nbg.eu\/cs\/wp-json\/wp\/v2\/product_brand?post=34027"},{"taxonomy":"product_cat","embeddable":true,"href":"https:\/\/staging.nbg.eu\/cs\/wp-json\/wp\/v2\/product_cat?post=34027"},{"taxonomy":"product_tag","embeddable":true,"href":"https:\/\/staging.nbg.eu\/cs\/wp-json\/wp\/v2\/product_tag?post=34027"}],"curies":[{"name":"wp","href":"https:\/\/api.w.org\/{rel}","templated":true}]}}