{"id":33647,"date":"2024-07-30T19:33:04","date_gmt":"2024-08-27T13:14:05","guid":{"rendered":"https:\/\/staging.nbg.eu\/product\/mag-now-single-pistol-pouch-bullets-flat\/"},"modified":"2024-08-27T13:14:59","modified_gmt":"2024-08-27T13:14:59","slug":"mag-now-single-pouzdro-na-pistolovy-zasobnik-naboje-naplocho","status":"publish","type":"product","link":"https:\/\/staging.nbg.eu\/cs\/produkt\/mag-now-single-pouzdro-na-pistolovy-zasobnik-naboje-naplocho\/","title":{"rendered":"MAG NOW! SINGLE pouzdro na pistolov\u00fd z\u00e1sobn\u00edk (n\u00e1boje naplocho)"},"content":{"rendered":"<p>\n<strong>MAG NOW! POUZDRO NA JEDEN PISTOLOV\u00dd Z\u00c1SOBN\u00cdK (N\u00c1BOJE NAPLOCHO)<\/strong> od Blue Force Gear je v\u0161estrann\u00e9 a odoln\u00e9 \u0159e\u0161en\u00ed pro no\u0161en\u00ed z\u00e1sobn\u00edku va\u0161\u00ed pistole. Nab\u00edz\u00ed:<\/p>\n<ul>\n<li>N\u00edzk\u00fd profil pro nen\u00e1padn\u00e9 no\u0161en\u00ed<\/li>\n<li>Bezpe\u010dn\u00e9 uchycen\u00ed s mo\u017enost\u00ed rychl\u00e9ho uvoln\u011bn\u00ed<\/li>\n<li>Kompatibiln\u00ed s v\u011bt\u0161inou dvou\u0159ad\u00fdch pistolov\u00fdch z\u00e1sobn\u00edk\u016f<\/li>\n<li>Lehk\u00e1 konstrukce z materi\u00e1lu ULTRAcomp<\/li>\n<li>Kompatibiln\u00ed se syst\u00e9mem MOLLE\/PALS<\/li>\n<li>Dostupn\u00e9 v n\u011bkolika barv\u00e1ch<\/li>\n<\/ul>\n<p>Ide\u00e1ln\u00ed pro vojensk\u00e9, policejn\u00ed a civiln\u00ed pou\u017eit\u00ed, toto pouzdro nab\u00edz\u00ed rychl\u00fd p\u0159\u00edstup a spolehliv\u00fd v\u00fdkon v jak\u00e9koli situaci. Vylep\u0161ete sv\u00e9 vybaven\u00ed inovativn\u00edm designem od Blue Force Gear.<\/p>\n","protected":false},"excerpt":{"rendered":"<p>\u0160t\u00edhl\u00e9, bezpe\u010dn\u00e9 pouzdro na pistolov\u00fd z\u00e1sobn\u00edk. Ploch\u00e9 n\u00e1boje. Konstrukce pro rychl\u00fd p\u0159\u00edstup.<\/p>\n","protected":false},"featured_media":33648,"template":"","meta":{"_acf_changed":false},"product_brand":[11125],"product_cat":[12667,12676],"product_tag":[],"class_list":{"0":"post-33647","1":"product","2":"type-product","3":"status-publish","4":"has-post-thumbnail","6":"product_brand-blue-force-gear","7":"product_cat-kapsy","8":"product_cat-vybaveni","10":"first","11":"instock","12":"taxable","13":"shipping-taxable","14":"purchasable","15":"product-type-variable","16":"wvs-archive-product-wrapper"},"acf":[],"_links":{"self":[{"href":"https:\/\/staging.nbg.eu\/cs\/wp-json\/wp\/v2\/product\/33647","targetHints":{"allow":["GET"]}}],"collection":[{"href":"https:\/\/staging.nbg.eu\/cs\/wp-json\/wp\/v2\/product"}],"about":[{"href":"https:\/\/staging.nbg.eu\/cs\/wp-json\/wp\/v2\/types\/product"}],"wp:featuredmedia":[{"embeddable":true,"href":"https:\/\/staging.nbg.eu\/cs\/wp-json\/wp\/v2\/media\/33648"}],"wp:attachment":[{"href":"https:\/\/staging.nbg.eu\/cs\/wp-json\/wp\/v2\/media?parent=33647"}],"wp:term":[{"taxonomy":"product_brand","embeddable":true,"href":"https:\/\/staging.nbg.eu\/cs\/wp-json\/wp\/v2\/product_brand?post=33647"},{"taxonomy":"product_cat","embeddable":true,"href":"https:\/\/staging.nbg.eu\/cs\/wp-json\/wp\/v2\/product_cat?post=33647"},{"taxonomy":"product_tag","embeddable":true,"href":"https:\/\/staging.nbg.eu\/cs\/wp-json\/wp\/v2\/product_tag?post=33647"}],"curies":[{"name":"wp","href":"https:\/\/api.w.org\/{rel}","templated":true}]}}