{"id":33161,"date":"2024-01-30T18:06:01","date_gmt":"2024-08-27T12:55:11","guid":{"rendered":"https:\/\/staging.nbg.eu\/product\/plate6-molleminus-plate-carrier\/"},"modified":"2024-08-27T12:56:13","modified_gmt":"2024-08-27T12:56:13","slug":"plate6-molleminus-nosic-platu","status":"publish","type":"product","link":"https:\/\/staging.nbg.eu\/cs\/produkt\/plate6-molleminus-nosic-platu\/","title":{"rendered":"PLATE6\u00ae MOLLEminus nosi\u010d pl\u00e1t\u016f"},"content":{"rendered":"<p>\nNosi\u010d pl\u00e1t\u016f PLATE6\u00ae MOLLEminus od BlueForceGear je lehk\u00e9, n\u00edzkoprofilov\u00e9 \u0159e\u0161en\u00ed pro taktick\u00e9 oper\u00e1tory. Mezi jeho vlastnosti pat\u0159\u00ed:<\/p>\n<ul>\n<li>Patentovan\u00e1 konstrukce z lamin\u00e1tu ULTRAcomp\u00ae<\/li>\n<li>Inovativn\u00ed upev\u0148ovac\u00ed syst\u00e9m MOLLEminus<\/li>\n<li>Nastaviteln\u00e9 ramenn\u00ed popruhy a bedern\u00ed p\u00e1s<\/li>\n<li>Kompatibiln\u00ed s deskami SAPI\/ESAPI a\u017e do rozm\u011bru 10&#215;12 palc\u016f<\/li>\n<li>Syst\u00e9m rychl\u00e9ho uvoln\u011bn\u00ed pro rychl\u00e9 svl\u00e9k\u00e1n\u00ed<\/li>\n<li>Laserem \u0159ezan\u00e9 ventila\u010dn\u00ed otvory pro lep\u0161\u00ed prody\u0161nost<\/li>\n<li>K dispozici v n\u011bkolika barv\u00e1ch<\/li>\n<\/ul>\n<p>PLATE6\u00ae je navr\u017een pro maxim\u00e1ln\u00ed pohyblivost a minim\u00e1ln\u00ed hmotnost a nab\u00edz\u00ed vynikaj\u00edc\u00ed ochranu bez kompromis\u016f v oblasti agility. Je ide\u00e1ln\u00ed pro vojensk\u00e9, policejn\u00ed a bezpe\u010dnostn\u00ed profesion\u00e1ly, kte\u0159\u00ed vy\u017eaduj\u00ed to nejlep\u0161\u00ed v oblasti taktick\u00e9ho vybaven\u00ed.<\/p>\n","protected":false},"excerpt":{"rendered":"<p>Ultralehk\u00fd nosi\u010d pl\u00e1t\u016f s n\u00edzk\u00fdm profilem. P\u0159izp\u016fsobiv\u00fd, pohodln\u00fd, odoln\u00fd.<\/p>\n","protected":false},"featured_media":33165,"template":"","meta":{"_acf_changed":false},"product_brand":[11125],"product_cat":[12691,12676],"product_tag":[],"class_list":{"0":"post-33161","1":"product","2":"type-product","3":"status-publish","4":"has-post-thumbnail","6":"product_brand-blue-force-gear","7":"product_cat-nosne-vesty-na-balisticke-platy","8":"product_cat-vybaveni","10":"first","11":"instock","12":"taxable","13":"shipping-taxable","14":"purchasable","15":"product-type-variable","16":"wvs-archive-product-wrapper"},"acf":[],"_links":{"self":[{"href":"https:\/\/staging.nbg.eu\/cs\/wp-json\/wp\/v2\/product\/33161","targetHints":{"allow":["GET"]}}],"collection":[{"href":"https:\/\/staging.nbg.eu\/cs\/wp-json\/wp\/v2\/product"}],"about":[{"href":"https:\/\/staging.nbg.eu\/cs\/wp-json\/wp\/v2\/types\/product"}],"wp:featuredmedia":[{"embeddable":true,"href":"https:\/\/staging.nbg.eu\/cs\/wp-json\/wp\/v2\/media\/33165"}],"wp:attachment":[{"href":"https:\/\/staging.nbg.eu\/cs\/wp-json\/wp\/v2\/media?parent=33161"}],"wp:term":[{"taxonomy":"product_brand","embeddable":true,"href":"https:\/\/staging.nbg.eu\/cs\/wp-json\/wp\/v2\/product_brand?post=33161"},{"taxonomy":"product_cat","embeddable":true,"href":"https:\/\/staging.nbg.eu\/cs\/wp-json\/wp\/v2\/product_cat?post=33161"},{"taxonomy":"product_tag","embeddable":true,"href":"https:\/\/staging.nbg.eu\/cs\/wp-json\/wp\/v2\/product_tag?post=33161"}],"curies":[{"name":"wp","href":"https:\/\/api.w.org\/{rel}","templated":true}]}}