{"id":32776,"date":"2024-07-30T19:40:48","date_gmt":"2024-08-27T12:39:17","guid":{"rendered":"https:\/\/staging.nbg.eu\/product\/ten-speed-sf-chest-rig-sr25-ar-10\/"},"modified":"2024-08-27T12:42:49","modified_gmt":"2024-08-27T12:42:49","slug":"ten-speed-sf-hrudni-nosic-sr25-ar-10","status":"publish","type":"product","link":"https:\/\/staging.nbg.eu\/cs\/produkt\/ten-speed-sf-hrudni-nosic-sr25-ar-10\/","title":{"rendered":"Ten-Speed\u00ae SF hrudn\u00ed nosi\u010d SR25 (AR-10)"},"content":{"rendered":"<div class=\"product-description\">\n<h2>Ten-Speed\u00ae SF Hrudn\u00ed nosi\u010d SR25 (AR-10) od BlueForceGear<\/h2>\n<p>Navr\u017een pro maxim\u00e1ln\u00ed v\u0161estrannost a pohodl\u00ed, tento lehk\u00fd hrudn\u00ed nosi\u010d je perfektn\u00ed pro z\u00e1sobn\u00edky SR25 a AR-10. Mezi jeho vlastnosti pat\u0159\u00ed:<\/p>\n<ul>\n<li>T\u0159i v\u00edce\u00fa\u010delov\u00e9 pouzdra Ten-Speed\u00ae pro z\u00e1sobn\u00edky nebo p\u0159\u00edslu\u0161enstv\u00ed<\/li>\n<li>Nastaviteln\u00e9 ramenn\u00ed popruhy a bedern\u00ed p\u00e1s pro bezpe\u010dn\u00e9 uchycen\u00ed<\/li>\n<li>Vyroben z odoln\u00e9 tkaniny ULTRAcomp\u00ae<\/li>\n<li>Kompatibiln\u00ed s r\u016fzn\u00fdmi dopl\u0148ky BlueForceGear<\/li>\n<li>K dispozici v r\u016fzn\u00fdch barv\u00e1ch<\/li>\n<\/ul>\n<p>Ide\u00e1ln\u00ed pro arm\u00e1du, policii a z\u00e1vodn\u00ed st\u0159elce hledaj\u00edc\u00ed n\u00edzkoprofilov\u00e9, vysoce v\u00fdkonn\u00e9 \u0159e\u0161en\u00ed hrudn\u00edho nosi\u010de.<\/p>\n<\/div>\n","protected":false},"excerpt":{"rendered":"<p>Lehk\u00e1 hrudn\u00ed platforma pro z\u00e1sobn\u00edky AR-10\/SR25. Rychl\u00fd p\u0159\u00edstup, modul\u00e1rn\u00ed design.<\/p>\n","protected":false},"featured_media":32780,"template":"","meta":{"_acf_changed":false},"product_brand":[11125],"product_cat":[12718,12676],"product_tag":[],"class_list":{"0":"post-32776","1":"product","2":"type-product","3":"status-publish","4":"has-post-thumbnail","6":"product_brand-blue-force-gear","7":"product_cat-takticke-vesty","8":"product_cat-vybaveni","10":"first","11":"instock","12":"taxable","13":"shipping-taxable","14":"purchasable","15":"product-type-variable","16":"wvs-archive-product-wrapper"},"acf":[],"_links":{"self":[{"href":"https:\/\/staging.nbg.eu\/cs\/wp-json\/wp\/v2\/product\/32776","targetHints":{"allow":["GET"]}}],"collection":[{"href":"https:\/\/staging.nbg.eu\/cs\/wp-json\/wp\/v2\/product"}],"about":[{"href":"https:\/\/staging.nbg.eu\/cs\/wp-json\/wp\/v2\/types\/product"}],"wp:featuredmedia":[{"embeddable":true,"href":"https:\/\/staging.nbg.eu\/cs\/wp-json\/wp\/v2\/media\/32780"}],"wp:attachment":[{"href":"https:\/\/staging.nbg.eu\/cs\/wp-json\/wp\/v2\/media?parent=32776"}],"wp:term":[{"taxonomy":"product_brand","embeddable":true,"href":"https:\/\/staging.nbg.eu\/cs\/wp-json\/wp\/v2\/product_brand?post=32776"},{"taxonomy":"product_cat","embeddable":true,"href":"https:\/\/staging.nbg.eu\/cs\/wp-json\/wp\/v2\/product_cat?post=32776"},{"taxonomy":"product_tag","embeddable":true,"href":"https:\/\/staging.nbg.eu\/cs\/wp-json\/wp\/v2\/product_tag?post=32776"}],"curies":[{"name":"wp","href":"https:\/\/api.w.org\/{rel}","templated":true}]}}