{"id":31592,"date":"2024-08-18T19:30:03","date_gmt":"2024-08-24T13:45:56","guid":{"rendered":"https:\/\/staging.nbg.eu\/product\/daa-22x22mm-target-patches\/"},"modified":"2024-09-10T07:35:39","modified_gmt":"2024-09-10T07:35:39","slug":"daa-tercove-zaplaty-22x22mm","status":"publish","type":"product","link":"https:\/\/staging.nbg.eu\/cs\/produkt\/daa-tercove-zaplaty-22x22mm\/","title":{"rendered":"Daa ter\u010dov\u00e9 z\u00e1platy 22x22mm"},"content":{"rendered":"<div class=\"product-description\">\n<h2>Ter\u010dov\u00e9 z\u00e1platy DAA 22x22mm<\/h2>\n<p>Vylep\u0161ete sv\u016fj st\u0159eleck\u00fd z\u00e1\u017eitek s ter\u010dov\u00fdmi z\u00e1platami DAA na m\u00edru, navr\u017een\u00e9 tak, aby perfektn\u011b splynuly s b\u011b\u017en\u00fdmi kartonov\u00fdmi ter\u010di.<\/p>\n<ul>\n<li>Barevn\u011b slad\u011bn\u00e9 pro t\u00e9m\u011b\u0159 neviditelnou aplikaci na b\u011b\u017en\u00e9 ter\u010de<\/li>\n<li>Unik\u00e1tn\u00ed \u010dtvercov\u00fd design 22x22mm pro v\u011bt\u0161\u00ed pokryt\u00ed<\/li>\n<li>Snadn\u011bj\u0161\u00ed a rychlej\u0161\u00ed aplikace ne\u017e u standardn\u00edch kulat\u00fdch z\u00e1plat<\/li>\n<li>1 000 z\u00e1plat na roli, 10 rol\u00ed v balen\u00ed<\/li>\n<\/ul>\n<p>Tyto pr\u00e9miov\u00e9 z\u00e1platy nab\u00edzej\u00ed lep\u0161\u00ed pokryt\u00ed a efektivitu ve srovn\u00e1n\u00ed se standardn\u00edmi 20mm kulat\u00fdmi z\u00e1platami. Jejich \u010dtvercov\u00fd tvar umo\u017e\u0148uje rychlej\u0161\u00ed aplikaci bez pot\u0159eby p\u0159esn\u00e9ho m\u00ed\u0159en\u00ed. A\u0165 u\u017e jste profesion\u00e1ln\u00ed nebo rekrea\u010dn\u00ed st\u0159elec, ter\u010dov\u00e9 z\u00e1platy DAA poskytuj\u00ed bezprobl\u00e9mov\u00e9 \u0159e\u0161en\u00ed pro prodlou\u017een\u00ed \u017eivotnosti va\u0161ich ter\u010d\u016f v jak\u00fdchkoli pov\u011btrnostn\u00edch podm\u00ednk\u00e1ch.<\/p>\n<\/div>\n","protected":false},"excerpt":{"rendered":"<p>Pov\u011btrnostn\u011b odoln\u00e9 ter\u010dov\u00e9 n\u00e1lepky 22x22mm. 1000 ks\/role, 10 rol\u00ed\/balen\u00ed.<\/p>\n","protected":false},"featured_media":29094,"template":"","meta":{"_acf_changed":false},"product_brand":[11265],"product_cat":[12682,12707,12674],"product_tag":[],"class_list":{"0":"post-31592","1":"product","2":"type-product","3":"status-publish","4":"has-post-thumbnail","6":"product_brand-doublealpha","7":"product_cat-papirove-terce","8":"product_cat-terce","9":"product_cat-zaplaty-a-cistici-snury","11":"first","12":"instock","13":"taxable","14":"shipping-taxable","15":"purchasable","16":"product-type-variable","17":"wvs-archive-product-wrapper"},"acf":[],"_links":{"self":[{"href":"https:\/\/staging.nbg.eu\/cs\/wp-json\/wp\/v2\/product\/31592","targetHints":{"allow":["GET"]}}],"collection":[{"href":"https:\/\/staging.nbg.eu\/cs\/wp-json\/wp\/v2\/product"}],"about":[{"href":"https:\/\/staging.nbg.eu\/cs\/wp-json\/wp\/v2\/types\/product"}],"wp:featuredmedia":[{"embeddable":true,"href":"https:\/\/staging.nbg.eu\/cs\/wp-json\/wp\/v2\/media\/29094"}],"wp:attachment":[{"href":"https:\/\/staging.nbg.eu\/cs\/wp-json\/wp\/v2\/media?parent=31592"}],"wp:term":[{"taxonomy":"product_brand","embeddable":true,"href":"https:\/\/staging.nbg.eu\/cs\/wp-json\/wp\/v2\/product_brand?post=31592"},{"taxonomy":"product_cat","embeddable":true,"href":"https:\/\/staging.nbg.eu\/cs\/wp-json\/wp\/v2\/product_cat?post=31592"},{"taxonomy":"product_tag","embeddable":true,"href":"https:\/\/staging.nbg.eu\/cs\/wp-json\/wp\/v2\/product_tag?post=31592"}],"curies":[{"name":"wp","href":"https:\/\/api.w.org\/{rel}","templated":true}]}}