{"id":31419,"date":"2024-08-18T19:39:34","date_gmt":"2024-08-24T13:39:45","guid":{"rendered":"https:\/\/staging.nbg.eu\/product\/produkt-4\/"},"modified":"2024-09-05T11:53:53","modified_gmt":"2024-09-05T11:53:53","slug":"flex-pouzdro-nahradni-sada-bocnich-rozperek","status":"publish","type":"product","link":"https:\/\/staging.nbg.eu\/cs\/produkt\/flex-pouzdro-nahradni-sada-bocnich-rozperek\/","title":{"rendered":"Flex pouzdro &#8211; n\u00e1hradn\u00ed sada bo\u010dn\u00edch rozp\u011brek"},"content":{"rendered":"<div class=\"product-description\">\n<h2>Flex Holster &#8211; N\u00e1hradn\u00ed sada bo\u010dn\u00edch vymezova\u010d\u016f<\/h2>\n<p>Zvy\u0161te v\u0161estrannost va\u0161eho Flex Holsteru s touto n\u00e1hradn\u00ed sadou bo\u010dn\u00edch vymezova\u010d\u016f od Double Alpha Academy. Tyto precizn\u011b navr\u017een\u00e9 vymezova\u010de v\u00e1m umo\u017e\u0148uj\u00ed:<\/p>\n<ul>\n<li>Upravit \u0161\u00ed\u0159ku pouzdra pro r\u016fzn\u00e9 modely zbran\u00ed<\/li>\n<li>Jemn\u011b doladit tlak zadr\u017een\u00ed<\/li>\n<li>P\u0159izp\u016fsobit si tah p\u0159i tasen\u00ed<\/li>\n<\/ul>\n<p>Vyroben\u00e9 z odoln\u00e9ho polymeru, tyto vymezova\u010de zaji\u0161\u0165uj\u00ed dlouhotrvaj\u00edc\u00ed v\u00fdkon. Kompatibiln\u00ed se v\u0161emi modely Flex Holster jsou nezbytn\u00e9 pro sout\u011b\u017en\u00ed st\u0159elce a nad\u0161ence, kte\u0159\u00ed po\u017eaduj\u00ed maxim\u00e1ln\u00ed p\u0159izp\u016fsobitelnost sv\u00e9 v\u00fdbavy.<\/p>\n<p>Vylep\u0161ete sv\u016fj Flex Holster je\u0161t\u011b dnes pro optim\u00e1ln\u00ed v\u00fdkon a v\u0161estrannost!<\/p>\n<\/div>\n","protected":false},"excerpt":{"rendered":"<p>P\u0159\u00eddavn\u00e9 bo\u010dn\u00ed vlo\u017eky pro pouzdro Flex Holster. P\u0159izp\u016fsobte si usazen\u00ed a dr\u017een\u00ed.<\/p>\n","protected":false},"featured_media":29439,"template":"","meta":{"_acf_changed":false},"product_brand":[],"product_cat":[12663,12696,12701],"product_tag":[],"class_list":{"0":"post-31419","1":"product","2":"type-product","3":"status-publish","4":"has-post-thumbnail","6":"product_cat-pouzdro","7":"product_cat-prislusenstvi-k-pouzdru","8":"product_cat-sportovni-pouzdro","10":"first","11":"instock","12":"taxable","13":"shipping-taxable","14":"purchasable","15":"product-type-variable","16":"wvs-archive-product-wrapper"},"acf":[],"_links":{"self":[{"href":"https:\/\/staging.nbg.eu\/cs\/wp-json\/wp\/v2\/product\/31419","targetHints":{"allow":["GET"]}}],"collection":[{"href":"https:\/\/staging.nbg.eu\/cs\/wp-json\/wp\/v2\/product"}],"about":[{"href":"https:\/\/staging.nbg.eu\/cs\/wp-json\/wp\/v2\/types\/product"}],"wp:featuredmedia":[{"embeddable":true,"href":"https:\/\/staging.nbg.eu\/cs\/wp-json\/wp\/v2\/media\/29439"}],"wp:attachment":[{"href":"https:\/\/staging.nbg.eu\/cs\/wp-json\/wp\/v2\/media?parent=31419"}],"wp:term":[{"taxonomy":"product_brand","embeddable":true,"href":"https:\/\/staging.nbg.eu\/cs\/wp-json\/wp\/v2\/product_brand?post=31419"},{"taxonomy":"product_cat","embeddable":true,"href":"https:\/\/staging.nbg.eu\/cs\/wp-json\/wp\/v2\/product_cat?post=31419"},{"taxonomy":"product_tag","embeddable":true,"href":"https:\/\/staging.nbg.eu\/cs\/wp-json\/wp\/v2\/product_tag?post=31419"}],"curies":[{"name":"wp","href":"https:\/\/api.w.org\/{rel}","templated":true}]}}