{"id":30959,"date":"2024-08-18T19:55:34","date_gmt":"2024-08-24T13:23:11","guid":{"rendered":"https:\/\/staging.nbg.eu\/product\/produkt-3\/"},"modified":"2024-08-24T13:25:58","modified_gmt":"2024-08-24T13:25:58","slug":"sordin-supreme-pro-x-sluchatka","status":"publish","type":"product","link":"https:\/\/staging.nbg.eu\/cs\/produkt\/sordin-supreme-pro-x-sluchatka\/","title":{"rendered":"Sordin Supreme-Pro X sluch\u00e1tka"},"content":{"rendered":"<div class=\"product-description\">\n<h2>Ochrana sluchu Sordin Supreme-Pro X<\/h2>\n<p>Za\u017eijte vynikaj\u00edc\u00ed ochranu sluchu s modelem Sordin Supreme-Pro X. Tato pokro\u010dil\u00e1 sluch\u00e1tka nab\u00edzej\u00ed:<\/p>\n<ul>\n<li>Aktivn\u00ed potla\u010den\u00ed hluku pro optim\u00e1ln\u00ed bezpe\u010dnost<\/li>\n<li>Zes\u00edlen\u00ed okoln\u00edch zvuk\u016f pro situa\u010dn\u00ed pov\u011bdom\u00ed<\/li>\n<li>Vod\u011bodoln\u00fd design pro pou\u017eit\u00ed za ka\u017ed\u00e9ho po\u010das\u00ed<\/li>\n<li>Pohodln\u00e9, ergonomick\u00e9 uchycen\u00ed pro dlouhodob\u00e9 no\u0161en\u00ed<\/li>\n<li>Tenk\u00fd profil pro bezprobl\u00e9movou integraci s dal\u0161\u00edm vybaven\u00edm<\/li>\n<\/ul>\n<p>Ide\u00e1ln\u00ed pro st\u0159elbu, lov nebo pr\u016fmyslov\u00e9 aplikace, Supreme-Pro X poskytuje bezkonkuren\u010dn\u00ed ochranu sluchu bez kompromis\u016f v komunikaci nebo pov\u011bdom\u00ed o okol\u00ed. Chra\u0148te sv\u016fj sluch pomoc\u00ed \u0161pi\u010dkov\u00e9 technologie Sordin.<\/p>\n<\/div>\n","protected":false},"excerpt":{"rendered":"<p>Sordin Supreme-Pro X: \u0160pi\u010dkov\u00e1 ochrana sluchu s k\u0159i\u0161\u0165\u00e1lov\u011b \u010dist\u00fdm zvukem.<\/p>\n","protected":false},"featured_media":30267,"template":"","meta":{"_acf_changed":false},"product_brand":[],"product_cat":[12725,12671,12676],"product_tag":[],"class_list":{"0":"post-30959","1":"product","2":"type-product","3":"status-publish","4":"has-post-thumbnail","6":"product_cat-nezarazeno","7":"product_cat-sluchova-ochrana","8":"product_cat-vybaveni","10":"first","11":"instock","12":"taxable","13":"shipping-taxable","14":"purchasable","15":"product-type-variable","16":"wvs-archive-product-wrapper"},"acf":[],"_links":{"self":[{"href":"https:\/\/staging.nbg.eu\/cs\/wp-json\/wp\/v2\/product\/30959","targetHints":{"allow":["GET"]}}],"collection":[{"href":"https:\/\/staging.nbg.eu\/cs\/wp-json\/wp\/v2\/product"}],"about":[{"href":"https:\/\/staging.nbg.eu\/cs\/wp-json\/wp\/v2\/types\/product"}],"wp:featuredmedia":[{"embeddable":true,"href":"https:\/\/staging.nbg.eu\/cs\/wp-json\/wp\/v2\/media\/30267"}],"wp:attachment":[{"href":"https:\/\/staging.nbg.eu\/cs\/wp-json\/wp\/v2\/media?parent=30959"}],"wp:term":[{"taxonomy":"product_brand","embeddable":true,"href":"https:\/\/staging.nbg.eu\/cs\/wp-json\/wp\/v2\/product_brand?post=30959"},{"taxonomy":"product_cat","embeddable":true,"href":"https:\/\/staging.nbg.eu\/cs\/wp-json\/wp\/v2\/product_cat?post=30959"},{"taxonomy":"product_tag","embeddable":true,"href":"https:\/\/staging.nbg.eu\/cs\/wp-json\/wp\/v2\/product_tag?post=30959"}],"curies":[{"name":"wp","href":"https:\/\/api.w.org\/{rel}","templated":true}]}}