{"id":290558,"date":"2025-03-02T07:15:36","date_gmt":"2025-03-02T07:15:36","guid":{"rendered":"https:\/\/staging.nbg.eu\/prodcut\/two-vets-tripod-with-area-419-arcalock-dual-clamp-the-qdt-v2-ls-i\/"},"modified":"2025-03-27T10:49:16","modified_gmt":"2025-03-27T10:49:16","slug":"two-vets-stativ-s-area-419-arcalock-dual-clamp-the-qdt-v2-ls-i","status":"publish","type":"product","link":"https:\/\/staging.nbg.eu\/cs\/produkt\/two-vets-stativ-s-area-419-arcalock-dual-clamp-the-qdt-v2-ls-i\/","title":{"rendered":"Two Vets Stativ s Area 419 ARCALOCK Dual Clamp &#8211; The QDT V2 LS I"},"content":{"rendered":"<h2>Trojno\u017eka Two Vets s dvojitou svorkou Area 419 ARCALOCK &#8211; QDT V2 LS I<\/h2>\n<p>GripChanger je nov\u00fd dopln\u011bk k na\u0161emu sortimentu st\u0159eleck\u00fdch p\u0159\u00edslu\u0161enstv\u00ed. Tento kompaktn\u00ed, 0,45 kg v\u00e1\u017e\u00edc\u00ed vak je vhodn\u00fd pro rychlou \u00fapravu pozice a pou\u017eit\u00ed v mal\u00fdch otvorech. Jeho p\u0159ilnav\u00fd, hust\u011b pln\u011bn\u00fd design umo\u017e\u0148uje uchycen\u00ed na jak\u00e9mkoli povrchu, poskytuj\u00edc\u00ed stabiln\u00ed platformu.<\/p>\n<h2>Sada obsahuje:<\/h2>\n<ul>\n<li>1 Vak Area 419 GripChanger<\/li>\n<li>1 ARCALOCK svorka<\/li>\n<li>1 Area 419 Rail Changer rameno<\/li>\n<\/ul>\n<p><strong>Rozm\u011bry:<\/strong> 25,4 cm \u00d7 7,6 cm \u00d7 5,1 cm<br \/>\n<strong>V\u00fdrobce:<\/strong> Armageddon Gear<\/p>\n<p>GripChanger sada je v\u0161estrann\u00e1 a spolehliv\u00e1.<\/p>\n","protected":false},"excerpt":{"rendered":"<p>V\u0161estrann\u00fd stativ s dvojitou svorkou pro rychl\u00e9 a stabiln\u00ed pozice p\u0159i fotografov\u00e1n\u00ed.<\/p>\n","protected":false},"featured_media":233720,"template":"","meta":{"_acf_changed":false},"product_brand":[11032],"product_cat":[12702,12709],"product_tag":[],"class_list":{"0":"post-290558","1":"product","2":"type-product","3":"status-publish","4":"has-post-thumbnail","6":"product_brand-area-419","7":"product_cat-dvojnozky","8":"product_cat-puska","10":"first","11":"instock","12":"taxable","13":"shipping-taxable","14":"purchasable","15":"product-type-simple"},"acf":[],"_links":{"self":[{"href":"https:\/\/staging.nbg.eu\/cs\/wp-json\/wp\/v2\/product\/290558","targetHints":{"allow":["GET"]}}],"collection":[{"href":"https:\/\/staging.nbg.eu\/cs\/wp-json\/wp\/v2\/product"}],"about":[{"href":"https:\/\/staging.nbg.eu\/cs\/wp-json\/wp\/v2\/types\/product"}],"wp:featuredmedia":[{"embeddable":true,"href":"https:\/\/staging.nbg.eu\/cs\/wp-json\/wp\/v2\/media\/233720"}],"wp:attachment":[{"href":"https:\/\/staging.nbg.eu\/cs\/wp-json\/wp\/v2\/media?parent=290558"}],"wp:term":[{"taxonomy":"product_brand","embeddable":true,"href":"https:\/\/staging.nbg.eu\/cs\/wp-json\/wp\/v2\/product_brand?post=290558"},{"taxonomy":"product_cat","embeddable":true,"href":"https:\/\/staging.nbg.eu\/cs\/wp-json\/wp\/v2\/product_cat?post=290558"},{"taxonomy":"product_tag","embeddable":true,"href":"https:\/\/staging.nbg.eu\/cs\/wp-json\/wp\/v2\/product_tag?post=290558"}],"curies":[{"name":"wp","href":"https:\/\/api.w.org\/{rel}","templated":true}]}}