{"id":290449,"date":"2025-03-02T06:50:24","date_gmt":"2025-03-27T10:27:28","guid":{"rendered":"https:\/\/staging.nbg.eu\/prodcut\/area-419-railchanger-shmedium-from-armageddon-gear\/"},"modified":"2025-03-27T10:29:46","modified_gmt":"2025-03-27T10:29:46","slug":"area-419-railchanger-shmedium-od-armageddon-gear","status":"publish","type":"product","link":"https:\/\/staging.nbg.eu\/cs\/produkt\/area-419-railchanger-shmedium-od-armageddon-gear\/","title":{"rendered":"Area 419 &#8211; RailChanger Shmedium od Armageddon Gear"},"content":{"rendered":"<h2>Area 419 &#8211; RailChanger Shmedium<\/h2>\n<h2>od Armageddon Gear<\/h2>\n<p>RailChanger Shmedium je st\u0159eleck\u00fd vak pro p\u0159esnou st\u0159elbu. M\u00e1 optim\u00e1ln\u00ed velikost a hustou v\u00fdpl\u0148 pro pou\u017eit\u00ed na st\u0159elnici.<\/p>\n<ul>\n<li><strong>Konstrukce:<\/strong> Laserov\u011b \u0159ezan\u00e9 panely naho\u0159e a na boku pro p\u0159ipevn\u011bn\u00ed k RCX<\/li>\n<li><strong>Rozm\u011bry:<\/strong> 8 \u00d7 6 \u00d7 6 palc\u016f<\/li>\n<li><strong>Hmotnost:<\/strong> 7 liber<\/li>\n<li><strong>V\u00fdrobce:<\/strong> Armageddon Gear<\/li>\n<\/ul>\n<p>RailChanger Shmedium je vak pou\u017e\u00edvan\u00fd na st\u0159elnici. Kombinuje funk\u010dnost a design.<\/p>\n","protected":false},"excerpt":{"rendered":"<p>Kompaktn\u00ed, s hust\u00fdm pln\u011bn\u00edm GameChanger pro RCX. Perfektn\u00ed spole\u010dn\u00edk na st\u0159elnici.<\/p>\n","protected":false},"featured_media":233488,"template":"","meta":{"_acf_changed":false},"product_brand":[11032],"product_cat":[12709,390],"product_tag":[],"class_list":{"0":"post-290449","1":"product","2":"type-product","3":"status-publish","4":"has-post-thumbnail","6":"product_brand-area-419","7":"product_cat-puska","8":"product_cat-aiming","10":"first","11":"instock","12":"taxable","13":"shipping-taxable","14":"purchasable","15":"product-type-simple"},"acf":[],"_links":{"self":[{"href":"https:\/\/staging.nbg.eu\/cs\/wp-json\/wp\/v2\/product\/290449","targetHints":{"allow":["GET"]}}],"collection":[{"href":"https:\/\/staging.nbg.eu\/cs\/wp-json\/wp\/v2\/product"}],"about":[{"href":"https:\/\/staging.nbg.eu\/cs\/wp-json\/wp\/v2\/types\/product"}],"wp:featuredmedia":[{"embeddable":true,"href":"https:\/\/staging.nbg.eu\/cs\/wp-json\/wp\/v2\/media\/233488"}],"wp:attachment":[{"href":"https:\/\/staging.nbg.eu\/cs\/wp-json\/wp\/v2\/media?parent=290449"}],"wp:term":[{"taxonomy":"product_brand","embeddable":true,"href":"https:\/\/staging.nbg.eu\/cs\/wp-json\/wp\/v2\/product_brand?post=290449"},{"taxonomy":"product_cat","embeddable":true,"href":"https:\/\/staging.nbg.eu\/cs\/wp-json\/wp\/v2\/product_cat?post=290449"},{"taxonomy":"product_tag","embeddable":true,"href":"https:\/\/staging.nbg.eu\/cs\/wp-json\/wp\/v2\/product_tag?post=290449"}],"curies":[{"name":"wp","href":"https:\/\/api.w.org\/{rel}","templated":true}]}}