{"id":290312,"date":"2025-03-02T06:33:52","date_gmt":"2025-03-27T10:02:02","guid":{"rendered":"https:\/\/staging.nbg.eu\/prodcut\/area-419-railchanger-og-bag\/"},"modified":"2025-03-27T10:04:25","modified_gmt":"2025-03-27T10:04:25","slug":"area-419-railchanger-og-bag","status":"publish","type":"product","link":"https:\/\/staging.nbg.eu\/cs\/produkt\/area-419-railchanger-og-bag\/","title":{"rendered":"Area 419 &#8211; RailChanger OG Bag"},"content":{"rendered":"<h2>Area 419 &#8211; RailChanger OG ta\u0161ka<\/h2>\n<p>RailChanger OG od Armageddon Gear \u2013 dopln\u011bk pro v\u00e1\u0161 RCX syst\u00e9m. Tato pln\u00e1 velikost OG GameChanger m\u00e1 laserov\u011b vy\u0159ezan\u00e9 panely na vrchn\u00ed a bo\u010dn\u00ed stran\u011b pro integraci s va\u0161\u00edm RCX syst\u00e9mem.<\/p>\n<h2>Hlavn\u00ed vlastnosti:<\/h2>\n<ul>\n<li>Navr\u017eeno pro RCX syst\u00e9m<\/li>\n<li>Laserov\u011b vy\u0159ezan\u00e9 panely pro p\u0159ipevn\u011bn\u00ed<\/li>\n<li>Pln\u00e1 velikost OG GameChanger<\/li>\n<li>Odoln\u00e1 konstrukce<\/li>\n<\/ul>\n<h2>Specifikace:<\/h2>\n<ul>\n<li>Hmotnost: 3,18 kg<\/li>\n<li>Rozm\u011bry: 25,4 \u00d7 17,8 \u00d7 15,2 cm<\/li>\n<li>Dostupn\u00e9 barvy: \u010cern\u00e1, B\u00e9\u017eov\u00e1<\/li>\n<\/ul>\n<p>RailChanger OG \u2013 ta\u0161ka navr\u017een\u00e1 pro RCX syst\u00e9m.<\/p>\n","protected":false},"excerpt":{"rendered":"<p>P\u0159izp\u016fsoben\u00e1 ta\u0161ka GameChanger pro RCX: laserov\u011b \u0159ezan\u00e9 panely, pln\u00e1 velikost, v\u0161estrann\u00e1.<\/p>\n","protected":false},"featured_media":233463,"template":"","meta":{"_acf_changed":false},"product_brand":[11032],"product_cat":[12709],"product_tag":[],"class_list":{"0":"post-290312","1":"product","2":"type-product","3":"status-publish","4":"has-post-thumbnail","6":"product_brand-area-419","7":"product_cat-puska","9":"first","10":"outofstock","11":"taxable","12":"shipping-taxable","13":"purchasable","14":"product-type-variable","15":"wvs-archive-product-wrapper"},"acf":[],"_links":{"self":[{"href":"https:\/\/staging.nbg.eu\/cs\/wp-json\/wp\/v2\/product\/290312","targetHints":{"allow":["GET"]}}],"collection":[{"href":"https:\/\/staging.nbg.eu\/cs\/wp-json\/wp\/v2\/product"}],"about":[{"href":"https:\/\/staging.nbg.eu\/cs\/wp-json\/wp\/v2\/types\/product"}],"wp:featuredmedia":[{"embeddable":true,"href":"https:\/\/staging.nbg.eu\/cs\/wp-json\/wp\/v2\/media\/233463"}],"wp:attachment":[{"href":"https:\/\/staging.nbg.eu\/cs\/wp-json\/wp\/v2\/media?parent=290312"}],"wp:term":[{"taxonomy":"product_brand","embeddable":true,"href":"https:\/\/staging.nbg.eu\/cs\/wp-json\/wp\/v2\/product_brand?post=290312"},{"taxonomy":"product_cat","embeddable":true,"href":"https:\/\/staging.nbg.eu\/cs\/wp-json\/wp\/v2\/product_cat?post=290312"},{"taxonomy":"product_tag","embeddable":true,"href":"https:\/\/staging.nbg.eu\/cs\/wp-json\/wp\/v2\/product_tag?post=290312"}],"curies":[{"name":"wp","href":"https:\/\/api.w.org\/{rel}","templated":true}]}}