{"id":289875,"date":"2025-03-01T16:08:15","date_gmt":"2025-03-26T21:39:57","guid":{"rendered":"https:\/\/staging.nbg.eu\/prodcut\/area-419-arcalock-barricade-stop\/"},"modified":"2025-03-26T21:42:19","modified_gmt":"2025-03-26T21:42:19","slug":"area-419-arcalock-barikadova-zarazka","status":"publish","type":"product","link":"https:\/\/staging.nbg.eu\/cs\/produkt\/area-419-arcalock-barikadova-zarazka\/","title":{"rendered":"Area 419 &#8211; ARCALOCK Barik\u00e1dov\u00e1 Zar\u00e1\u017eka"},"content":{"rendered":"<h2>Area 419 &#8211; ARCALOCK Zar\u00e1\u017eka<\/h2>\n<p>Dopl\u0148te sv\u016fj syst\u00e9m ARCALOCK o tuto dodate\u010dnou zar\u00e1\u017eku, navr\u017eenou pro stabilitu a p\u0159esnost.<\/p>\n<h2>Hlavn\u00ed vlastnosti:<\/h2>\n<ul>\n<li>Kompatibiln\u00ed \u0161roubov\u00fd vzor s dvojno\u017ekou Atlas<\/li>\n<li>Variabiln\u00ed instalace: mezi svorku a dvojno\u017eku nebo samostatn\u011b<\/li>\n<li>P\u0159edn\u00ed zuby pro lep\u0161\u00ed uchycen\u00ed na p\u0159ek\u00e1\u017eku<\/li>\n<li>Vyrobeno z hlin\u00edku 6061-T6<\/li>\n<li>V\u00e1ha 0,23 kg<\/li>\n<li>Rozm\u011bry: 15,2 cm \u00d7 8,9 cm \u00d7 5,1 cm<\/li>\n<\/ul>\n<p><strong>Pozn\u00e1mka:<\/strong> Pouze zar\u00e1\u017eka; svorka a dvojno\u017eka nejsou sou\u010d\u00e1st\u00ed. Nen\u00ed kompatibiln\u00ed s dvojno\u017ekou Harris bez na\u0161eho n\u00e1stavce.<\/p>\n<p>Area 419 ARCALOCK zar\u00e1\u017eka \u2013 p\u0159\u00edslu\u0161enstv\u00ed pro stabilitu p\u0159i st\u0159elb\u011b.<\/p>\n","protected":false},"excerpt":{"rendered":"<p>Area 419 ARCALOCK Barricade Stop: Bezpe\u010dn\u00fd \u00fachop pro p\u0159esnou st\u0159elbu.<\/p>\n","protected":false},"featured_media":233033,"template":"","meta":{"_acf_changed":false},"product_brand":[11032],"product_cat":[12657,12680,12709,12658],"product_tag":[],"class_list":{"0":"post-289875","1":"product","2":"type-product","3":"status-publish","4":"has-post-thumbnail","6":"product_brand-area-419","7":"product_cat-listy","8":"product_cat-pazbicky-pro-pusky","9":"product_cat-puska","10":"product_cat-rifle-tuning","12":"first","13":"instock","14":"taxable","15":"shipping-taxable","16":"purchasable","17":"product-type-simple"},"acf":[],"_links":{"self":[{"href":"https:\/\/staging.nbg.eu\/cs\/wp-json\/wp\/v2\/product\/289875","targetHints":{"allow":["GET"]}}],"collection":[{"href":"https:\/\/staging.nbg.eu\/cs\/wp-json\/wp\/v2\/product"}],"about":[{"href":"https:\/\/staging.nbg.eu\/cs\/wp-json\/wp\/v2\/types\/product"}],"wp:featuredmedia":[{"embeddable":true,"href":"https:\/\/staging.nbg.eu\/cs\/wp-json\/wp\/v2\/media\/233033"}],"wp:attachment":[{"href":"https:\/\/staging.nbg.eu\/cs\/wp-json\/wp\/v2\/media?parent=289875"}],"wp:term":[{"taxonomy":"product_brand","embeddable":true,"href":"https:\/\/staging.nbg.eu\/cs\/wp-json\/wp\/v2\/product_brand?post=289875"},{"taxonomy":"product_cat","embeddable":true,"href":"https:\/\/staging.nbg.eu\/cs\/wp-json\/wp\/v2\/product_cat?post=289875"},{"taxonomy":"product_tag","embeddable":true,"href":"https:\/\/staging.nbg.eu\/cs\/wp-json\/wp\/v2\/product_tag?post=289875"}],"curies":[{"name":"wp","href":"https:\/\/api.w.org\/{rel}","templated":true}]}}