{"id":289071,"date":"2025-03-05T07:17:43","date_gmt":"2025-03-26T19:43:51","guid":{"rendered":"https:\/\/staging.nbg.eu\/prodcut\/magpul-ctr-carbine-stock-for-ar15-m4\/"},"modified":"2025-03-26T19:46:14","modified_gmt":"2025-03-26T19:46:14","slug":"magpul-ctr-karabinova-pazba-pro-ar15-m4","status":"publish","type":"product","link":"https:\/\/staging.nbg.eu\/cs\/produkt\/magpul-ctr-karabinova-pazba-pro-ar15-m4\/","title":{"rendered":"Magpul &#8211; CTR\u2122 Karabinov\u00e1 Pa\u017eba pro AR15 \/ M4"},"content":{"rendered":"<div class=\"product-description\">\n<h2>Magpul CTR\u2122 pa\u017eba pro karabiny AR15 \/ M4<\/h2>\n<p>Magpul CTR (Compact\/Type Restricted) \u2013 model Mil-Spec pro karabiny AR15 \/ M16. Tato n\u00e1hradn\u00ed pa\u017eba je ur\u010dena pro rychl\u00e9 akce a m\u00e1 n\u00e1sleduj\u00edc\u00ed vlastnosti:<\/p>\n<ul>\n<li>Profil A-r\u00e1mu pro zabr\u00e1n\u011bn\u00ed zachycen\u00ed<\/li>\n<li>Kryt\u00e1 uvol\u0148ovac\u00ed z\u00e1padka proti necht\u011bn\u00e9 aktivaci<\/li>\n<li>Dopl\u0148kov\u00fd t\u0159ec\u00ed z\u00e1mkov\u00fd syst\u00e9m pro zv\u00fd\u0161en\u00ed stability zbran\u011b<\/li>\n<li>Oboustrann\u00fd QD \u00fachyt pro popruh kompatibiln\u00ed s tla\u010d\u00edtkov\u00fdmi popruhov\u00fdmi z\u00e1v\u011bsy<\/li>\n<li>Gumov\u00e1 botka o tlou\u0161\u0165ce 0,3&#8243; pro oporu o rameno<\/li>\n<\/ul>\n<p>Kompatibiln\u00ed s trubkami prodlou\u017een\u00ed pa\u017eby velikosti Mil-Spec, tato pa\u017eba vyroben\u00e1 v USA nab\u00edz\u00ed rozsah nastaven\u00ed d\u00e9lky 3,3 palce. S maxim\u00e1ln\u00ed d\u00e9lkou 7,0 palc\u016f a hmotnost\u00ed 8,9 unc\u00ed poskytuje pa\u017eba CTR funk\u010dnost a pohodl\u00ed pro va\u0161i karabinu.<\/p>\n<p><strong>Pozn\u00e1mka:<\/strong> Kompatibiln\u00ed pouze s prodlou\u017een\u00edmi pa\u017eby Mil-Spec. P\u0159ed n\u00e1kupem se ujist\u011bte, \u017ee va\u0161e karabina m\u00e1 spr\u00e1vnou trubku.<\/p>\n<\/div>\n","protected":false},"excerpt":{"rendered":"<p>Kompaktn\u00ed pa\u017eba pro AR15\/M4. Aerodynamick\u00e1, stabiln\u00ed, s rychloup\u00ednac\u00edm \u00fachytem na popruh.<\/p>\n","protected":false},"featured_media":237488,"template":"","meta":{"_acf_changed":false},"product_brand":[11538],"product_cat":[12669,12709,12658],"product_tag":[],"class_list":{"0":"post-289071","1":"product","2":"type-product","3":"status-publish","4":"has-post-thumbnail","6":"product_brand-magpul","7":"product_cat-pazby","8":"product_cat-puska","9":"product_cat-rifle-tuning","11":"first","12":"instock","13":"taxable","14":"shipping-taxable","15":"purchasable","16":"product-type-simple"},"acf":[],"_links":{"self":[{"href":"https:\/\/staging.nbg.eu\/cs\/wp-json\/wp\/v2\/product\/289071","targetHints":{"allow":["GET"]}}],"collection":[{"href":"https:\/\/staging.nbg.eu\/cs\/wp-json\/wp\/v2\/product"}],"about":[{"href":"https:\/\/staging.nbg.eu\/cs\/wp-json\/wp\/v2\/types\/product"}],"wp:featuredmedia":[{"embeddable":true,"href":"https:\/\/staging.nbg.eu\/cs\/wp-json\/wp\/v2\/media\/237488"}],"wp:attachment":[{"href":"https:\/\/staging.nbg.eu\/cs\/wp-json\/wp\/v2\/media?parent=289071"}],"wp:term":[{"taxonomy":"product_brand","embeddable":true,"href":"https:\/\/staging.nbg.eu\/cs\/wp-json\/wp\/v2\/product_brand?post=289071"},{"taxonomy":"product_cat","embeddable":true,"href":"https:\/\/staging.nbg.eu\/cs\/wp-json\/wp\/v2\/product_cat?post=289071"},{"taxonomy":"product_tag","embeddable":true,"href":"https:\/\/staging.nbg.eu\/cs\/wp-json\/wp\/v2\/product_tag?post=289071"}],"curies":[{"name":"wp","href":"https:\/\/api.w.org\/{rel}","templated":true}]}}