{"id":288829,"date":"2025-03-05T10:45:22","date_gmt":"2025-03-05T10:45:22","guid":{"rendered":"https:\/\/staging.nbg.eu\/prodcut\/magpul-pmag-ar-m4-gen-m3-10rds\/"},"modified":"2025-03-26T19:09:43","modified_gmt":"2025-03-26T19:09:43","slug":"magpul-pmag-arm4-gen-m3","status":"publish","type":"product","link":"https:\/\/staging.nbg.eu\/cs\/produkt\/magpul-pmag-arm4-gen-m3\/","title":{"rendered":"Magpul &#8211; PMAG\u00ae AR\/M4 GEN M3\u2122"},"content":{"rendered":"<h2>Magpul &#8211; PMAG\u00ae AR\/M4 GEN M3\u2122<\/h2>\n<p>PMAG 10 GEN M3 je 10rann\u00fd polymerov\u00fd z\u00e1sobn\u00edk pro zbran\u011b kompatibiln\u00ed s AR15\/M4. Tento z\u00e1sobn\u00edk nab\u00edz\u00ed:<\/p>\n<ul>\n<li>Zv\u00fd\u0161enou pevnost a odolnost d\u00edky pokro\u010dil\u00e9 polymerov\u00e9 konstrukci<\/li>\n<li>Kompatibilitu s r\u016fzn\u00fdmi platformami, v\u010detn\u011b HK\u00ae 416 a FN\u00ae SCAR\u2122 MK 16\/16S<\/li>\n<li>Spolehliv\u00e9 pod\u00e1v\u00e1n\u00ed s antin\u00e1klonn\u00fdm podava\u010dem<\/li>\n<li>Snadnou demont\u00e1\u017e a lep\u0161\u00ed ochranu proti p\u00e1du d\u00edky roz\u0161\u00ed\u0159en\u00e9 podstav\u011b<\/li>\n<li>Plynul\u00fd provoz d\u00edky vnit\u0159n\u00ed geometrii s konstantn\u00ed k\u0159ivkou<\/li>\n<li>Lep\u0161\u00ed \u00fachop d\u00edky \u017eebrovan\u00e9mu povrchu a textu\u0159e<\/li>\n<\/ul>\n<p>PMAG 10 GEN M3 je vyroben v USA a je vhodn\u00fd pro st\u0159elbu vle\u017ee a taktick\u00e9 pou\u017eit\u00ed.<\/p>\n","protected":false},"excerpt":{"rendered":"<p>Odoln\u00fd 10rann\u00fd z\u00e1sobn\u00edk pro AR15\/M4 s vylep\u0161en\u00fdmi funkcemi a kompatibilitou.<\/p>\n","protected":false},"featured_media":239083,"template":"","meta":{"_acf_changed":false},"product_brand":[11538],"product_cat":[12709,12692],"product_tag":[],"class_list":{"0":"post-288829","1":"product","2":"type-product","3":"status-publish","4":"has-post-thumbnail","6":"product_brand-magpul","7":"product_cat-puska","8":"product_cat-zasobniky-do-pusek","10":"first","11":"instock","12":"taxable","13":"shipping-taxable","14":"product-type-variable","15":"wvs-archive-product-wrapper"},"acf":[],"_links":{"self":[{"href":"https:\/\/staging.nbg.eu\/cs\/wp-json\/wp\/v2\/product\/288829","targetHints":{"allow":["GET"]}}],"collection":[{"href":"https:\/\/staging.nbg.eu\/cs\/wp-json\/wp\/v2\/product"}],"about":[{"href":"https:\/\/staging.nbg.eu\/cs\/wp-json\/wp\/v2\/types\/product"}],"wp:featuredmedia":[{"embeddable":true,"href":"https:\/\/staging.nbg.eu\/cs\/wp-json\/wp\/v2\/media\/239083"}],"wp:attachment":[{"href":"https:\/\/staging.nbg.eu\/cs\/wp-json\/wp\/v2\/media?parent=288829"}],"wp:term":[{"taxonomy":"product_brand","embeddable":true,"href":"https:\/\/staging.nbg.eu\/cs\/wp-json\/wp\/v2\/product_brand?post=288829"},{"taxonomy":"product_cat","embeddable":true,"href":"https:\/\/staging.nbg.eu\/cs\/wp-json\/wp\/v2\/product_cat?post=288829"},{"taxonomy":"product_tag","embeddable":true,"href":"https:\/\/staging.nbg.eu\/cs\/wp-json\/wp\/v2\/product_tag?post=288829"}],"curies":[{"name":"wp","href":"https:\/\/api.w.org\/{rel}","templated":true}]}}