{"id":288669,"date":"2025-03-05T08:15:00","date_gmt":"2025-03-26T18:10:36","guid":{"rendered":"https:\/\/staging.nbg.eu\/prodcut\/magpul-prs-lite-precision-adjustable-stock\/"},"modified":"2025-03-26T18:13:08","modified_gmt":"2025-03-26T18:13:08","slug":"magpul-prs-lite-presna-nastavitelna-pazba","status":"publish","type":"product","link":"https:\/\/staging.nbg.eu\/cs\/produkt\/magpul-prs-lite-presna-nastavitelna-pazba\/","title":{"rendered":"Magpul &#8211; PRS Lite P\u0159esn\u00e1 Nastaviteln\u00e1 Pa\u017eba"},"content":{"rendered":"<div class=\"product-description\">\n<h2>Magpul PRS Lite nastaviteln\u00e1 pa\u017eba<\/h2>\n<p>Magpul PRS Lite nab\u00edz\u00ed nastavitelnost v lehk\u00e9m proveden\u00ed s hmotnost\u00ed 530 g. Kompatibiln\u00ed s Mil-Spec USGI skl\u00e1dac\u00edmi\/SR25\/A5 trubkami pro pu\u0161ky s l\u016f\u017ekem .223 a .308.<\/p>\n<h3>Hlavn\u00ed vlastnosti:<\/h3>\n<ul>\n<li>Konstrukce z lehk\u00e9ho polymeru a kovu<\/li>\n<li>Nastaviteln\u00e1 v\u00fd\u0161ka h\u0159ebene (0-20,3 mm po 2,5 mm)<\/li>\n<li>Nastaviteln\u00e1 d\u00e9lka pa\u017eby (351,8-387,4 mm po 3,6 mm)<\/li>\n<li>V\u00fd\u0161kov\u011b a \u00fahlov\u011b nastaviteln\u00e1 protiskluzov\u00e1 gumov\u00e1 botka<\/li>\n<li>V\u00edce mo\u017enost\u00ed pro upevn\u011bn\u00ed \u0159emenu<\/li>\n<\/ul>\n<p>PRS Lite je navr\u017eena podle vojensk\u00fdch standard\u016f. Pa\u017eba m\u00e1 n\u00edzkou gumovou botku pro stabilitu a r\u016fzn\u00e9 mo\u017enosti upevn\u011bn\u00ed \u0159emenu pro v\u0161estrannost.<\/p>\n<p><strong>Vyrobeno v USA<\/strong><\/p>\n<\/div>\n","protected":false},"excerpt":{"rendered":"<p>Lehk\u00e1, nastaviteln\u00e1 AR pa\u017eba. P\u0159esn\u00e9 ovl\u00e1d\u00e1n\u00ed h\u0159ebene a d\u00e9lky pa\u017eby.<\/p>\n","protected":false},"featured_media":238448,"template":"","meta":{"_acf_changed":false},"product_brand":[11538],"product_cat":[12669,12709,12658],"product_tag":[],"class_list":{"0":"post-288669","1":"product","2":"type-product","3":"status-publish","4":"has-post-thumbnail","6":"product_brand-magpul","7":"product_cat-pazby","8":"product_cat-puska","9":"product_cat-rifle-tuning","11":"first","12":"instock","13":"taxable","14":"shipping-taxable","15":"purchasable","16":"product-type-variable","17":"wvs-archive-product-wrapper"},"acf":[],"_links":{"self":[{"href":"https:\/\/staging.nbg.eu\/cs\/wp-json\/wp\/v2\/product\/288669","targetHints":{"allow":["GET"]}}],"collection":[{"href":"https:\/\/staging.nbg.eu\/cs\/wp-json\/wp\/v2\/product"}],"about":[{"href":"https:\/\/staging.nbg.eu\/cs\/wp-json\/wp\/v2\/types\/product"}],"wp:featuredmedia":[{"embeddable":true,"href":"https:\/\/staging.nbg.eu\/cs\/wp-json\/wp\/v2\/media\/238448"}],"wp:attachment":[{"href":"https:\/\/staging.nbg.eu\/cs\/wp-json\/wp\/v2\/media?parent=288669"}],"wp:term":[{"taxonomy":"product_brand","embeddable":true,"href":"https:\/\/staging.nbg.eu\/cs\/wp-json\/wp\/v2\/product_brand?post=288669"},{"taxonomy":"product_cat","embeddable":true,"href":"https:\/\/staging.nbg.eu\/cs\/wp-json\/wp\/v2\/product_cat?post=288669"},{"taxonomy":"product_tag","embeddable":true,"href":"https:\/\/staging.nbg.eu\/cs\/wp-json\/wp\/v2\/product_tag?post=288669"}],"curies":[{"name":"wp","href":"https:\/\/api.w.org\/{rel}","templated":true}]}}