{"id":288533,"date":"2025-03-05T08:00:39","date_gmt":"2025-03-26T17:58:55","guid":{"rendered":"https:\/\/staging.nbg.eu\/prodcut\/magpul-prs-gen3-precision-adjustable-stock\/"},"modified":"2025-03-26T18:01:23","modified_gmt":"2025-03-26T18:01:23","slug":"magpul-prs-gen3-presna-nastavitelna-pazba","status":"publish","type":"product","link":"https:\/\/staging.nbg.eu\/cs\/produkt\/magpul-prs-gen3-presna-nastavitelna-pazba\/","title":{"rendered":"Magpul &#8211; PRS\u00ae GEN3 P\u0159esn\u00e1 Nastaviteln\u00e1 Pa\u017eba"},"content":{"rendered":"<div class=\"product-description\">\n<h2>Magpul &#8211; PRS\u00ae GEN3 Nastaviteln\u00e1 pa\u017eba<\/h2>\n<p>PRS GEN3 je pa\u017eba pro platformy AR15\/M16 a AR10\/SR25, nab\u00edzej\u00edc\u00ed nastaven\u00ed d\u00e9lky a v\u00fd\u0161ky l\u00edcnice bez n\u00e1stroj\u016f. Je ur\u010dena pro poloautomatick\u00e9 odst\u0159elovac\u00ed nebo loveck\u00e9 pu\u0161ky a poskytuje stabiln\u00ed rozhran\u00ed a t\u00e9m\u011b\u0159 univerz\u00e1ln\u00ed kompatibilitu.<\/p>\n<ul>\n<li>Optimalizov\u00e1no pro pu\u0161kov\u00e9 prodlou\u017een\u00ed z\u00e1v\u011bru<\/li>\n<li>Kompatibiln\u00ed s mnoha trubicemi Mil-Spec Carbine a A5<\/li>\n<li>Nastaviteln\u00e1 gumov\u00e1 botka pa\u017eby<\/li>\n<li>Oto\u010dn\u011b omezen\u00e9 QD \u00fachyty pro \u0159emen<\/li>\n<li>M-LOK\u00ae sloty pro mont\u00e1\u017e zadn\u00ed jednono\u017eky<\/li>\n<li>Vyrobeno v USA<\/li>\n<\/ul>\n<p>PRS GEN3 m\u00e1 hlin\u00edkov\u00e9 nastavovac\u00ed knofl\u00edky, ocelov\u00e9 h\u0159\u00eddele s Melonite\u00ae povrchovou \u00fapravou a n\u011bkolik mo\u017enost\u00ed uchycen\u00ed \u0159emenu pro odolnost a v\u0161estrannost v ter\u00e9nu.<\/p>\n<\/div>\n","protected":false},"excerpt":{"rendered":"<p>P\u0159esn\u00e1 AR pa\u017eba s nastaven\u00edm d\u00e9lky a v\u00fd\u0161ky l\u00edcnice bez pou\u017eit\u00ed n\u00e1stroj\u016f.<\/p>\n","protected":false},"featured_media":238353,"template":"","meta":{"_acf_changed":false},"product_brand":[11538],"product_cat":[12669,12709,12658],"product_tag":[],"class_list":{"0":"post-288533","1":"product","2":"type-product","3":"status-publish","4":"has-post-thumbnail","6":"product_brand-magpul","7":"product_cat-pazby","8":"product_cat-puska","9":"product_cat-rifle-tuning","11":"first","12":"instock","13":"taxable","14":"shipping-taxable","15":"purchasable","16":"product-type-variable","17":"wvs-archive-product-wrapper"},"acf":[],"_links":{"self":[{"href":"https:\/\/staging.nbg.eu\/cs\/wp-json\/wp\/v2\/product\/288533","targetHints":{"allow":["GET"]}}],"collection":[{"href":"https:\/\/staging.nbg.eu\/cs\/wp-json\/wp\/v2\/product"}],"about":[{"href":"https:\/\/staging.nbg.eu\/cs\/wp-json\/wp\/v2\/types\/product"}],"wp:featuredmedia":[{"embeddable":true,"href":"https:\/\/staging.nbg.eu\/cs\/wp-json\/wp\/v2\/media\/238353"}],"wp:attachment":[{"href":"https:\/\/staging.nbg.eu\/cs\/wp-json\/wp\/v2\/media?parent=288533"}],"wp:term":[{"taxonomy":"product_brand","embeddable":true,"href":"https:\/\/staging.nbg.eu\/cs\/wp-json\/wp\/v2\/product_brand?post=288533"},{"taxonomy":"product_cat","embeddable":true,"href":"https:\/\/staging.nbg.eu\/cs\/wp-json\/wp\/v2\/product_cat?post=288533"},{"taxonomy":"product_tag","embeddable":true,"href":"https:\/\/staging.nbg.eu\/cs\/wp-json\/wp\/v2\/product_tag?post=288533"}],"curies":[{"name":"wp","href":"https:\/\/api.w.org\/{rel}","templated":true}]}}