{"id":288397,"date":"2025-03-06T10:37:19","date_gmt":"2025-03-26T17:46:09","guid":{"rendered":"https:\/\/staging.nbg.eu\/prodcut\/ftcs-custom-ak-mod-9-handguard-m-lok-forward-curved\/"},"modified":"2025-03-26T17:48:45","modified_gmt":"2025-03-26T17:48:45","slug":"ftcs-custom-ak-mod-9-predpazbi-m-lok-dopredu-zakrivene","status":"publish","type":"product","link":"https:\/\/staging.nbg.eu\/cs\/produkt\/ftcs-custom-ak-mod-9-predpazbi-m-lok-dopredu-zakrivene\/","title":{"rendered":"FTCS &#8211; Custom AK Mod 9 P\u0159edpa\u017eb\u00ed &#8211; M-LOK &#8211; Dop\u0159edu Zak\u0159iven\u00e9"},"content":{"rendered":"<h2>FTCS &#8211; Vlastn\u00ed AK Mod 9 P\u0159edpa\u017eb\u00ed &#8211; M-LOK &#8211; Dop\u0159edu zak\u0159iven\u00e9<\/h2>\n<p>Vlastn\u00ed AK Mod 9 p\u0159edpa\u017eb\u00ed pro AKM karabinu. Toto dop\u0159edu zak\u0159iven\u00e9 d\u0159ev\u011bn\u00e9 p\u0159edpa\u017eb\u00ed kombinuje klasick\u00fd vzhled s modern\u00ed funkcionalitou a obsahuje hlin\u00edkov\u00e9 M-LOK li\u0161ty pro mont\u00e1\u017e p\u0159\u00edslu\u0161enstv\u00ed.<\/p>\n<ul>\n<li>Dop\u0159edu zak\u0159iven\u00e9 pro lep\u0161\u00ed ovl\u00e1d\u00e1n\u00ed<\/li>\n<li>Lehk\u00e1 d\u0159ev\u011bn\u00e1 konstrukce<\/li>\n<li>M-LOK li\u0161ty pro snadn\u00e9 p\u0159ipevn\u011bn\u00ed p\u0159\u00edslu\u0161enstv\u00ed<\/li>\n<li>Kompatibiln\u00ed s AKM\/AKMS\/AKMN (m\u016f\u017ee vy\u017eadovat \u00fapravu)<\/li>\n<li>Grafitov\u011b \u010dern\u00e1 H-146 Cerakote povrchov\u00e1 \u00faprava<\/li>\n<li>Rozm\u011bry: 160 x 120 x 35 mm<\/li>\n<li>Hmotnost: 180 g<\/li>\n<\/ul>\n<p>Vlastn\u00ed AK Mod 9 p\u0159edpa\u017eb\u00ed kombinuje tradici a inovaci. Nab\u00edz\u00ed zlep\u0161enou ergonomii a mo\u017enosti p\u0159izp\u016fsoben\u00ed p\u0159i zachov\u00e1n\u00ed klasick\u00e9ho vzhledu zbran\u011b.<\/p>\n","protected":false},"excerpt":{"rendered":"<p>D\u0159ev\u011bn\u00e9 p\u0159edpa\u017eb\u00ed pro AK s M-LOK li\u0161tami a dop\u0159edu zak\u0159ivenou rukojet\u00ed.<\/p>\n","protected":false},"featured_media":241314,"template":"","meta":{"_acf_changed":false},"product_brand":[11310],"product_cat":[12643,12680,12709,12658],"product_tag":[],"class_list":{"0":"post-288397","1":"product","2":"type-product","3":"status-publish","4":"has-post-thumbnail","6":"product_brand-ftcs","7":"product_cat-ak-tuning","8":"product_cat-pazbicky-pro-pusky","9":"product_cat-puska","10":"product_cat-rifle-tuning","12":"first","13":"instock","14":"taxable","15":"shipping-taxable","16":"purchasable","17":"product-type-simple"},"acf":[],"_links":{"self":[{"href":"https:\/\/staging.nbg.eu\/cs\/wp-json\/wp\/v2\/product\/288397","targetHints":{"allow":["GET"]}}],"collection":[{"href":"https:\/\/staging.nbg.eu\/cs\/wp-json\/wp\/v2\/product"}],"about":[{"href":"https:\/\/staging.nbg.eu\/cs\/wp-json\/wp\/v2\/types\/product"}],"wp:featuredmedia":[{"embeddable":true,"href":"https:\/\/staging.nbg.eu\/cs\/wp-json\/wp\/v2\/media\/241314"}],"wp:attachment":[{"href":"https:\/\/staging.nbg.eu\/cs\/wp-json\/wp\/v2\/media?parent=288397"}],"wp:term":[{"taxonomy":"product_brand","embeddable":true,"href":"https:\/\/staging.nbg.eu\/cs\/wp-json\/wp\/v2\/product_brand?post=288397"},{"taxonomy":"product_cat","embeddable":true,"href":"https:\/\/staging.nbg.eu\/cs\/wp-json\/wp\/v2\/product_cat?post=288397"},{"taxonomy":"product_tag","embeddable":true,"href":"https:\/\/staging.nbg.eu\/cs\/wp-json\/wp\/v2\/product_tag?post=288397"}],"curies":[{"name":"wp","href":"https:\/\/api.w.org\/{rel}","templated":true}]}}