{"id":287631,"date":"2025-03-05T11:33:07","date_gmt":"2025-03-05T11:33:07","guid":{"rendered":"https:\/\/staging.nbg.eu\/prodcut\/clawgear-ak47-medium-slick-handguard-m-lok\/"},"modified":"2025-03-26T12:48:12","modified_gmt":"2025-03-26T12:48:12","slug":"clawgear-ak47-stredni-hladke-predpazbi-m-lok","status":"publish","type":"product","link":"https:\/\/staging.nbg.eu\/cs\/produkt\/clawgear-ak47-stredni-hladke-predpazbi-m-lok\/","title":{"rendered":"Clawgear AK47 St\u0159edn\u00ed Hladk\u00e9 P\u0159edpa\u017eb\u00ed M-LOK"},"content":{"rendered":"<div class=\"product-description\">\n<h2>Clawgear AK47 st\u0159edn\u00ed p\u0159edpa\u017eb\u00ed M-LOK<\/h2>\n<p>P\u0159edpa\u017eb\u00ed pro AK47 od Clawgear. M\u00e1 matn\u00fd \u010dern\u00fd povrch pro sn\u00ed\u017een\u00ed odlesk\u016f. Syst\u00e9m M-LOK umo\u017e\u0148uje p\u0159ipojen\u00ed p\u0159\u00edslu\u0161enstv\u00ed. Obsahuje bod pro p\u0159ipojen\u00ed popruhu QD.<\/p>\n<ul>\n<li>Kompatibiln\u00ed s lisovan\u00fdmi a fr\u00e9zovan\u00fdmi receivery<\/li>\n<li>Vyrobeno z hlin\u00edku 6061<\/li>\n<li>Povrchov\u00e1 \u00faprava anodizac\u00ed typu III dle MIL-SPEC<\/li>\n<li>Hmotnost: 0,15 kg<\/li>\n<li>Rozm\u011bry: 26,2 cm (D) x 4,3 cm (\u0160) x 4,3 cm (V)<\/li>\n<\/ul>\n<p>P\u0159edpa\u017eb\u00ed pro zlep\u0161en\u00ed funk\u010dnosti a vzhledu AK47.<\/p>\n<\/div>\n","protected":false},"excerpt":{"rendered":"<p>Lehk\u00fd M-LOK p\u0159edpa\u017eb\u00ed pro AK47 s rychloup\u00ednac\u00edm bodem pro popruh a matnou povrchovou \u00fapravou.<\/p>\n","protected":false},"featured_media":239640,"template":"","meta":{"_acf_changed":false},"product_brand":[11218],"product_cat":[12643,12657,12709,12658],"product_tag":[],"class_list":{"0":"post-287631","1":"product","2":"type-product","3":"status-publish","4":"has-post-thumbnail","6":"product_brand-clawgear","7":"product_cat-ak-tuning","8":"product_cat-listy","9":"product_cat-puska","10":"product_cat-rifle-tuning","12":"first","13":"instock","14":"taxable","15":"shipping-taxable","16":"purchasable","17":"product-type-simple"},"acf":[],"_links":{"self":[{"href":"https:\/\/staging.nbg.eu\/cs\/wp-json\/wp\/v2\/product\/287631","targetHints":{"allow":["GET"]}}],"collection":[{"href":"https:\/\/staging.nbg.eu\/cs\/wp-json\/wp\/v2\/product"}],"about":[{"href":"https:\/\/staging.nbg.eu\/cs\/wp-json\/wp\/v2\/types\/product"}],"wp:featuredmedia":[{"embeddable":true,"href":"https:\/\/staging.nbg.eu\/cs\/wp-json\/wp\/v2\/media\/239640"}],"wp:attachment":[{"href":"https:\/\/staging.nbg.eu\/cs\/wp-json\/wp\/v2\/media?parent=287631"}],"wp:term":[{"taxonomy":"product_brand","embeddable":true,"href":"https:\/\/staging.nbg.eu\/cs\/wp-json\/wp\/v2\/product_brand?post=287631"},{"taxonomy":"product_cat","embeddable":true,"href":"https:\/\/staging.nbg.eu\/cs\/wp-json\/wp\/v2\/product_cat?post=287631"},{"taxonomy":"product_tag","embeddable":true,"href":"https:\/\/staging.nbg.eu\/cs\/wp-json\/wp\/v2\/product_tag?post=287631"}],"curies":[{"name":"wp","href":"https:\/\/api.w.org\/{rel}","templated":true}]}}