{"id":285330,"date":"2025-03-04T19:02:48","date_gmt":"2025-03-25T14:26:57","guid":{"rendered":"https:\/\/staging.nbg.eu\/product\/magpul-ctr-moe-cheek-riser-0-75\/"},"modified":"2025-03-25T14:29:24","modified_gmt":"2025-03-25T14:29:24","slug":"magpul-ctr-moe-naslapka-licnice-075","status":"publish","type":"product","link":"https:\/\/staging.nbg.eu\/cs\/produkt\/magpul-ctr-moe-naslapka-licnice-075\/","title":{"rendered":"Magpul &#8211; CTR \/ MOE n\u00e1\u0161l\u00e1pka l\u00edcnice &#8211; 0.75&#8243;"},"content":{"rendered":"<div class=\"product-description\">\n<h2>Magpul &#8211; CTR \/ MOE L\u00edcnice &#8211; 0,75&#8243;<\/h2>\n<p>Magpul CTR \/ MOE L\u00edcnice je p\u0159\u00edslu\u0161enstv\u00ed, kter\u00e9 zvy\u0161uje op\u011brku l\u00edce o 19 mm pro lep\u0161\u00ed pohodl\u00ed a zam\u011b\u0159en\u00ed u r\u016fzn\u00fdch st\u0159eln\u00fdch zbran\u00ed.<\/p>\n<ul>\n<li>Kompatibiln\u00ed s pa\u017ebami CTR, MOE\u00ae, DT a PR Carbine<\/li>\n<li>Vhodn\u00e9 pro jin\u00e9 ne\u017e AR15\/M4 sestavy, nap\u0159\u00edklad konverze pa\u017eeb M14<\/li>\n<li>Snadn\u00e1 instalace nacvaknut\u00edm<\/li>\n<li>Vyrobeno v USA<\/li>\n<li>NSN: MAG327-BLK 1005-01-591-6041<\/li>\n<\/ul>\n<p><strong>Pozn\u00e1mka:<\/strong> M\u016f\u017ee naru\u0161ovat funkci nab\u00edjec\u00ed p\u00e1ky u platforem AR15\/M4, pokud nen\u00ed pa\u017eba pln\u011b vysunut\u00e1.<\/p>\n<\/div>\n","protected":false},"excerpt":{"rendered":"<p>\u201eP\u0159\u00eddavn\u00fd 1,9cm l\u00edcn\u00ed n\u00e1stavec pro zv\u00fd\u0161en\u00ed pohodl\u00ed a p\u0159esnosti.&#8220;<\/p>\n","protected":false},"featured_media":237144,"template":"","meta":{"_acf_changed":false},"product_brand":[11538],"product_cat":[12669,12709,12658],"product_tag":[],"class_list":{"0":"post-285330","1":"product","2":"type-product","3":"status-publish","4":"has-post-thumbnail","6":"product_brand-magpul","7":"product_cat-pazby","8":"product_cat-puska","9":"product_cat-rifle-tuning","11":"first","12":"instock","13":"taxable","14":"shipping-taxable","15":"purchasable","16":"product-type-variable","17":"wvs-archive-product-wrapper"},"acf":[],"_links":{"self":[{"href":"https:\/\/staging.nbg.eu\/cs\/wp-json\/wp\/v2\/product\/285330","targetHints":{"allow":["GET"]}}],"collection":[{"href":"https:\/\/staging.nbg.eu\/cs\/wp-json\/wp\/v2\/product"}],"about":[{"href":"https:\/\/staging.nbg.eu\/cs\/wp-json\/wp\/v2\/types\/product"}],"wp:featuredmedia":[{"embeddable":true,"href":"https:\/\/staging.nbg.eu\/cs\/wp-json\/wp\/v2\/media\/237144"}],"wp:attachment":[{"href":"https:\/\/staging.nbg.eu\/cs\/wp-json\/wp\/v2\/media?parent=285330"}],"wp:term":[{"taxonomy":"product_brand","embeddable":true,"href":"https:\/\/staging.nbg.eu\/cs\/wp-json\/wp\/v2\/product_brand?post=285330"},{"taxonomy":"product_cat","embeddable":true,"href":"https:\/\/staging.nbg.eu\/cs\/wp-json\/wp\/v2\/product_cat?post=285330"},{"taxonomy":"product_tag","embeddable":true,"href":"https:\/\/staging.nbg.eu\/cs\/wp-json\/wp\/v2\/product_tag?post=285330"}],"curies":[{"name":"wp","href":"https:\/\/api.w.org\/{rel}","templated":true}]}}