{"id":285280,"date":"2025-03-04T19:02:27","date_gmt":"2025-03-25T14:26:28","guid":{"rendered":"https:\/\/staging.nbg.eu\/product\/magpul-ctr-moe-cheek-riser-0-5\/"},"modified":"2025-03-25T14:28:55","modified_gmt":"2025-03-25T14:28:55","slug":"magpul-ctr-moe-naslapka-licnice-05","status":"publish","type":"product","link":"https:\/\/staging.nbg.eu\/cs\/produkt\/magpul-ctr-moe-naslapka-licnice-05\/","title":{"rendered":"Magpul &#8211; CTR \/ MOE n\u00e1\u0161l\u00e1pka l\u00edcnice &#8211; 0.5&#8243;"},"content":{"rendered":"<div class=\"product-description\">\n<h2>Magpul &#8211; CTR \/ MOE L\u00edcnicov\u00e1 podlo\u017eka &#8211; 0,5&#8243;<\/h2>\n<p>Magpul CTR \/ MOE l\u00edcnicov\u00e1 podlo\u017eka. Tento p\u0159\u00eddavn\u00fd dopln\u011bk je ur\u010den pro CTR, MOE\u00ae, DT a PR pa\u017eby karabin.<\/p>\n<ul>\n<li>Zvy\u0161uje oporu l\u00edce o 1\/2 palce<\/li>\n<li>Vhodn\u00e9 pro jin\u00e9 aplikace ne\u017e AR15\/M4<\/li>\n<li>Vhodn\u00e9 pro konverze pa\u017eeb karabin M14<\/li>\n<li>Vyrobeno v USA<\/li>\n<li>NSN: MAG326-BLK 1005-01-591-6035<\/li>\n<\/ul>\n<p><strong>Pozn\u00e1mka:<\/strong> M\u016f\u017ee omezovat funkci nab\u00edjec\u00ed p\u00e1ky na platform\u00e1ch AR15\/M4, pokud nen\u00ed pa\u017eba pln\u011b vysunuta.<\/p>\n<p>L\u00edcnicov\u00e1 podlo\u017eka od spole\u010dnosti Magpul, v\u00fdrobce p\u0159\u00edslu\u0161enstv\u00ed pro st\u0159eln\u00e9 zbran\u011b.<\/p>\n<\/div>\n","protected":false},"excerpt":{"rendered":"<p>Nasazovac\u00ed l\u00edcnice pro pa\u017eby jin\u00e9 ne\u017e AR15\/M4. Zvy\u0161uje zal\u00edcen\u00ed o 12,7 mm.<\/p>\n","protected":false},"featured_media":237028,"template":"","meta":{"_acf_changed":false},"product_brand":[11538],"product_cat":[12669,12709,12658],"product_tag":[],"class_list":{"0":"post-285280","1":"product","2":"type-product","3":"status-publish","4":"has-post-thumbnail","6":"product_brand-magpul","7":"product_cat-pazby","8":"product_cat-puska","9":"product_cat-rifle-tuning","11":"first","12":"instock","13":"taxable","14":"shipping-taxable","15":"purchasable","16":"product-type-variable","17":"wvs-archive-product-wrapper"},"acf":[],"_links":{"self":[{"href":"https:\/\/staging.nbg.eu\/cs\/wp-json\/wp\/v2\/product\/285280","targetHints":{"allow":["GET"]}}],"collection":[{"href":"https:\/\/staging.nbg.eu\/cs\/wp-json\/wp\/v2\/product"}],"about":[{"href":"https:\/\/staging.nbg.eu\/cs\/wp-json\/wp\/v2\/types\/product"}],"wp:featuredmedia":[{"embeddable":true,"href":"https:\/\/staging.nbg.eu\/cs\/wp-json\/wp\/v2\/media\/237028"}],"wp:attachment":[{"href":"https:\/\/staging.nbg.eu\/cs\/wp-json\/wp\/v2\/media?parent=285280"}],"wp:term":[{"taxonomy":"product_brand","embeddable":true,"href":"https:\/\/staging.nbg.eu\/cs\/wp-json\/wp\/v2\/product_brand?post=285280"},{"taxonomy":"product_cat","embeddable":true,"href":"https:\/\/staging.nbg.eu\/cs\/wp-json\/wp\/v2\/product_cat?post=285280"},{"taxonomy":"product_tag","embeddable":true,"href":"https:\/\/staging.nbg.eu\/cs\/wp-json\/wp\/v2\/product_tag?post=285280"}],"curies":[{"name":"wp","href":"https:\/\/api.w.org\/{rel}","templated":true}]}}