{"id":285195,"date":"2025-03-04T18:44:51","date_gmt":"2025-03-25T14:24:48","guid":{"rendered":"https:\/\/staging.nbg.eu\/product\/magpul-ctr-moe-cheek-riser-0-25\/"},"modified":"2025-03-25T14:27:16","modified_gmt":"2025-03-25T14:27:16","slug":"magpul-ctr-moe-naslapka-licnice-025","status":"publish","type":"product","link":"https:\/\/staging.nbg.eu\/cs\/produkt\/magpul-ctr-moe-naslapka-licnice-025\/","title":{"rendered":"Magpul &#8211; CTR \/ MOE n\u00e1\u0161l\u00e1pka l\u00edcnice &#8211; 0.25&#8220;"},"content":{"rendered":"<div class=\"product-description\">\n<h2>Magpul &#8211; CTR \/ MOE L\u00edcnicov\u00e1 podlo\u017eka &#8211; 0,25&#8243;<\/h2>\n<p>L\u00edcnicov\u00e1 podlo\u017eka Magpul CTR \/ MOE. Tento nasouvac\u00ed dopln\u011bk je navr\u017een pro zv\u00fd\u0161en\u00ed op\u011brky l\u00edce o 6,35 mm, co\u017e poskytuje lep\u0161\u00ed komfort a p\u0159esnost pro aplikace mimo AR15\/M4.<\/p>\n<ul>\n<li>Kompatibiln\u00ed s pa\u017ebami CTR, MOE\u00ae, DT a PR Carbine<\/li>\n<li>Vhodn\u00e9 pro konverze pa\u017eeb M14<\/li>\n<li>Vyrobeno v USA<\/li>\n<li>NSN: MAG325-BLK 1005-01-591-6018<\/li>\n<\/ul>\n<p><strong>Pozn\u00e1mka:<\/strong> Tato podlo\u017eka m\u016f\u017ee naru\u0161ovat funkci nab\u00edjec\u00ed p\u00e1ky na platform\u00e1ch AR15\/M4, pokud nen\u00ed pa\u017eba pln\u011b vysunuta.<\/p>\n<p>Magpul l\u00edcnicov\u00e1 podlo\u017eka pro zlep\u0161en\u00ed ergonomie a p\u0159esnosti zbran\u011b.<\/p>\n<\/div>\n","protected":false},"excerpt":{"rendered":"<p>L\u00edcnicov\u00e1 op\u011brka pro pa\u017eby jin\u00e9 ne\u017e AR15\/M4. Zvy\u0161uje l\u00edcnici o 0,25 palce. Vyrobeno v USA.<\/p>\n","protected":false},"featured_media":236930,"template":"","meta":{"_acf_changed":false},"product_brand":[11538],"product_cat":[12669,12709,12658],"product_tag":[],"class_list":{"0":"post-285195","1":"product","2":"type-product","3":"status-publish","4":"has-post-thumbnail","6":"product_brand-magpul","7":"product_cat-pazby","8":"product_cat-puska","9":"product_cat-rifle-tuning","11":"first","12":"instock","13":"taxable","14":"shipping-taxable","15":"purchasable","16":"product-type-variable","17":"wvs-archive-product-wrapper"},"acf":[],"_links":{"self":[{"href":"https:\/\/staging.nbg.eu\/cs\/wp-json\/wp\/v2\/product\/285195","targetHints":{"allow":["GET"]}}],"collection":[{"href":"https:\/\/staging.nbg.eu\/cs\/wp-json\/wp\/v2\/product"}],"about":[{"href":"https:\/\/staging.nbg.eu\/cs\/wp-json\/wp\/v2\/types\/product"}],"wp:featuredmedia":[{"embeddable":true,"href":"https:\/\/staging.nbg.eu\/cs\/wp-json\/wp\/v2\/media\/236930"}],"wp:attachment":[{"href":"https:\/\/staging.nbg.eu\/cs\/wp-json\/wp\/v2\/media?parent=285195"}],"wp:term":[{"taxonomy":"product_brand","embeddable":true,"href":"https:\/\/staging.nbg.eu\/cs\/wp-json\/wp\/v2\/product_brand?post=285195"},{"taxonomy":"product_cat","embeddable":true,"href":"https:\/\/staging.nbg.eu\/cs\/wp-json\/wp\/v2\/product_cat?post=285195"},{"taxonomy":"product_tag","embeddable":true,"href":"https:\/\/staging.nbg.eu\/cs\/wp-json\/wp\/v2\/product_tag?post=285195"}],"curies":[{"name":"wp","href":"https:\/\/api.w.org\/{rel}","templated":true}]}}