{"id":284999,"date":"2025-03-02T07:13:28","date_gmt":"2025-03-25T14:09:08","guid":{"rendered":"https:\/\/staging.nbg.eu\/product\/the-railchanger-from-area-419-armageddon-gear-and-reasor-precision\/"},"modified":"2025-03-25T14:11:37","modified_gmt":"2025-03-25T14:11:37","slug":"the-railchanger-od-area-419-armageddon-gear-a-reasor-precision","status":"publish","type":"product","link":"https:\/\/staging.nbg.eu\/cs\/produkt\/the-railchanger-od-area-419-armageddon-gear-a-reasor-precision\/","title":{"rendered":"The RailChanger \u2013 od Area 419, Armageddon Gear a Reasor Precision"},"content":{"rendered":"<div class=\"product-description\">\n<h2>RailChanger: GripChanger edice<\/h2>\n<p>Nov\u00fd produkt v \u0159ad\u011b RailChanger: GripChanger. Tato kompaktn\u00ed ta\u0161ka je ur\u010dena pro rychl\u00e9 budov\u00e1n\u00ed pozic a pou\u017eit\u00ed v mal\u00fdch otvorech.<\/p>\n<h2>Vlastnosti:<\/h2>\n<ul>\n<li>Mal\u00e1, p\u0159ilnav\u00e1 a hust\u011b napln\u011bn\u00e1<\/li>\n<li>V\u00e1\u017e\u00ed p\u0159ibli\u017en\u011b 0,45 kg<\/li>\n<li>P\u0159ilne k jak\u00e9mukoli povrchu<\/li>\n<li>Poskytuje stabiln\u00ed platformu pro rychl\u00e9 nastaven\u00ed<\/li>\n<\/ul>\n<h2>Sada obsahuje:<\/h2>\n<ul>\n<li>1 Custom Area 419 GripChanger ta\u0161ka<\/li>\n<li>1 ARCALOCK svorka<\/li>\n<li>1 Area 419 Rail Changer rameno<\/li>\n<\/ul>\n<h2>Specifikace:<\/h2>\n<ul>\n<li>Hmotnost: 0,45 kg<\/li>\n<li>Rozm\u011bry: 25,4 \u00d7 7,6 \u00d7 5,1 cm<\/li>\n<li>V\u00fdrobce: Armageddon Gear<\/li>\n<\/ul>\n<p>GripChanger je v\u00fdsledkem spolupr\u00e1ce mezi Area 419, Armageddon Gear a Reasor Precision.<\/p>\n<\/div>\n","protected":false},"excerpt":{"rendered":"<p>Univerz\u00e1ln\u00ed p\u0159ilnav\u00fd vak pro rychl\u00e9 a stabiln\u00ed st\u0159eleck\u00e9 pozice.<\/p>\n","protected":false},"featured_media":233694,"template":"","meta":{"_acf_changed":false},"product_brand":[11032],"product_cat":[12709],"product_tag":[],"class_list":{"0":"post-284999","1":"product","2":"type-product","3":"status-publish","4":"has-post-thumbnail","6":"product_brand-area-419","7":"product_cat-puska","9":"first","10":"instock","11":"taxable","12":"shipping-taxable","13":"purchasable","14":"product-type-variable","15":"wvs-archive-product-wrapper"},"acf":[],"_links":{"self":[{"href":"https:\/\/staging.nbg.eu\/cs\/wp-json\/wp\/v2\/product\/284999","targetHints":{"allow":["GET"]}}],"collection":[{"href":"https:\/\/staging.nbg.eu\/cs\/wp-json\/wp\/v2\/product"}],"about":[{"href":"https:\/\/staging.nbg.eu\/cs\/wp-json\/wp\/v2\/types\/product"}],"wp:featuredmedia":[{"embeddable":true,"href":"https:\/\/staging.nbg.eu\/cs\/wp-json\/wp\/v2\/media\/233694"}],"wp:attachment":[{"href":"https:\/\/staging.nbg.eu\/cs\/wp-json\/wp\/v2\/media?parent=284999"}],"wp:term":[{"taxonomy":"product_brand","embeddable":true,"href":"https:\/\/staging.nbg.eu\/cs\/wp-json\/wp\/v2\/product_brand?post=284999"},{"taxonomy":"product_cat","embeddable":true,"href":"https:\/\/staging.nbg.eu\/cs\/wp-json\/wp\/v2\/product_cat?post=284999"},{"taxonomy":"product_tag","embeddable":true,"href":"https:\/\/staging.nbg.eu\/cs\/wp-json\/wp\/v2\/product_tag?post=284999"}],"curies":[{"name":"wp","href":"https:\/\/api.w.org\/{rel}","templated":true}]}}