{"id":284321,"date":"2025-03-06T20:15:14","date_gmt":"2025-03-06T20:15:14","guid":{"rendered":"https:\/\/staging.nbg.eu\/product\/clawgear-ak47-gas-tube-cover\/"},"modified":"2025-03-25T13:00:16","modified_gmt":"2025-03-25T13:00:16","slug":"clawgear-kryt-plynove-trubice-ak47","status":"publish","type":"product","link":"https:\/\/staging.nbg.eu\/cs\/produkt\/clawgear-kryt-plynove-trubice-ak47\/","title":{"rendered":"Clawgear &#8211; kryt plynov\u00e9 trubice AK47"},"content":{"rendered":"<h2>Clawgear &#8211; Kryt plynov\u00e9 trubice pro AK47<\/h2>\n<p>Kryt plynov\u00e9 trubice Clawgear pro AK47, ur\u010den\u00fd pro pou\u017eit\u00ed s p\u0159edpa\u017eb\u00edm CG Slimline. Tento dopln\u011bk nab\u00edz\u00ed:<\/p>\n<ul>\n<li>Li\u0161tu Mil-STD 1913 Picatinny \/ Stanag 4694 na horn\u00ed stran\u011b<\/li>\n<li>Konstrukci z hlin\u00edku<\/li>\n<li>\u010cern\u00fd povrch<\/li>\n<\/ul>\n<p>D\u00e9lka krytu je 10 cm a v\u00e1\u017e\u00ed 80 g.<\/p>\n<p><strong>Pozn\u00e1mka:<\/strong> Tento produkt je kompatibiln\u00ed <em>pouze<\/em> s p\u0159edpa\u017eb\u00edm Clawgear AK47 Slimline.<\/p>\n","protected":false},"excerpt":{"rendered":"<p>Odoln\u00fd kryt plynov\u00e9 trubice AK47 s Picatinny li\u0161tou pro \u0161t\u00edhl\u00fd p\u0159edpa\u017eb\u00ed.<\/p>\n","protected":false},"featured_media":244878,"template":"","meta":{"_acf_changed":false},"product_brand":[11218],"product_cat":[12643,12657,12709],"product_tag":[],"class_list":{"0":"post-284321","1":"product","2":"type-product","3":"status-publish","4":"has-post-thumbnail","6":"product_brand-clawgear","7":"product_cat-ak-tuning","8":"product_cat-listy","9":"product_cat-puska","11":"first","12":"instock","13":"taxable","14":"shipping-taxable","15":"purchasable","16":"product-type-simple"},"acf":[],"_links":{"self":[{"href":"https:\/\/staging.nbg.eu\/cs\/wp-json\/wp\/v2\/product\/284321","targetHints":{"allow":["GET"]}}],"collection":[{"href":"https:\/\/staging.nbg.eu\/cs\/wp-json\/wp\/v2\/product"}],"about":[{"href":"https:\/\/staging.nbg.eu\/cs\/wp-json\/wp\/v2\/types\/product"}],"wp:featuredmedia":[{"embeddable":true,"href":"https:\/\/staging.nbg.eu\/cs\/wp-json\/wp\/v2\/media\/244878"}],"wp:attachment":[{"href":"https:\/\/staging.nbg.eu\/cs\/wp-json\/wp\/v2\/media?parent=284321"}],"wp:term":[{"taxonomy":"product_brand","embeddable":true,"href":"https:\/\/staging.nbg.eu\/cs\/wp-json\/wp\/v2\/product_brand?post=284321"},{"taxonomy":"product_cat","embeddable":true,"href":"https:\/\/staging.nbg.eu\/cs\/wp-json\/wp\/v2\/product_cat?post=284321"},{"taxonomy":"product_tag","embeddable":true,"href":"https:\/\/staging.nbg.eu\/cs\/wp-json\/wp\/v2\/product_tag?post=284321"}],"curies":[{"name":"wp","href":"https:\/\/api.w.org\/{rel}","templated":true}]}}