{"id":284159,"date":"2025-03-05T08:21:40","date_gmt":"2025-03-25T10:46:51","guid":{"rendered":"https:\/\/staging.nbg.eu\/product\/magpul-moe-sl-enhanced-rubber-butt-pad-0-70\/"},"modified":"2025-03-25T10:49:54","modified_gmt":"2025-03-25T10:49:54","slug":"magpul-moe-sl-vylepsena-gumova-botka-pazby-070","status":"publish","type":"product","link":"https:\/\/staging.nbg.eu\/cs\/produkt\/magpul-moe-sl-vylepsena-gumova-botka-pazby-070\/","title":{"rendered":"Magpul &#8211; MOE SL\u00ae vylep\u0161en\u00e1 gumov\u00e1 botka pa\u017eby, 0.70"},"content":{"rendered":"<h2>Magpul &#8211; MOE SL\u00ae Gumov\u00e1 patka pa\u017eby, 0,70 palce<\/h2>\n<p>N\u00e1hradn\u00ed patka pro pa\u017ebu Magpul MOE SL\u00ae, 0,70 palce. Tato p\u0159\u00edm\u00e1 n\u00e1hrada nab\u00edz\u00ed zlep\u0161en\u00fd komfort a funk\u010dnost pro va\u0161i zbra\u0148.<\/p>\n<h3>Hlavn\u00ed vlastnosti:<\/h3>\n<ul>\n<li>Kompatibiln\u00ed s pa\u017ebami DT Carbine, MOE SL\u00ae, MOE\u00ae SL-S\u2122, UBR\u00ae GEN2, MOE\u00ae AK, Zhukov-S\u00ae, X-22 Backpacker a PC Backpacker<\/li>\n<li>Protiskluzov\u00e1 \u017eebrovan\u00e1 textura pro bezpe\u010dnou manipulaci<\/li>\n<li>Siln\u011bj\u0161\u00ed, odv\u011btr\u00e1van\u00fd design pro zv\u00fd\u0161en\u00fd komfort<\/li>\n<li>P\u0159id\u00e1v\u00e1 p\u0159ibli\u017en\u011b 3\/8 palce k d\u00e9lce pa\u017eby<\/li>\n<li>V\u00e1\u017e\u00ed m\u00e9n\u011b ne\u017e 1 unce<\/li>\n<li>Zkosen\u00e1, vroubkovan\u00e1 spodn\u00ed \u010d\u00e1st pro snadnou mont\u00e1\u017e<\/li>\n<li>Zaoblen\u00e1 horn\u00ed \u010d\u00e1st pro pohodln\u00e9 op\u0159en\u00ed o rameno<\/li>\n<\/ul>\n<p>Vyrobeno v USA, tato patka pa\u017eby kombinuje odolnost s vylep\u0161en\u00fdm designem. Montuje se snadno pomoc\u00ed st\u00e1vaj\u00edc\u00edho hardware, poskytuje okam\u017eit\u00e9 vylep\u0161en\u00ed va\u0161\u00ed pa\u017eby Magpul.<\/p>\n<p><strong>Magpul MOE SL\u00ae Gumov\u00e1 patka pa\u017eby je k dispozici.<\/strong><\/p>\n","protected":false},"excerpt":{"rendered":"<p>Pohodln\u00e1, protiskluzov\u00e1 17,8mm gumov\u00e1 botka pro pa\u017eby Magpul.<\/p>\n","protected":false},"featured_media":238686,"template":"","meta":{"_acf_changed":false},"product_brand":[11538],"product_cat":[12669,12709,12658],"product_tag":[],"class_list":{"0":"post-284159","1":"product","2":"type-product","3":"status-publish","4":"has-post-thumbnail","6":"product_brand-magpul","7":"product_cat-pazby","8":"product_cat-puska","9":"product_cat-rifle-tuning","11":"first","12":"instock","13":"taxable","14":"shipping-taxable","15":"purchasable","16":"product-type-simple"},"acf":[],"_links":{"self":[{"href":"https:\/\/staging.nbg.eu\/cs\/wp-json\/wp\/v2\/product\/284159","targetHints":{"allow":["GET"]}}],"collection":[{"href":"https:\/\/staging.nbg.eu\/cs\/wp-json\/wp\/v2\/product"}],"about":[{"href":"https:\/\/staging.nbg.eu\/cs\/wp-json\/wp\/v2\/types\/product"}],"wp:featuredmedia":[{"embeddable":true,"href":"https:\/\/staging.nbg.eu\/cs\/wp-json\/wp\/v2\/media\/238686"}],"wp:attachment":[{"href":"https:\/\/staging.nbg.eu\/cs\/wp-json\/wp\/v2\/media?parent=284159"}],"wp:term":[{"taxonomy":"product_brand","embeddable":true,"href":"https:\/\/staging.nbg.eu\/cs\/wp-json\/wp\/v2\/product_brand?post=284159"},{"taxonomy":"product_cat","embeddable":true,"href":"https:\/\/staging.nbg.eu\/cs\/wp-json\/wp\/v2\/product_cat?post=284159"},{"taxonomy":"product_tag","embeddable":true,"href":"https:\/\/staging.nbg.eu\/cs\/wp-json\/wp\/v2\/product_tag?post=284159"}],"curies":[{"name":"wp","href":"https:\/\/api.w.org\/{rel}","templated":true}]}}