{"id":284038,"date":"2025-03-05T07:25:38","date_gmt":"2025-03-25T10:17:13","guid":{"rendered":"https:\/\/staging.nbg.eu\/product\/magpul-daka-window-pouch-large\/"},"modified":"2025-03-25T10:19:36","modified_gmt":"2025-03-25T10:19:36","slug":"magpul-daka-pruhledne-pouzdro-velke","status":"publish","type":"product","link":"https:\/\/staging.nbg.eu\/cs\/produkt\/magpul-daka-pruhledne-pouzdro-velke\/","title":{"rendered":"Magpul &#8211; DAKA\u00ae pr\u016fhledn\u00e9 pouzdro, velk\u00e9"},"content":{"rendered":"<div class=\"product-description\">\n<h2>Magpul &#8211; DAKA\u00ae Pouzdro s ok\u00e9nkem, Velk\u00e9<\/h2>\n<p>Pouzdro Magpul DAKA\u00ae s ok\u00e9nkem je ur\u010deno pro organizaci v n\u00e1ro\u010dn\u00fdch podm\u00ednk\u00e1ch.<\/p>\n<ul>\n<li>Konstrukce z textilu s polymerem a RF sva\u0159ovan\u00fdmi \u0161vy<\/li>\n<li>Vod\u011bodoln\u00fd zip YKK\u00ae<\/li>\n<li>Pr\u016fhledn\u00e9 ok\u00e9nko pro identifikaci obsahu<\/li>\n<li>Protiskluzov\u00e1 textura a zes\u00edlen\u00e1 tkanina<\/li>\n<li>Body pro p\u0159ipojen\u00ed karabiny<\/li>\n<li>T\u00e1hlo zipu z pad\u00e1kov\u00e9 \u0161\u0148\u016fry 550 s teplem smr\u0161titelnou trubi\u010dkou<\/li>\n<li>Matice bod\u016f pro ozna\u010den\u00ed barvou<\/li>\n<\/ul>\n<p>Rozm\u011bry: 23 cm x 33 cm s d\u00e9lkou zipu 25 cm. Vhodn\u00e9 pro ulo\u017een\u00ed n\u00e1\u0159ad\u00ed, munice nebo elektronick\u00e9ho p\u0159\u00edslu\u0161enstv\u00ed v n\u00e1ro\u010dn\u00fdch venkovn\u00edch podm\u00ednk\u00e1ch.<\/p>\n<\/div>\n","protected":false},"excerpt":{"rendered":"<p>Odoln\u00e9, vod\u011bodoln\u00e9 pouzdro s ok\u00e9nkem pro snadnou organizaci.<\/p>\n","protected":false},"featured_media":237654,"template":"","meta":{"_acf_changed":false},"product_brand":[11538],"product_cat":[12667,12676],"product_tag":[],"class_list":{"0":"post-284038","1":"product","2":"type-product","3":"status-publish","4":"has-post-thumbnail","6":"product_brand-magpul","7":"product_cat-kapsy","8":"product_cat-vybaveni","10":"first","11":"instock","12":"taxable","13":"shipping-taxable","14":"purchasable","15":"product-type-simple"},"acf":[],"_links":{"self":[{"href":"https:\/\/staging.nbg.eu\/cs\/wp-json\/wp\/v2\/product\/284038","targetHints":{"allow":["GET"]}}],"collection":[{"href":"https:\/\/staging.nbg.eu\/cs\/wp-json\/wp\/v2\/product"}],"about":[{"href":"https:\/\/staging.nbg.eu\/cs\/wp-json\/wp\/v2\/types\/product"}],"wp:featuredmedia":[{"embeddable":true,"href":"https:\/\/staging.nbg.eu\/cs\/wp-json\/wp\/v2\/media\/237654"}],"wp:attachment":[{"href":"https:\/\/staging.nbg.eu\/cs\/wp-json\/wp\/v2\/media?parent=284038"}],"wp:term":[{"taxonomy":"product_brand","embeddable":true,"href":"https:\/\/staging.nbg.eu\/cs\/wp-json\/wp\/v2\/product_brand?post=284038"},{"taxonomy":"product_cat","embeddable":true,"href":"https:\/\/staging.nbg.eu\/cs\/wp-json\/wp\/v2\/product_cat?post=284038"},{"taxonomy":"product_tag","embeddable":true,"href":"https:\/\/staging.nbg.eu\/cs\/wp-json\/wp\/v2\/product_tag?post=284038"}],"curies":[{"name":"wp","href":"https:\/\/api.w.org\/{rel}","templated":true}]}}