{"id":283923,"date":"2025-03-05T07:31:40","date_gmt":"2025-03-05T07:31:40","guid":{"rendered":"https:\/\/staging.nbg.eu\/product\/magpul-daka-window-pouch-medium\/"},"modified":"2025-03-25T09:54:16","modified_gmt":"2025-03-25T09:54:16","slug":"magpul-daka-pruhledne-pouzdro-stredni","status":"publish","type":"product","link":"https:\/\/staging.nbg.eu\/cs\/produkt\/magpul-daka-pruhledne-pouzdro-stredni\/","title":{"rendered":"Magpul &#8211; DAKA\u00ae pr\u016fhledn\u00e9 pouzdro, st\u0159edn\u00ed"},"content":{"rendered":"<h2>Magpul &#8211; DAKA\u00ae Pouzdro s ok\u00e9nkem, st\u0159edn\u00ed<\/h2>\n<p>Uchovejte sv\u00e9 cennosti v bezpe\u010d\u00ed a suchu s vodot\u011bsn\u00fdm pouzdrem Magpul DAKA\u00ae s ok\u00e9nkem. Toto pouzdro st\u0159edn\u00ed velikosti nab\u00edz\u00ed:<\/p>\n<ul>\n<li>Bo\u010dn\u00ed zipy s hodnocen\u00edm IPX7 pro \u00faplnou vodot\u011bsnost<\/li>\n<li>Odoln\u00e9 zipy s ta\u017en\u00fdm lankem z pad\u00e1kov\u00e9 \u0161\u0148\u016fry 550 s teplem smr\u0161titelnou bu\u017e\u00edrkou<\/li>\n<li>Pr\u016fhledn\u00fd panel pro snadnou identifikaci obsahu<\/li>\n<li>Dva velk\u00e9 pr\u016fchody pro karabinu pro r\u016fzn\u00e9 zp\u016fsoby p\u0159ipevn\u011bn\u00ed<\/li>\n<li>Pevn\u00e1 konstrukce sva\u0159ovan\u00e1 vysokofrekven\u010dn\u011b s nepropustn\u00fdmi spoji<\/li>\n<li>Materi\u00e1l s p\u0159\u00edm\u011bs\u00ed polymeru pro zv\u00fd\u0161enou ochranu<\/li>\n<\/ul>\n<p>Rozm\u011bry: 17,8 cm x 30,5 cm (vn\u011bj\u0161\u00ed), 17,1 cm x 29,8 cm (vnit\u0159n\u00ed)<\/p>\n<p>Vodot\u011bsn\u00e9 pouzdro DAKA\u00ae s ok\u00e9nkem je vhodn\u00e9 pro outdoorov\u00e9 aktivity, kde hroz\u00ed pono\u0159en\u00ed do vody. Jeho odoln\u00fd design a snadn\u00e9 pou\u017eit\u00ed z n\u011bj d\u011blaj\u00ed ide\u00e1ln\u00ed vybaven\u00ed pro ochranu v\u011bc\u00ed v jak\u00e9mkoli prost\u0159ed\u00ed.<\/p>\n","protected":false},"excerpt":{"rendered":"<p>Vodot\u011bsn\u00e9 pouzdro s ok\u00e9nkem pro snadnou identifikaci. Odoln\u00e9, ponorn\u00e9.<\/p>\n","protected":false},"featured_media":237794,"template":"","meta":{"_acf_changed":false},"product_brand":[11538],"product_cat":[12667,12676],"product_tag":[],"class_list":{"0":"post-283923","1":"product","2":"type-product","3":"status-publish","4":"has-post-thumbnail","6":"product_brand-magpul","7":"product_cat-kapsy","8":"product_cat-vybaveni","10":"first","11":"instock","12":"taxable","13":"shipping-taxable","14":"purchasable","15":"product-type-simple"},"acf":[],"_links":{"self":[{"href":"https:\/\/staging.nbg.eu\/cs\/wp-json\/wp\/v2\/product\/283923","targetHints":{"allow":["GET"]}}],"collection":[{"href":"https:\/\/staging.nbg.eu\/cs\/wp-json\/wp\/v2\/product"}],"about":[{"href":"https:\/\/staging.nbg.eu\/cs\/wp-json\/wp\/v2\/types\/product"}],"wp:featuredmedia":[{"embeddable":true,"href":"https:\/\/staging.nbg.eu\/cs\/wp-json\/wp\/v2\/media\/237794"}],"wp:attachment":[{"href":"https:\/\/staging.nbg.eu\/cs\/wp-json\/wp\/v2\/media?parent=283923"}],"wp:term":[{"taxonomy":"product_brand","embeddable":true,"href":"https:\/\/staging.nbg.eu\/cs\/wp-json\/wp\/v2\/product_brand?post=283923"},{"taxonomy":"product_cat","embeddable":true,"href":"https:\/\/staging.nbg.eu\/cs\/wp-json\/wp\/v2\/product_cat?post=283923"},{"taxonomy":"product_tag","embeddable":true,"href":"https:\/\/staging.nbg.eu\/cs\/wp-json\/wp\/v2\/product_tag?post=283923"}],"curies":[{"name":"wp","href":"https:\/\/api.w.org\/{rel}","templated":true}]}}