{"id":283805,"date":"2025-03-06T09:57:41","date_gmt":"2025-03-25T09:34:28","guid":{"rendered":"https:\/\/staging.nbg.eu\/product\/clawgear-ar15-gasblock-0-750\/"},"modified":"2025-03-25T09:36:53","modified_gmt":"2025-03-25T09:36:53","slug":"clawgear-ar15-plynovy-blok-0750","status":"publish","type":"product","link":"https:\/\/staging.nbg.eu\/cs\/produkt\/clawgear-ar15-plynovy-blok-0750\/","title":{"rendered":"Clawgear AR15 plynov\u00fd blok 0.750"},"content":{"rendered":"<h2>Clawgear AR15 Plynov\u00fd blok 0.750<\/h2>\n<p>Clawgear AR15 Plynov\u00fd blok 0.750 m\u00e1 n\u00edzk\u00fd profil s kart\u00e1\u010dovan\u00fdm povrchem a lze jej snadno um\u00edstit pod v\u011bt\u0161inu voln\u011b plovouc\u00edch p\u0159edpa\u017eb\u00ed.<\/p>\n<h2>Hlavn\u00ed vlastnosti:<\/h2>\n<ul>\n<li>Jednod\u00edln\u00e1 ocelov\u00e1 konstrukce<\/li>\n<li>P\u0159esn\u011b obroben\u00fd pro minimalizaci \u00faniku plynu<\/li>\n<li>Ur\u010den\u00fd pro vn\u011bj\u0161\u00ed pr\u016fm\u011br hlavn\u011b 0.750&#8243; v m\u00edst\u011b plynov\u00e9ho portu<\/li>\n<li>Odol\u00e1v\u00e1 hork\u00fdm plyn\u016fm i za n\u00e1ro\u010dn\u00fdch podm\u00ednek<\/li>\n<\/ul>\n<h2>Specifikace:<\/h2>\n<ul>\n<li>Rozm\u011bry: 2.8 x 2.8 x 2.4 cm<\/li>\n<li>Hmotnost: 0.05 kg<\/li>\n<\/ul>\n<p>Clawgear AR15 Plynov\u00fd blok 0.750 pro AR15.<\/p>\n","protected":false},"excerpt":{"rendered":"<p>N\u00edzkoprofilov\u00fd plynov\u00fd n\u00e1stavec AR15, vhodn\u00fd pro hlavn\u011b o pr\u016fm\u011bru 0,750&#8243;. Odoln\u00e1 ocelov\u00e1 konstrukce.<\/p>\n","protected":false},"featured_media":240381,"template":"","meta":{"_acf_changed":false},"product_brand":[11218],"product_cat":[12708,12709,12658],"product_tag":[],"class_list":{"0":"post-283805","1":"product","2":"type-product","3":"status-publish","4":"has-post-thumbnail","6":"product_brand-clawgear","7":"product_cat-plynove-bloky","8":"product_cat-puska","9":"product_cat-rifle-tuning","11":"first","12":"instock","13":"taxable","14":"shipping-taxable","15":"purchasable","16":"product-type-simple"},"acf":[],"_links":{"self":[{"href":"https:\/\/staging.nbg.eu\/cs\/wp-json\/wp\/v2\/product\/283805","targetHints":{"allow":["GET"]}}],"collection":[{"href":"https:\/\/staging.nbg.eu\/cs\/wp-json\/wp\/v2\/product"}],"about":[{"href":"https:\/\/staging.nbg.eu\/cs\/wp-json\/wp\/v2\/types\/product"}],"wp:featuredmedia":[{"embeddable":true,"href":"https:\/\/staging.nbg.eu\/cs\/wp-json\/wp\/v2\/media\/240381"}],"wp:attachment":[{"href":"https:\/\/staging.nbg.eu\/cs\/wp-json\/wp\/v2\/media?parent=283805"}],"wp:term":[{"taxonomy":"product_brand","embeddable":true,"href":"https:\/\/staging.nbg.eu\/cs\/wp-json\/wp\/v2\/product_brand?post=283805"},{"taxonomy":"product_cat","embeddable":true,"href":"https:\/\/staging.nbg.eu\/cs\/wp-json\/wp\/v2\/product_cat?post=283805"},{"taxonomy":"product_tag","embeddable":true,"href":"https:\/\/staging.nbg.eu\/cs\/wp-json\/wp\/v2\/product_tag?post=283805"}],"curies":[{"name":"wp","href":"https:\/\/api.w.org\/{rel}","templated":true}]}}