{"id":283692,"date":"2025-03-06T10:14:28","date_gmt":"2025-03-06T10:14:28","guid":{"rendered":"https:\/\/staging.nbg.eu\/product\/clawgear-snap-cap-12-gauge-2-pack\/"},"modified":"2025-03-25T09:27:40","modified_gmt":"2025-03-25T09:27:40","slug":"clawgear-cvicny-naboj-12-gauge-2-kusy","status":"publish","type":"product","link":"https:\/\/staging.nbg.eu\/cs\/produkt\/clawgear-cvicny-naboj-12-gauge-2-kusy\/","title":{"rendered":"Clawgear cvi\u010dn\u00fd n\u00e1boj 12 Gauge 2 kusy"},"content":{"rendered":"<h2>Clawgear Snap Cap 12 Gauge, balen\u00ed po 2 kusech<\/h2>\n<p>Snap Cap 12 Gauge od Clawgear slou\u017e\u00ed k ochran\u011b \u00fadern\u00edku a mechanismu zbran\u011b b\u011bhem cvi\u010den\u00ed na sucho, testov\u00e1n\u00ed funk\u010dnosti a skladov\u00e1n\u00ed.<\/p>\n<h2>Hlavn\u00ed vlastnosti:<\/h2>\n<ul>\n<li>Balen\u00ed obsahuje 2 kusy<\/li>\n<li>Odoln\u00e1 konstrukce pro dlouhodob\u00e9 pou\u017eit\u00ed<\/li>\n<li>Zabra\u0148uje po\u0161kozen\u00ed \u00fadern\u00edku a mechanismu<\/li>\n<li>Vhodn\u00e9 pro cvi\u010den\u00ed na sucho a testov\u00e1n\u00ed funk\u010dnosti<\/li>\n<\/ul>\n<h2>Rozm\u011bry produktu:<\/h2>\n<ul>\n<li>D\u00e9lka: 5,5 cm<\/li>\n<li>\u0160\u00ed\u0159ka: 2,1 cm<\/li>\n<li>V\u00fd\u0161ka: 2,1 cm<\/li>\n<li>Hmotnost: 0,106 kg<\/li>\n<\/ul>\n<p>Snap Cap 12 Gauge od Clawgear lze pou\u017e\u00edt pro zlep\u0161en\u00ed st\u0159eleck\u00fdch dovednost\u00ed a \u00fadr\u017ebu zbran\u011b.<\/p>\n","protected":false},"excerpt":{"rendered":"<p>&#8220;Odoln\u00e9 cvi\u010dn\u00e9 n\u00e1boje r\u00e1\u017ee 12, balen\u00ed po 2 kusech. Ide\u00e1ln\u00ed pro bezpe\u010dn\u00fd n\u00e1cvik st\u0159elby na sucho.&#8221;<\/p>\n","protected":false},"featured_media":240939,"template":"","meta":{"_acf_changed":false},"product_brand":[11218],"product_cat":[12684],"product_tag":[],"class_list":{"0":"post-283692","1":"product","2":"type-product","3":"status-publish","4":"has-post-thumbnail","6":"product_brand-clawgear","7":"product_cat-munice","9":"first","10":"instock","11":"taxable","12":"shipping-taxable","13":"purchasable","14":"product-type-simple"},"acf":[],"_links":{"self":[{"href":"https:\/\/staging.nbg.eu\/cs\/wp-json\/wp\/v2\/product\/283692","targetHints":{"allow":["GET"]}}],"collection":[{"href":"https:\/\/staging.nbg.eu\/cs\/wp-json\/wp\/v2\/product"}],"about":[{"href":"https:\/\/staging.nbg.eu\/cs\/wp-json\/wp\/v2\/types\/product"}],"wp:featuredmedia":[{"embeddable":true,"href":"https:\/\/staging.nbg.eu\/cs\/wp-json\/wp\/v2\/media\/240939"}],"wp:attachment":[{"href":"https:\/\/staging.nbg.eu\/cs\/wp-json\/wp\/v2\/media?parent=283692"}],"wp:term":[{"taxonomy":"product_brand","embeddable":true,"href":"https:\/\/staging.nbg.eu\/cs\/wp-json\/wp\/v2\/product_brand?post=283692"},{"taxonomy":"product_cat","embeddable":true,"href":"https:\/\/staging.nbg.eu\/cs\/wp-json\/wp\/v2\/product_cat?post=283692"},{"taxonomy":"product_tag","embeddable":true,"href":"https:\/\/staging.nbg.eu\/cs\/wp-json\/wp\/v2\/product_tag?post=283692"}],"curies":[{"name":"wp","href":"https:\/\/api.w.org\/{rel}","templated":true}]}}