{"id":282208,"date":"2025-03-06T10:40:18","date_gmt":"2025-03-06T10:40:18","guid":{"rendered":"https:\/\/staging.nbg.eu\/product\/ftcs-rear-sights-mounting-for-optics-ak-pmk-2-0-picatinny\/"},"modified":"2025-03-24T13:23:46","modified_gmt":"2025-03-24T13:23:46","slug":"ftcs-montaz-zadniho-hledi-pro-optiku-ak-pmk-20-picatinny","status":"publish","type":"product","link":"https:\/\/staging.nbg.eu\/cs\/produkt\/ftcs-montaz-zadniho-hledi-pro-optiku-ak-pmk-20-picatinny\/","title":{"rendered":"FTCS &#8211; Mont\u00e1\u017e zadn\u00edho hled\u00ed pro optiku AK, PMK 2.0 Picatinny"},"content":{"rendered":"<div class=\"product-description\">\n<h2>FTCS &#8211; Mont\u00e1\u017e zadn\u00edho m\u00ed\u0159idla pro optiku AK, PMK 2.0 Picatinny<\/h2>\n<p>PMK 2.0 Picatinny mont\u00e1\u017e pro karabiny rodiny AK. Tento adapt\u00e9r umo\u017e\u0148uje mont\u00e1\u017e modern\u00ed optiky.<\/p>\n<ul>\n<li>Kompatibiln\u00ed s AK\/AKS, AKM\/AKMS, AK-74\/AKS-74 a dal\u0161\u00edmi<\/li>\n<li>Picatinny\/RIS standardn\u00ed li\u0161ta (d\u00e9lka 70mm, 7 slot\u016f)<\/li>\n<li>Hlin\u00edkov\u00e1 konstrukce s povlakem Cerakote H-146 Graphite Black<\/li>\n<li>Zachov\u00e1v\u00e1 funk\u010dnost tov\u00e1rn\u00edch mechanick\u00fdch m\u00ed\u0159idel<\/li>\n<li>T\u0159\u00edbodov\u00fd mont\u00e1\u017en\u00ed syst\u00e9m<\/li>\n<li>Hmotnost 34g<\/li>\n<\/ul>\n<p>PMK 2.0 je alternativou k li\u0161t\u00e1m na krytu plynov\u00e9 trubice nebo integrovan\u00fdm syst\u00e9m\u016fm. Jeho st\u0159edov\u00e9 zarovn\u00e1n\u00ed zachov\u00e1v\u00e1 vyv\u00e1\u017een\u00ed zbran\u011b. Kombinuje tradi\u010dn\u00ed a modern\u00ed optiku.<\/p>\n<\/div>\n","protected":false},"excerpt":{"rendered":"<p>Mont\u00e1\u017e zadn\u00edho m\u00ed\u0159idla pro optiku AK. Picatinny li\u0161ta, odoln\u00fd hlin\u00edk, povrchov\u00e1 \u00faprava Cerakote.<\/p>\n","protected":false},"featured_media":241477,"template":"","meta":{"_acf_changed":false},"product_brand":[11310],"product_cat":[12643,12709,12658],"product_tag":[],"class_list":{"0":"post-282208","1":"product","2":"type-product","3":"status-publish","4":"has-post-thumbnail","6":"product_brand-ftcs","7":"product_cat-ak-tuning","8":"product_cat-puska","9":"product_cat-rifle-tuning","11":"first","12":"instock","13":"taxable","14":"shipping-taxable","15":"purchasable","16":"product-type-simple"},"acf":[],"_links":{"self":[{"href":"https:\/\/staging.nbg.eu\/cs\/wp-json\/wp\/v2\/product\/282208","targetHints":{"allow":["GET"]}}],"collection":[{"href":"https:\/\/staging.nbg.eu\/cs\/wp-json\/wp\/v2\/product"}],"about":[{"href":"https:\/\/staging.nbg.eu\/cs\/wp-json\/wp\/v2\/types\/product"}],"wp:featuredmedia":[{"embeddable":true,"href":"https:\/\/staging.nbg.eu\/cs\/wp-json\/wp\/v2\/media\/241477"}],"wp:attachment":[{"href":"https:\/\/staging.nbg.eu\/cs\/wp-json\/wp\/v2\/media?parent=282208"}],"wp:term":[{"taxonomy":"product_brand","embeddable":true,"href":"https:\/\/staging.nbg.eu\/cs\/wp-json\/wp\/v2\/product_brand?post=282208"},{"taxonomy":"product_cat","embeddable":true,"href":"https:\/\/staging.nbg.eu\/cs\/wp-json\/wp\/v2\/product_cat?post=282208"},{"taxonomy":"product_tag","embeddable":true,"href":"https:\/\/staging.nbg.eu\/cs\/wp-json\/wp\/v2\/product_tag?post=282208"}],"curies":[{"name":"wp","href":"https:\/\/api.w.org\/{rel}","templated":true}]}}