{"id":282052,"date":"2025-03-06T10:01:39","date_gmt":"2025-03-24T12:39:48","guid":{"rendered":"https:\/\/staging.nbg.eu\/product\/clawgear-m-lok-10-slot-rail-qd-integrated\/"},"modified":"2025-03-24T12:42:38","modified_gmt":"2025-03-24T12:42:38","slug":"clawgear-m-lok-10-slot-rail-qd-integrovany","status":"publish","type":"product","link":"https:\/\/staging.nbg.eu\/cs\/produkt\/clawgear-m-lok-10-slot-rail-qd-integrovany\/","title":{"rendered":"Clawgear M-LOK 10 Slot Rail QD integrovan\u00fd"},"content":{"rendered":"<h2>Clawgear M-LOK 10 slotov\u00e1 li\u0161ta s integrovan\u00fdm QD<\/h2>\n<p>Picatinny li\u0161ta pro rozhran\u00ed M-LOK. M\u00e1 10 slot\u016f a integrovan\u00fd QD mont\u00e1\u017en\u00ed bod pro upevn\u011bn\u00ed \u0159emene. Vyrobena z hlin\u00edku s tvrdou anodizovanou povrchovou \u00fapravou spl\u0148uj\u00edc\u00ed vojensk\u00e9 specifikace.<\/p>\n<ul>\n<li>Obsahuje mont\u00e1\u017en\u00ed materi\u00e1l s T maticemi z nerezov\u00e9 oceli<\/li>\n<li>Odoln\u00e1 v\u016f\u010di korozi<\/li>\n<li>Maxim\u00e1ln\u00ed kroutic\u00ed moment: 4Nm nebo 35in\/lb<\/li>\n<\/ul>\n<p><strong>Tip:<\/strong> Pokud nem\u00e1te momentov\u00fd kl\u00ed\u010d, pou\u017eijte pro uta\u017een\u00ed kr\u00e1tkou rukoje\u0165 imbusov\u00e9ho kl\u00ed\u010de.<\/p>\n<p><em>Rozm\u011bry (zabalen\u00e9):<\/em> 17 x 10,7 x 1 cm<br \/>\n<em>Hmotnost:<\/em> 45g (53g zabalen\u00e9)<\/p>\n","protected":false},"excerpt":{"rendered":"<p>M-LOK Picatinny li\u0161ta s 10 sloty a QD mont\u00e1\u017e\u00ed. Odoln\u00fd hlin\u00edk.<\/p>\n","protected":false},"featured_media":240497,"template":"","meta":{"_acf_changed":false},"product_brand":[11218],"product_cat":[12657,12709,12672,12658],"product_tag":[],"class_list":{"0":"post-282052","1":"product","2":"type-product","3":"status-publish","4":"has-post-thumbnail","6":"product_brand-clawgear","7":"product_cat-listy","8":"product_cat-puska","9":"product_cat-remeny","10":"product_cat-rifle-tuning","12":"first","13":"instock","14":"taxable","15":"shipping-taxable","16":"purchasable","17":"product-type-simple"},"acf":[],"_links":{"self":[{"href":"https:\/\/staging.nbg.eu\/cs\/wp-json\/wp\/v2\/product\/282052","targetHints":{"allow":["GET"]}}],"collection":[{"href":"https:\/\/staging.nbg.eu\/cs\/wp-json\/wp\/v2\/product"}],"about":[{"href":"https:\/\/staging.nbg.eu\/cs\/wp-json\/wp\/v2\/types\/product"}],"wp:featuredmedia":[{"embeddable":true,"href":"https:\/\/staging.nbg.eu\/cs\/wp-json\/wp\/v2\/media\/240497"}],"wp:attachment":[{"href":"https:\/\/staging.nbg.eu\/cs\/wp-json\/wp\/v2\/media?parent=282052"}],"wp:term":[{"taxonomy":"product_brand","embeddable":true,"href":"https:\/\/staging.nbg.eu\/cs\/wp-json\/wp\/v2\/product_brand?post=282052"},{"taxonomy":"product_cat","embeddable":true,"href":"https:\/\/staging.nbg.eu\/cs\/wp-json\/wp\/v2\/product_cat?post=282052"},{"taxonomy":"product_tag","embeddable":true,"href":"https:\/\/staging.nbg.eu\/cs\/wp-json\/wp\/v2\/product_tag?post=282052"}],"curies":[{"name":"wp","href":"https:\/\/api.w.org\/{rel}","templated":true}]}}