{"id":278637,"date":"2025-03-02T06:06:39","date_gmt":"2025-03-21T10:58:08","guid":{"rendered":"https:\/\/staging.nbg.eu\/product\/144-area-419-billet-loading-block-clear-anodized\/"},"modified":"2025-03-21T11:00:54","modified_gmt":"2025-03-21T11:00:54","slug":"144-area-419-billet-loading-block-clear-anodized","status":"publish","type":"product","link":"https:\/\/staging.nbg.eu\/cs\/produkt\/144-area-419-billet-loading-block-clear-anodized\/","title":{"rendered":"144. Area 419 &#8211; Billet Loading Block \u2013 Clear Anodized"},"content":{"rendered":"<h2>Area 419 Hlin\u00edkov\u00fd nab\u00edjec\u00ed blok \u2013 \u010cir\u00e1 anodizace<\/h2>\n<p>Area 419 Anodizovan\u00fd nab\u00edjec\u00ed blok m\u00e1 tyto vlastnosti:<\/p>\n<ul>\n<li>50 m\u00edst pro n\u00e1boje 308, Magnum nebo Lapua<\/li>\n<li>Konstrukce z hlin\u00edku 6061-T6 s \u010dirou anodizovanou povrchovou \u00fapravou<\/li>\n<li>Rozm\u011bry: 24,13 cm x 10,16 cm x 1,59 cm<\/li>\n<li>Otvory hlubok\u00e9 12,7 mm s t\u011bsn\u00fdm ulo\u017een\u00edm n\u00e1bojnice<\/li>\n<li>St\u0159edov\u00e9 d\u016flky pro zachycen\u00ed prachov\u00fdch zrn<\/li>\n<li>Protiskluzov\u00e9 gumov\u00e9 podlo\u017eky na spodn\u00ed stran\u011b<\/li>\n<\/ul>\n<p>Dostupn\u00e9 pr\u016fm\u011bry otvor\u016f: 223 (9,91 mm), ARC\/Grendel (11,48 mm), 308 (12,32 mm), 284 (13,08 mm), Magnum (14,22 mm), Lapua (15,24 mm) a Cheytac (16,64 mm).<\/p>\n<p>Hmotnost: 0,64 kg<\/p>\n<p>Nab\u00edjec\u00ed blok Area 419 je odoln\u00fd a p\u0159esn\u011b vyroben\u00fd.<\/p>\n","protected":false},"excerpt":{"rendered":"<p>Odoln\u00fd eloxovan\u00fd nab\u00edjec\u00ed blok pro 50 n\u00e1boj\u016f. P\u0159esn\u011b obroben\u00fd, protiskluzov\u00fd.<\/p>\n","protected":false},"featured_media":233210,"template":"","meta":{"_acf_changed":false},"product_brand":[11032],"product_cat":[12705,12659],"product_tag":[],"class_list":{"0":"post-278637","1":"product","2":"type-product","3":"status-publish","4":"has-post-thumbnail","6":"product_brand-area-419","7":"product_cat-prebijeni","8":"product_cat-prislusenstvi-pro-prebijeni","10":"first","11":"instock","12":"taxable","13":"shipping-taxable","14":"purchasable","15":"product-type-variable","16":"wvs-archive-product-wrapper"},"acf":[],"_links":{"self":[{"href":"https:\/\/staging.nbg.eu\/cs\/wp-json\/wp\/v2\/product\/278637","targetHints":{"allow":["GET"]}}],"collection":[{"href":"https:\/\/staging.nbg.eu\/cs\/wp-json\/wp\/v2\/product"}],"about":[{"href":"https:\/\/staging.nbg.eu\/cs\/wp-json\/wp\/v2\/types\/product"}],"wp:featuredmedia":[{"embeddable":true,"href":"https:\/\/staging.nbg.eu\/cs\/wp-json\/wp\/v2\/media\/233210"}],"wp:attachment":[{"href":"https:\/\/staging.nbg.eu\/cs\/wp-json\/wp\/v2\/media?parent=278637"}],"wp:term":[{"taxonomy":"product_brand","embeddable":true,"href":"https:\/\/staging.nbg.eu\/cs\/wp-json\/wp\/v2\/product_brand?post=278637"},{"taxonomy":"product_cat","embeddable":true,"href":"https:\/\/staging.nbg.eu\/cs\/wp-json\/wp\/v2\/product_cat?post=278637"},{"taxonomy":"product_tag","embeddable":true,"href":"https:\/\/staging.nbg.eu\/cs\/wp-json\/wp\/v2\/product_tag?post=278637"}],"curies":[{"name":"wp","href":"https:\/\/api.w.org\/{rel}","templated":true}]}}