{"id":278283,"date":"2025-03-07T17:59:41","date_gmt":"2025-03-21T10:03:32","guid":{"rendered":"https:\/\/staging.nbg.eu\/product\/sellier-bellot-40sw-fmj-11-7g-180gr\/"},"modified":"2025-03-21T10:05:55","modified_gmt":"2025-03-21T10:05:55","slug":"sellier-bellot-40sw-fmj-117g-180gr","status":"publish","type":"product","link":"https:\/\/staging.nbg.eu\/cs\/produkt\/sellier-bellot-40sw-fmj-117g-180gr\/","title":{"rendered":"Sellier &#038; Bellot &#8211; 40S&#038;W FMJ &#8211; 11.7g \/ 180gr"},"content":{"rendered":"<p>Munice Sellier &amp; Bellot 40S&amp;W Full Metal Jacket je vhodn\u00e1 pro st\u0159elbu na ter\u010d. Ka\u017ed\u00fd n\u00e1boj obsahuje 180-grainovou FMJ st\u0159elu, kter\u00e1 poskytuje konzistentn\u00ed v\u00fdkon a spolehliv\u00e9 pod\u00e1v\u00e1n\u00ed ve va\u0161\u00ed zbrani r\u00e1\u017ee .40 S&amp;W.<\/p>\n<ul>\n<li>R\u00e1\u017ee: .40 S&amp;W<\/li>\n<li>Hmotnost st\u0159ely: 180 grain\u016f (11,7 g)<\/li>\n<li>Typ st\u0159ely: Full Metal Jacket (FMJ)<\/li>\n<li>\u00das\u0165ov\u00e1 rychlost: 968 FPS<\/li>\n<li>\u00das\u0165ov\u00e1 energie: 400 ft-lbs<\/li>\n<li>N\u00e1bojnice: Mosaz<\/li>\n<\/ul>\n<p>Tato munice se dod\u00e1v\u00e1 v krabic\u00edch po 50 n\u00e1boj\u00edch, s 20 krabicemi v jednom balen\u00ed. Mosazn\u00e1 n\u00e1bojnice zaji\u0161\u0165uje plynul\u00e9 cyklov\u00e1n\u00ed a umo\u017e\u0148uje p\u0159eb\u00edjen\u00ed. S rychlost\u00ed 940 fps tyto n\u00e1boje nab\u00edzej\u00ed v\u00fdkon pro st\u0159elbu na ter\u010d a cvi\u010dnou st\u0159elbu. Sellier &amp; Bellot poskytuje konzistentn\u00ed munici pro va\u0161i zbra\u0148 r\u00e1\u017ee .40 S&amp;W.<\/p>\n","protected":false},"excerpt":{"rendered":"<p>Munice 40 S&amp;W 180gr FMJ pro rekrea\u010dn\u00ed st\u0159elbu. Mosazn\u00e9 n\u00e1bojnice, 968 FPS, 50 n\u00e1boj\u016f v krabici.<\/p>\n","protected":false},"featured_media":248740,"template":"","meta":{"_acf_changed":false},"product_brand":[],"product_cat":[12684,12654],"product_tag":[],"class_list":{"0":"post-278283","1":"product","2":"type-product","3":"status-publish","4":"has-post-thumbnail","6":"product_cat-munice","7":"product_cat-pistolova-munice","9":"first","10":"instock","11":"taxable","12":"shipping-taxable","13":"purchasable","14":"product-type-simple"},"acf":[],"_links":{"self":[{"href":"https:\/\/staging.nbg.eu\/cs\/wp-json\/wp\/v2\/product\/278283","targetHints":{"allow":["GET"]}}],"collection":[{"href":"https:\/\/staging.nbg.eu\/cs\/wp-json\/wp\/v2\/product"}],"about":[{"href":"https:\/\/staging.nbg.eu\/cs\/wp-json\/wp\/v2\/types\/product"}],"wp:featuredmedia":[{"embeddable":true,"href":"https:\/\/staging.nbg.eu\/cs\/wp-json\/wp\/v2\/media\/248740"}],"wp:attachment":[{"href":"https:\/\/staging.nbg.eu\/cs\/wp-json\/wp\/v2\/media?parent=278283"}],"wp:term":[{"taxonomy":"product_brand","embeddable":true,"href":"https:\/\/staging.nbg.eu\/cs\/wp-json\/wp\/v2\/product_brand?post=278283"},{"taxonomy":"product_cat","embeddable":true,"href":"https:\/\/staging.nbg.eu\/cs\/wp-json\/wp\/v2\/product_cat?post=278283"},{"taxonomy":"product_tag","embeddable":true,"href":"https:\/\/staging.nbg.eu\/cs\/wp-json\/wp\/v2\/product_tag?post=278283"}],"curies":[{"name":"wp","href":"https:\/\/api.w.org\/{rel}","templated":true}]}}