{"id":278017,"date":"2025-03-07T09:56:26","date_gmt":"2025-03-21T07:55:50","guid":{"rendered":"https:\/\/staging.nbg.eu\/product\/hornady-6mm-arc-103-gr-eld%e2%80%91x-precision-hunter\/"},"modified":"2025-03-21T07:58:40","modified_gmt":"2025-03-21T07:58:40","slug":"hornady-6mm-arc-103-gr-eldx-precision-hunter","status":"publish","type":"product","link":"https:\/\/staging.nbg.eu\/cs\/produkt\/hornady-6mm-arc-103-gr-eldx-precision-hunter\/","title":{"rendered":"Hornady &#8211; 6mm ARC 103 gr ELD\u2011X\u00ae Precision Hunter\u00ae"},"content":{"rendered":"<div class=\"product-description\">\n<h2>Hornady 6mm ARC 103 gr ELD\u2011X\u00ae Precision Hunter\u00ae<\/h2>\n<p>6mm ARC je ur\u010den pro st\u0159elce. Tento n\u00e1boj nab\u00edz\u00ed:<\/p>\n<ul>\n<li>P\u0159esnost a v\u00fdkon na dlouh\u00e9 vzd\u00e1lenosti<\/li>\n<li>Vhodn\u00fd pro lov, sportovn\u00ed st\u0159elbu a osobn\u00ed ochranu<\/li>\n<li>Optimalizovan\u00fd pro platformy AR-15 a kr\u00e1tk\u00e9 opakovac\u00ed pu\u0161ky<\/li>\n<li>Vysok\u00fd balistick\u00fd koeficient pro lep\u0161\u00ed termin\u00e1ln\u00ed v\u00fdkon<\/li>\n<li>Vyv\u00e1\u017een\u00fd design n\u00e1boje, komory a st\u0159eln\u00e9ho prachu<\/li>\n<li>Dlouh\u00e1 \u017eivotnost hlavn\u011b<\/li>\n<\/ul>\n<p>6mm ARC je vhodn\u00fd pro r\u016fzn\u00e9 \u00fa\u010dely od osobn\u00ed obrany po lov na dlouh\u00e9 vzd\u00e1lenosti. Kompatibiln\u00ed s r\u016fzn\u00fdmi v\u00fdrobci zbran\u00ed, v\u010detn\u011b Barrett, Mossberg a Wilson Combat.<\/p>\n<\/div>\n","protected":false},"excerpt":{"rendered":"<p>Univerz\u00e1ln\u00ed 6mm ARC pro AR-15: \u00da\u010dinn\u00e9 st\u0159ely s vysok\u00fdm balistick\u00fdm koeficientem pro p\u0159esn\u00fd lov.<\/p>\n","protected":false},"featured_media":246020,"template":"","meta":{"_acf_changed":false},"product_brand":[11446],"product_cat":[12684,12721],"product_tag":[],"class_list":{"0":"post-278017","1":"product","2":"type-product","3":"status-publish","4":"has-post-thumbnail","6":"product_brand-hornady","7":"product_cat-munice","8":"product_cat-puskove-strelivo","10":"first","11":"instock","12":"taxable","13":"shipping-taxable","14":"purchasable","15":"product-type-simple"},"acf":[],"_links":{"self":[{"href":"https:\/\/staging.nbg.eu\/cs\/wp-json\/wp\/v2\/product\/278017","targetHints":{"allow":["GET"]}}],"collection":[{"href":"https:\/\/staging.nbg.eu\/cs\/wp-json\/wp\/v2\/product"}],"about":[{"href":"https:\/\/staging.nbg.eu\/cs\/wp-json\/wp\/v2\/types\/product"}],"wp:featuredmedia":[{"embeddable":true,"href":"https:\/\/staging.nbg.eu\/cs\/wp-json\/wp\/v2\/media\/246020"}],"wp:attachment":[{"href":"https:\/\/staging.nbg.eu\/cs\/wp-json\/wp\/v2\/media?parent=278017"}],"wp:term":[{"taxonomy":"product_brand","embeddable":true,"href":"https:\/\/staging.nbg.eu\/cs\/wp-json\/wp\/v2\/product_brand?post=278017"},{"taxonomy":"product_cat","embeddable":true,"href":"https:\/\/staging.nbg.eu\/cs\/wp-json\/wp\/v2\/product_cat?post=278017"},{"taxonomy":"product_tag","embeddable":true,"href":"https:\/\/staging.nbg.eu\/cs\/wp-json\/wp\/v2\/product_tag?post=278017"}],"curies":[{"name":"wp","href":"https:\/\/api.w.org\/{rel}","templated":true}]}}