{"id":277642,"date":"2025-03-07T07:46:42","date_gmt":"2025-03-07T07:46:42","guid":{"rendered":"https:\/\/staging.nbg.eu\/product\/gun-oil-go-juice-4-oz\/"},"modified":"2025-03-21T07:15:15","modified_gmt":"2025-03-21T07:15:15","slug":"gun-oil-go-juice-4oz","status":"publish","type":"product","link":"https:\/\/staging.nbg.eu\/cs\/produkt\/gun-oil-go-juice-4oz\/","title":{"rendered":"Gun Oil Go Juice 4.oz"},"content":{"rendered":"<div class=\"product-description\">\n<h2>ALG Go-Juice\u00ae (GJ\u00ae) 120 ml l\u00e1hev<\/h2>\n<p>ALG Go-Juice\u00ae je biosyntetick\u00e9 mazivo pro zbran\u011b. Hlavn\u00ed vlastnosti:<\/p>\n<ul>\n<li>Kluzkost 5kr\u00e1t vy\u0161\u0161\u00ed ne\u017e u vojensk\u00e9ho CLP<\/li>\n<li>Odolnost proti korozi<\/li>\n<li>Dlouhodob\u00e1 stabilita<\/li>\n<li>Netoxick\u00e1 slo\u017een\u00ed<\/li>\n<li>Vhodn\u00e9 pro automatick\u00e9 zbran\u011b a zbran\u011b pro skryt\u00e9 no\u0161en\u00ed<\/li>\n<\/ul>\n<p>Vyrobeno z GMO olejnat\u00fdch semen. Pro\u0161lo testy zrychlen\u00e9ho st\u00e1rnut\u00ed a soln\u00e9 mlhy. Toto mazivo nen\u00ed na b\u00e1zi ropy a udr\u017euje zbra\u0148 funk\u010dn\u00ed v n\u00e1ro\u010dn\u00fdch podm\u00ednk\u00e1ch.<\/p>\n<\/div>\n","protected":false},"excerpt":{"rendered":"<p>&#8222;Ultra hladk\u00e9, netoxick\u00e9 biosyntetick\u00e9 mazivo na zbran\u011b pro \u0161pi\u010dkov\u00fd v\u00fdkon.&#8220;<\/p>\n","protected":false},"featured_media":245927,"template":"","meta":{"_acf_changed":false},"product_brand":[11377],"product_cat":[12690,12678],"product_tag":[],"class_list":{"0":"post-277642","1":"product","2":"type-product","3":"status-publish","4":"has-post-thumbnail","6":"product_brand-geissele","7":"product_cat-cisteni-zbrani","8":"product_cat-maziva","10":"first","11":"instock","12":"taxable","13":"shipping-taxable","14":"purchasable","15":"product-type-simple"},"acf":[],"_links":{"self":[{"href":"https:\/\/staging.nbg.eu\/cs\/wp-json\/wp\/v2\/product\/277642","targetHints":{"allow":["GET"]}}],"collection":[{"href":"https:\/\/staging.nbg.eu\/cs\/wp-json\/wp\/v2\/product"}],"about":[{"href":"https:\/\/staging.nbg.eu\/cs\/wp-json\/wp\/v2\/types\/product"}],"wp:featuredmedia":[{"embeddable":true,"href":"https:\/\/staging.nbg.eu\/cs\/wp-json\/wp\/v2\/media\/245927"}],"wp:attachment":[{"href":"https:\/\/staging.nbg.eu\/cs\/wp-json\/wp\/v2\/media?parent=277642"}],"wp:term":[{"taxonomy":"product_brand","embeddable":true,"href":"https:\/\/staging.nbg.eu\/cs\/wp-json\/wp\/v2\/product_brand?post=277642"},{"taxonomy":"product_cat","embeddable":true,"href":"https:\/\/staging.nbg.eu\/cs\/wp-json\/wp\/v2\/product_cat?post=277642"},{"taxonomy":"product_tag","embeddable":true,"href":"https:\/\/staging.nbg.eu\/cs\/wp-json\/wp\/v2\/product_tag?post=277642"}],"curies":[{"name":"wp","href":"https:\/\/api.w.org\/{rel}","templated":true}]}}