{"id":276516,"date":"2025-03-03T19:46:03","date_gmt":"2025-03-03T19:46:03","guid":{"rendered":"https:\/\/staging.nbg.eu\/product\/daa-alpha-xip\/"},"modified":"2025-03-20T14:12:26","modified_gmt":"2025-03-20T14:12:26","slug":"daa-alpha-xip","status":"publish","type":"product","link":"https:\/\/staging.nbg.eu\/cs\/produkt\/daa-alpha-xip\/","title":{"rendered":"DAA Alpha-XiP"},"content":{"rendered":"<h2>DAA Alpha-XiP Magnetick\u00e1 sada<\/h2>\n<p>Vylep\u0161ete sv\u016fj DAA Racer pouzdro nebo Alpha XiP touto magnetickou sadou. P\u0159ipevn\u011bte magnet k va\u0161emu pouzdru pro rychl\u00e9 a bezpe\u010dn\u00e9 uchycen\u00ed.<\/p>\n<h3>Obsah sady:<\/h3>\n<ul>\n<li>DAA velk\u00fd magnet<\/li>\n<li>Nerezov\u00fd \u0161roub M5 10mm<\/li>\n<li>Mosazn\u00e1 tepeln\u00e1 vlo\u017eka M5 matice (6mm dlouh\u00e1)<\/li>\n<\/ul>\n<h3>Pot\u0159ebn\u00e9 n\u00e1stroje:<\/h3>\n<ul>\n<li>Vrta\u010dka s 6,3-6,5mm vrt\u00e1kem<\/li>\n<li>P\u00e1je\u010dka<\/li>\n<li>Piln\u00edk a brusn\u00fd pap\u00edr<\/li>\n<\/ul>\n<p>Postupujte podle na\u0161ich pokyn\u016f k mont\u00e1\u017ei pro \u00fapravu va\u0161eho pouzdra. Vyvrtejte p\u0159esn\u00fd otvor, vlo\u017ete tepelnou matici a p\u0159ipevn\u011bte magnet. S touto sadou vylep\u0161\u00edte funk\u010dnost a v\u0161estrannost va\u0161eho pouzdra.<\/p>\n<p><strong>Pozn\u00e1mka:<\/strong> Mont\u00e1\u017e vy\u017eaduje opatrnou manipulaci a trp\u011blivost. P\u0159i instalaci v\u017edy dbejte na bezpe\u010dnost.<\/p>\n","protected":false},"excerpt":{"rendered":"<p>DAA Alpha-XiP: P\u0159izp\u016fsobiteln\u00e1 sada magnetick\u00e9ho pouzdra<\/p>\n","protected":false},"featured_media":235849,"template":"","meta":{"_acf_changed":false},"product_brand":[11265],"product_cat":[12667,12676],"product_tag":[],"class_list":{"0":"post-276516","1":"product","2":"type-product","3":"status-publish","4":"has-post-thumbnail","6":"product_brand-doublealpha","7":"product_cat-kapsy","8":"product_cat-vybaveni","10":"first","11":"instock","12":"taxable","13":"shipping-taxable","14":"purchasable","15":"product-type-simple"},"acf":[],"_links":{"self":[{"href":"https:\/\/staging.nbg.eu\/cs\/wp-json\/wp\/v2\/product\/276516","targetHints":{"allow":["GET"]}}],"collection":[{"href":"https:\/\/staging.nbg.eu\/cs\/wp-json\/wp\/v2\/product"}],"about":[{"href":"https:\/\/staging.nbg.eu\/cs\/wp-json\/wp\/v2\/types\/product"}],"wp:featuredmedia":[{"embeddable":true,"href":"https:\/\/staging.nbg.eu\/cs\/wp-json\/wp\/v2\/media\/235849"}],"wp:attachment":[{"href":"https:\/\/staging.nbg.eu\/cs\/wp-json\/wp\/v2\/media?parent=276516"}],"wp:term":[{"taxonomy":"product_brand","embeddable":true,"href":"https:\/\/staging.nbg.eu\/cs\/wp-json\/wp\/v2\/product_brand?post=276516"},{"taxonomy":"product_cat","embeddable":true,"href":"https:\/\/staging.nbg.eu\/cs\/wp-json\/wp\/v2\/product_cat?post=276516"},{"taxonomy":"product_tag","embeddable":true,"href":"https:\/\/staging.nbg.eu\/cs\/wp-json\/wp\/v2\/product_tag?post=276516"}],"curies":[{"name":"wp","href":"https:\/\/api.w.org\/{rel}","templated":true}]}}