{"id":276064,"date":"2025-03-02T17:08:39","date_gmt":"2025-03-02T17:08:39","guid":{"rendered":"https:\/\/staging.nbg.eu\/product\/bore-tech-decimator-suppressor-cleaner\/"},"modified":"2025-03-20T13:30:55","modified_gmt":"2025-03-20T13:30:55","slug":"bore-tech-decimator-cistic-tlumicu","status":"publish","type":"product","link":"https:\/\/staging.nbg.eu\/cs\/produkt\/bore-tech-decimator-cistic-tlumicu\/","title":{"rendered":"Bore Tech Decimator \u010disti\u010d tlumi\u010d\u016f"},"content":{"rendered":"<div class=\"product-description\">\n<h2>Bore Tech Decimator \u010disti\u010d tlumi\u010d\u016f<\/h2>\n<p>Bore Tech Decimator \u010disti\u010d tlumi\u010d\u016f je dvouslo\u017ekov\u00fd p\u0159\u00edpravek navr\u017een\u00fd pro bezpe\u010dn\u00e9 a \u00fa\u010dinn\u00e9 odstran\u011bn\u00ed siln\u00e9ho zne\u010di\u0161t\u011bn\u00ed v tlumi\u010d\u00edch pro malor\u00e1\u017eky i velkor\u00e1\u017en\u00e9 zbran\u011b.<\/p>\n<ul>\n<li>Bezpe\u010dn\u00fd pro tlumi\u010de<\/li>\n<li>Nen\u00ed nebezpe\u010dn\u00fd a neobsahuje amoniak<\/li>\n<li>Bez z\u00e1pachu a biologicky rozlo\u017eiteln\u00fd<\/li>\n<li>Bezpe\u010dn\u00fd pro hlin\u00edk, nerezovou ocel, titan a r\u016fzn\u00e9 slitiny<\/li>\n<\/ul>\n<p>\u010c\u00e1st A je zam\u011b\u0159ena na odoln\u00e9 usazeniny uhl\u00edku a olova, zat\u00edmco \u010d\u00e1st B se zam\u011b\u0159uje na siln\u00e9 zne\u010di\u0161t\u011bn\u00ed m\u011bd\u00ed. P\u0159i pou\u017eit\u00ed se syst\u00e9mem Decimator pro \u010di\u0161t\u011bn\u00ed tlumi\u010d\u016f je vhodn\u00fd pro \u00fadr\u017ebu tlumi\u010d\u016f, \u00fas\u0165ov\u00fdch brzd, rychloup\u00ednac\u00edch mont\u00e1\u017e\u00ed a tlumi\u010d\u016f plamene.<\/p>\n<p>Bore Tech Decimator \u010disti\u010d tlumi\u010d\u016f pom\u00e1h\u00e1 chr\u00e1nit va\u0161i investici a zajistit optim\u00e1ln\u00ed v\u00fdkon.<\/p>\n<\/div>\n","protected":false},"excerpt":{"rendered":"<p>\u00da\u010dinn\u00fd a bezpe\u010dn\u00fd \u010disti\u010d tlumi\u010d\u016f pro odstran\u011bn\u00ed extr\u00e9mn\u00edho zne\u010di\u0161t\u011bn\u00ed.<\/p>\n","protected":false},"featured_media":235241,"template":"","meta":{"_acf_changed":false},"product_brand":[],"product_cat":[12690,12725],"product_tag":[],"class_list":{"0":"post-276064","1":"product","2":"type-product","3":"status-publish","4":"has-post-thumbnail","6":"product_cat-cisteni-zbrani","7":"product_cat-nezarazeno","9":"first","10":"instock","11":"taxable","12":"shipping-taxable","13":"purchasable","14":"product-type-simple"},"acf":[],"_links":{"self":[{"href":"https:\/\/staging.nbg.eu\/cs\/wp-json\/wp\/v2\/product\/276064","targetHints":{"allow":["GET"]}}],"collection":[{"href":"https:\/\/staging.nbg.eu\/cs\/wp-json\/wp\/v2\/product"}],"about":[{"href":"https:\/\/staging.nbg.eu\/cs\/wp-json\/wp\/v2\/types\/product"}],"wp:featuredmedia":[{"embeddable":true,"href":"https:\/\/staging.nbg.eu\/cs\/wp-json\/wp\/v2\/media\/235241"}],"wp:attachment":[{"href":"https:\/\/staging.nbg.eu\/cs\/wp-json\/wp\/v2\/media?parent=276064"}],"wp:term":[{"taxonomy":"product_brand","embeddable":true,"href":"https:\/\/staging.nbg.eu\/cs\/wp-json\/wp\/v2\/product_brand?post=276064"},{"taxonomy":"product_cat","embeddable":true,"href":"https:\/\/staging.nbg.eu\/cs\/wp-json\/wp\/v2\/product_cat?post=276064"},{"taxonomy":"product_tag","embeddable":true,"href":"https:\/\/staging.nbg.eu\/cs\/wp-json\/wp\/v2\/product_tag?post=276064"}],"curies":[{"name":"wp","href":"https:\/\/api.w.org\/{rel}","templated":true}]}}