{"id":274773,"date":"2025-03-03T19:50:37","date_gmt":"2025-03-03T19:50:37","guid":{"rendered":"https:\/\/staging.nbg.eu\/product\/daa-dry-fire-target-set-metric-uspsa\/"},"modified":"2025-03-20T10:17:12","modified_gmt":"2025-03-20T10:17:12","slug":"daa-sada-tercu-pro-suchy-vycvik-metric-uspsa","status":"publish","type":"product","link":"https:\/\/staging.nbg.eu\/cs\/produkt\/daa-sada-tercu-pro-suchy-vycvik-metric-uspsa\/","title":{"rendered":"DAA Sada ter\u010d\u016f pro such\u00fd v\u00fdcvik (Metric &#8211; USPSA)"},"content":{"rendered":"<div class=\"product-description\">\n<h2>DAA Sada ter\u010d\u016f pro such\u00fd n\u00e1cvik st\u0159elby (Metrick\u00e9 &#8211; USPSA)<\/h2>\n<p>Sada obsahuje 17 zmen\u0161en\u00fdch metrick\u00fdch ter\u010d\u016f USPSA, vhodn\u00fdch pro vnit\u0159n\u00ed tr\u00e9nink.<\/p>\n<ul>\n<li>Vy\u0159ez\u00e1no laserem z 3mm d\u0159ev\u011bn\u00fdch desek<\/li>\n<li>Simuluje ter\u010de ve vzd\u00e1lenosti 15, 20 a 30 metr\u016f p\u0159i um\u00edst\u011bn\u00ed 2,5-3 metry od st\u0159elce<\/li>\n<li>T\u0159i velikosti: 32% (24cm), 20% (15cm) a 12% (9cm) pln\u00e9 velikosti ter\u010d\u016f<\/li>\n<li>Obsahuje \u010d\u00e1ste\u010dn\u00e9 ter\u010de pro r\u016fzn\u00e9 tr\u00e9ninkov\u00e9 sc\u00e9n\u00e1\u0159e<\/li>\n<li>Otvory pro snadn\u00e9 zav\u011b\u0161en\u00ed<\/li>\n<\/ul>\n<p>Procvi\u010dujte such\u00fd n\u00e1cvik st\u0159elby a zlep\u0161ujte ovl\u00e1d\u00e1n\u00ed spou\u0161t\u011b. Tr\u00e9nujte doma s touto sadou ter\u010d\u016f.<\/p>\n<\/div>\n","protected":false},"excerpt":{"rendered":"<p>Realistick\u00e9, zmen\u0161en\u00e9 USPSA ter\u010de pro efektivn\u00ed cvi\u010den\u00ed st\u0159elby nasucho v dom\u00e1c\u00edm prost\u0159ed\u00ed.<\/p>\n","protected":false},"featured_media":235966,"template":"","meta":{"_acf_changed":false},"product_brand":[11265],"product_cat":[12682,12707],"product_tag":[],"class_list":{"0":"post-274773","1":"product","2":"type-product","3":"status-publish","4":"has-post-thumbnail","6":"product_brand-doublealpha","7":"product_cat-papirove-terce","8":"product_cat-terce","10":"first","11":"outofstock","12":"taxable","13":"shipping-taxable","14":"purchasable","15":"product-type-simple"},"acf":[],"_links":{"self":[{"href":"https:\/\/staging.nbg.eu\/cs\/wp-json\/wp\/v2\/product\/274773","targetHints":{"allow":["GET"]}}],"collection":[{"href":"https:\/\/staging.nbg.eu\/cs\/wp-json\/wp\/v2\/product"}],"about":[{"href":"https:\/\/staging.nbg.eu\/cs\/wp-json\/wp\/v2\/types\/product"}],"wp:featuredmedia":[{"embeddable":true,"href":"https:\/\/staging.nbg.eu\/cs\/wp-json\/wp\/v2\/media\/235966"}],"wp:attachment":[{"href":"https:\/\/staging.nbg.eu\/cs\/wp-json\/wp\/v2\/media?parent=274773"}],"wp:term":[{"taxonomy":"product_brand","embeddable":true,"href":"https:\/\/staging.nbg.eu\/cs\/wp-json\/wp\/v2\/product_brand?post=274773"},{"taxonomy":"product_cat","embeddable":true,"href":"https:\/\/staging.nbg.eu\/cs\/wp-json\/wp\/v2\/product_cat?post=274773"},{"taxonomy":"product_tag","embeddable":true,"href":"https:\/\/staging.nbg.eu\/cs\/wp-json\/wp\/v2\/product_tag?post=274773"}],"curies":[{"name":"wp","href":"https:\/\/api.w.org\/{rel}","templated":true}]}}