{"id":274627,"date":"2025-03-06T20:28:07","date_gmt":"2025-03-20T09:59:20","guid":{"rendered":"https:\/\/staging.nbg.eu\/product\/3m-peltor-protac-iii-slim-headset\/"},"modified":"2025-03-20T10:02:18","modified_gmt":"2025-03-20T10:02:18","slug":"3m-peltor-protac-iii-slim-sluchatka","status":"publish","type":"product","link":"https:\/\/staging.nbg.eu\/cs\/produkt\/3m-peltor-protac-iii-slim-sluchatka\/","title":{"rendered":"3M PELTOR ProTac III Slim sluch\u00e1tka"},"content":{"rendered":"<div class=\"product-description\">\n<h2>3M\u2122 PELTOR\u2122 ProTac III Slim Sluch\u00e1tka<\/h2>\n<p>ProTac III Slim sluch\u00e1tka nab\u00edz\u00ed ochranu sluchu. Tato sluch\u00e1tka poskytuj\u00ed:<\/p>\n<ul>\n<li>23dB hodnocen\u00ed sn\u00ed\u017een\u00ed hluku (NRR) pro ochranu<\/li>\n<li>Mikrofony pro ochranu sluchu z\u00e1vislou na \u00farovni hluku<\/li>\n<li>Schopnost poslechu okol\u00ed pro pov\u011bdom\u00ed o situaci<\/li>\n<li>Technologie omezen\u00ed zvuku, kter\u00e1 omezuje hlasitost reproduktoru na 82 dBA<\/li>\n<li>3,5mm vstup pro stereo poslech extern\u00edch za\u0159\u00edzen\u00ed (mobiln\u00ed telefony, vys\u00edla\u010dky, iPody)<\/li>\n<\/ul>\n<p>Vlastnosti zahrnuj\u00ed:<\/p>\n<ul>\n<li>\u010cern\u00fd design<\/li>\n<li>Pohodln\u00fd hlavov\u00fd most<\/li>\n<li>Dr\u00e1tov\u00e9 p\u0159ipojen\u00ed<\/li>\n<\/ul>\n<p>Vhodn\u00e9 pro profesion\u00e1ly, kte\u0159\u00ed pot\u0159ebuj\u00ed komunika\u010dn\u00ed schopnosti a ochranu sluchu.<\/p>\n<\/div>\n","protected":false},"excerpt":{"rendered":"<p>Chytr\u00e1 ochrana sluchu s funkc\u00ed poslechu okol\u00ed a mo\u017enost\u00ed p\u0159ipojen\u00ed k za\u0159\u00edzen\u00edm.<\/p>\n","protected":false},"featured_media":245671,"template":"","meta":{"_acf_changed":false},"product_brand":[11009],"product_cat":[12671,12676],"product_tag":[],"class_list":{"0":"post-274627","1":"product","2":"type-product","3":"status-publish","4":"has-post-thumbnail","6":"product_brand-3m","7":"product_cat-sluchova-ochrana","8":"product_cat-vybaveni","10":"first","11":"instock","12":"taxable","13":"shipping-taxable","14":"purchasable","15":"product-type-simple"},"acf":[],"_links":{"self":[{"href":"https:\/\/staging.nbg.eu\/cs\/wp-json\/wp\/v2\/product\/274627","targetHints":{"allow":["GET"]}}],"collection":[{"href":"https:\/\/staging.nbg.eu\/cs\/wp-json\/wp\/v2\/product"}],"about":[{"href":"https:\/\/staging.nbg.eu\/cs\/wp-json\/wp\/v2\/types\/product"}],"wp:featuredmedia":[{"embeddable":true,"href":"https:\/\/staging.nbg.eu\/cs\/wp-json\/wp\/v2\/media\/245671"}],"wp:attachment":[{"href":"https:\/\/staging.nbg.eu\/cs\/wp-json\/wp\/v2\/media?parent=274627"}],"wp:term":[{"taxonomy":"product_brand","embeddable":true,"href":"https:\/\/staging.nbg.eu\/cs\/wp-json\/wp\/v2\/product_brand?post=274627"},{"taxonomy":"product_cat","embeddable":true,"href":"https:\/\/staging.nbg.eu\/cs\/wp-json\/wp\/v2\/product_cat?post=274627"},{"taxonomy":"product_tag","embeddable":true,"href":"https:\/\/staging.nbg.eu\/cs\/wp-json\/wp\/v2\/product_tag?post=274627"}],"curies":[{"name":"wp","href":"https:\/\/api.w.org\/{rel}","templated":true}]}}