{"id":274504,"date":"2025-03-03T19:48:45","date_gmt":"2025-03-03T19:48:45","guid":{"rendered":"https:\/\/staging.nbg.eu\/product\/daa-dry-fire-target-set-classic-ipsc\/"},"modified":"2025-03-20T09:16:31","modified_gmt":"2025-03-20T09:16:31","slug":"daa-sada-tercu-pro-suchy-vycvik-classic-ipsc","status":"publish","type":"product","link":"https:\/\/staging.nbg.eu\/cs\/produkt\/daa-sada-tercu-pro-suchy-vycvik-classic-ipsc\/","title":{"rendered":"DAA Sada ter\u010d\u016f pro such\u00fd v\u00fdcvik (Classic-IPSC)"},"content":{"rendered":"<h2>DAA Sada ter\u010d\u016f pro such\u00fd n\u00e1cvik st\u0159elby (Classic-IPSC)<\/h2>\n<p>Sada ter\u010d\u016f pro such\u00fd n\u00e1cvik st\u0159elby obsahuje 20 zmen\u0161en\u00fdch IPSC Classic ter\u010d\u016f. Vhodn\u00e9 pro vnit\u0159n\u00ed tr\u00e9nink, tyto d\u0159ev\u011bn\u00e9 ter\u010de laserem vy\u0159ezan\u00e9 simuluj\u00ed realistick\u00e9 vzd\u00e1lenosti a pohled na m\u00ed\u0159idla.<\/p>\n<ul>\n<li>3mm siln\u00e9 d\u0159ev\u011bn\u00e9 desky pro odolnost a autentickou barvu<\/li>\n<li>Velikosti: 32% (18,5cm), 20% (11,5cm) a 12% (6,8cm) pln\u00e9 velikosti ter\u010d\u016f<\/li>\n<li>Obsahuje 3 mal\u00e9 popper ter\u010de a \u010d\u00e1ste\u010dn\u00e9 ter\u010de<\/li>\n<li>Otvory pro zav\u011b\u0161en\u00ed pro snadn\u00e9 nastaven\u00ed<\/li>\n<\/ul>\n<p>Zlep\u0161ete svou st\u0159eleckou techniku bez n\u00e1klad\u016f na munici nebo \u010dasu na st\u0159elnici. Tr\u00e9nujte s vlastn\u00edm vybaven\u00edm a rozv\u00edjejte d\u016fle\u017eit\u00e9 podv\u011bdom\u00e9 dovednosti. Um\u00edst\u011bte ter\u010de 2,5-3 metry daleko pro simulaci vzd\u00e1lenost\u00ed 15, 20 a 30 metr\u016f. Zdokonalte sv\u016fj pohled na m\u00ed\u0159idla a kontrolu spou\u0161t\u011b v pohodl\u00ed domova.<\/p>\n<p>Zlep\u0161ete sv\u016fj such\u00fd n\u00e1cvik st\u0159elby se sadou ter\u010d\u016f DAA pro such\u00fd n\u00e1cvik st\u0159elby.<\/p>\n","protected":false},"excerpt":{"rendered":"<p>Realistick\u00e9, zmen\u0161en\u00e9 IPSC ter\u010de pro efektivn\u00ed such\u00fd tr\u00e9nink st\u0159elby doma.<\/p>\n","protected":false},"featured_media":235919,"template":"","meta":{"_acf_changed":false},"product_brand":[11265],"product_cat":[12682,12707],"product_tag":[],"class_list":{"0":"post-274504","1":"product","2":"type-product","3":"status-publish","4":"has-post-thumbnail","6":"product_brand-doublealpha","7":"product_cat-papirove-terce","8":"product_cat-terce","10":"first","11":"outofstock","12":"taxable","13":"shipping-taxable","14":"purchasable","15":"product-type-simple"},"acf":[],"_links":{"self":[{"href":"https:\/\/staging.nbg.eu\/cs\/wp-json\/wp\/v2\/product\/274504","targetHints":{"allow":["GET"]}}],"collection":[{"href":"https:\/\/staging.nbg.eu\/cs\/wp-json\/wp\/v2\/product"}],"about":[{"href":"https:\/\/staging.nbg.eu\/cs\/wp-json\/wp\/v2\/types\/product"}],"wp:featuredmedia":[{"embeddable":true,"href":"https:\/\/staging.nbg.eu\/cs\/wp-json\/wp\/v2\/media\/235919"}],"wp:attachment":[{"href":"https:\/\/staging.nbg.eu\/cs\/wp-json\/wp\/v2\/media?parent=274504"}],"wp:term":[{"taxonomy":"product_brand","embeddable":true,"href":"https:\/\/staging.nbg.eu\/cs\/wp-json\/wp\/v2\/product_brand?post=274504"},{"taxonomy":"product_cat","embeddable":true,"href":"https:\/\/staging.nbg.eu\/cs\/wp-json\/wp\/v2\/product_cat?post=274504"},{"taxonomy":"product_tag","embeddable":true,"href":"https:\/\/staging.nbg.eu\/cs\/wp-json\/wp\/v2\/product_tag?post=274504"}],"curies":[{"name":"wp","href":"https:\/\/api.w.org\/{rel}","templated":true}]}}