{"id":236086,"date":"2025-03-03T20:03:09","date_gmt":"2025-03-03T20:03:09","guid":{"rendered":"https:\/\/staging.nbg.eu\/?post_type=product&#038;p=236086"},"modified":"2025-09-30T13:05:19","modified_gmt":"2025-09-30T10:05:19","slug":"grips-kmr-s-modularni-brusny-papir-stribrny","status":"publish","type":"product","link":"https:\/\/staging.nbg.eu\/cs\/produkt\/grips-kmr-s-modularni-brusny-papir-stribrny\/","title":{"rendered":"GRIPS KMR S Modul\u00e1rn\u00ed brusn\u00fd pap\u00edr st\u0159\u00edbrn\u00fd"},"content":{"rendered":"<h2>GRIPS KMR S Modul\u00e1rn\u00ed brusn\u00fd pap\u00edr &#8211; \u010cern\u00fd<\/h2>\n<p>Rukojeti z brusn\u00e9ho pap\u00edru pro pistoli KMR S-02. Vyrobeny z eloxovan\u00e9ho duralu, tyto dlouh\u00e9 rukojeti zlep\u0161uj\u00ed ovl\u00e1d\u00e1n\u00ed a pohodl\u00ed.<\/p>\n<h2>Vlastnosti:<\/h2>\n<ul>\n<li>Ur\u010deno pro modely KMR S-02 .22 LR<\/li>\n<li>Konstrukce z eloxovan\u00e9ho duralu<\/li>\n<li>Navr\u017eeno pro pou\u017eit\u00ed bez vod\u00edtka z\u00e1sobn\u00edku<\/li>\n<li>Obsahuje torx \u0161rouby pro instalaci<\/li>\n<li>\u010cern\u00e1 povrchov\u00e1 \u00faprava s logem KMR<\/li>\n<\/ul>\n<p>Pozn\u00e1mka: Tyto rukojeti jsou ur\u010deny pro 26mm \u0161irok\u00fd hlin\u00edkov\u00fd r\u00e1m KMR S-02 a nejsou kompatibiln\u00ed s r\u00e1my W-02 nebo L-02. Zlep\u0161uj\u00ed \u00fachop a p\u0159esnost st\u0159elby pro pistoli KMR S-02.<\/p>\n<dl class=\"data-sheet\">\n<dt class=\"name\">Pro zbran\u011b KMR<\/dt>\n<dd class=\"value\">KMR S-01 LANCE (OR)<br \/>\nKMR S-02 DO ROKU 2023<\/dd>\n<dt class=\"name\">V\u00fdb\u011br podle zbran\u00ed CZ<\/dt>\n<dd class=\"value\">CZ SHADOW 1<br \/>\nCZ SHADOW 2<br \/>\nCZ SHADOW 2 (OR)<br \/>\nCZ SP-01<\/dd>\n<\/dl>\n","protected":false},"excerpt":{"rendered":"<p>KMR S-02 \u010dern\u00e1 modul\u00e1rn\u00ed rukoje\u0165, kompatibiln\u00ed s hlin\u00edkov\u00fdm r\u00e1mem.<br \/>\n0611-03101-0101<\/p>\n","protected":false},"featured_media":73888,"template":"","meta":{"_acf_changed":false},"product_brand":[11490],"product_cat":[12661],"product_tag":[],"class_list":{"0":"post-236086","1":"product","2":"type-product","3":"status-publish","4":"has-post-thumbnail","6":"product_brand-kmr-precision","7":"product_cat-kmr-dily","9":"first","10":"instock","11":"taxable","12":"shipping-taxable","13":"purchasable","14":"product-type-simple"},"acf":[],"_links":{"self":[{"href":"https:\/\/staging.nbg.eu\/cs\/wp-json\/wp\/v2\/product\/236086","targetHints":{"allow":["GET"]}}],"collection":[{"href":"https:\/\/staging.nbg.eu\/cs\/wp-json\/wp\/v2\/product"}],"about":[{"href":"https:\/\/staging.nbg.eu\/cs\/wp-json\/wp\/v2\/types\/product"}],"wp:featuredmedia":[{"embeddable":true,"href":"https:\/\/staging.nbg.eu\/cs\/wp-json\/wp\/v2\/media\/73888"}],"wp:attachment":[{"href":"https:\/\/staging.nbg.eu\/cs\/wp-json\/wp\/v2\/media?parent=236086"}],"wp:term":[{"taxonomy":"product_brand","embeddable":true,"href":"https:\/\/staging.nbg.eu\/cs\/wp-json\/wp\/v2\/product_brand?post=236086"},{"taxonomy":"product_cat","embeddable":true,"href":"https:\/\/staging.nbg.eu\/cs\/wp-json\/wp\/v2\/product_cat?post=236086"},{"taxonomy":"product_tag","embeddable":true,"href":"https:\/\/staging.nbg.eu\/cs\/wp-json\/wp\/v2\/product_tag?post=236086"}],"curies":[{"name":"wp","href":"https:\/\/api.w.org\/{rel}","templated":true}]}}