{"id":22529,"date":"2024-08-19T17:28:32","date_gmt":"2024-08-19T17:28:32","guid":{"rendered":"https:\/\/staging.nbg.eu\/product\/produkt-2\/"},"modified":"2024-09-09T15:07:53","modified_gmt":"2024-09-09T15:07:53","slug":"pruzinovy-kolik-zarazky-zaveru-kmr","status":"publish","type":"product","link":"https:\/\/staging.nbg.eu\/cs\/produkt\/pruzinovy-kolik-zarazky-zaveru-kmr\/","title":{"rendered":"Pru\u017einov\u00fd kol\u00edk zar\u00e1\u017eky z\u00e1v\u011bru KMR"},"content":{"rendered":"<p>P\u0159esn\u00fd pru\u017einov\u00fd \u010dep zar\u00e1\u017eky z\u00e1v\u011bru KMR: Odoln\u00fd, p\u0159esn\u011b padnouc\u00ed.<\/p>\n","protected":false},"excerpt":{"rendered":"<p>Z\u00e1sadn\u00ed sou\u010d\u00e1st pistole KMR, vyroben\u00e1 s p\u0159esnost\u00ed.<\/p>\n","protected":false},"featured_media":60763,"template":"","meta":{"_acf_changed":false},"product_brand":[],"product_cat":[12661],"product_tag":[],"class_list":{"0":"post-22529","1":"product","2":"type-product","3":"status-publish","4":"has-post-thumbnail","6":"product_cat-kmr-dily","8":"first","9":"instock","10":"taxable","11":"shipping-taxable","12":"product-type-simple"},"acf":[],"_links":{"self":[{"href":"https:\/\/staging.nbg.eu\/cs\/wp-json\/wp\/v2\/product\/22529","targetHints":{"allow":["GET"]}}],"collection":[{"href":"https:\/\/staging.nbg.eu\/cs\/wp-json\/wp\/v2\/product"}],"about":[{"href":"https:\/\/staging.nbg.eu\/cs\/wp-json\/wp\/v2\/types\/product"}],"wp:featuredmedia":[{"embeddable":true,"href":"https:\/\/staging.nbg.eu\/cs\/wp-json\/wp\/v2\/media\/60763"}],"wp:attachment":[{"href":"https:\/\/staging.nbg.eu\/cs\/wp-json\/wp\/v2\/media?parent=22529"}],"wp:term":[{"taxonomy":"product_brand","embeddable":true,"href":"https:\/\/staging.nbg.eu\/cs\/wp-json\/wp\/v2\/product_brand?post=22529"},{"taxonomy":"product_cat","embeddable":true,"href":"https:\/\/staging.nbg.eu\/cs\/wp-json\/wp\/v2\/product_cat?post=22529"},{"taxonomy":"product_tag","embeddable":true,"href":"https:\/\/staging.nbg.eu\/cs\/wp-json\/wp\/v2\/product_tag?post=22529"}],"curies":[{"name":"wp","href":"https:\/\/api.w.org\/{rel}","templated":true}]}}