{"id":214456,"date":"2024-09-02T10:51:57","date_gmt":"2025-02-19T16:45:47","guid":{"rendered":"https:\/\/staging.nbg.eu\/product\/badger-ordnance-30mm-condition-one-accessory-ring-cap\/"},"modified":"2025-02-19T16:48:05","modified_gmt":"2025-02-19T16:48:05","slug":"badger-ordnance-30mm-condition-one-accessory-ring-cap","status":"publish","type":"product","link":"https:\/\/staging.nbg.eu\/cs\/produkt\/badger-ordnance-30mm-condition-one-accessory-ring-cap\/","title":{"rendered":"Badger Ordnance 30mm Condition One Accessory Ring Cap"},"content":{"rendered":"<div class=\"product-description\">\n<h2>BADGER ORDNANCE 30MM CONDITION ONE DOPL\u0147KOV\u00dd KROU\u017dKOV\u00dd KRYT<\/h2>\n<p>Badger Ordnance 30MM Condition One dopl\u0148kov\u00fd krou\u017ekov\u00fd kryt je navr\u017een pro integraci s mont\u00e1\u017e\u00ed pu\u0161kov\u00e9ho zam\u011b\u0159ova\u010de a poskytuje dal\u0161\u00ed funkce a mo\u017enosti p\u0159izp\u016fsoben\u00ed.<\/p>\n<ul>\n<li><strong>Barva:<\/strong> \u010cern\u00e1<\/li>\n<li><strong>Materi\u00e1l:<\/strong> Vyroben z hlin\u00edku 7075 T6 pro pevnost a n\u00edzkou hmotnost<\/li>\n<li><strong>Platforma:<\/strong> Univerz\u00e1ln\u00ed design, nen\u00ed specifick\u00fd pro konkr\u00e9tn\u00ed platformu<\/li>\n<li><strong>Hmotnost:<\/strong> 51 gram\u016f<\/li>\n<\/ul>\n<p>Tento dopl\u0148kov\u00fd krou\u017ekov\u00fd kryt je navr\u017een pro taktick\u00e9 a sout\u011b\u017en\u00ed st\u0159elce a nab\u00edz\u00ed bezpe\u010dn\u00e9 a spolehliv\u00e9 \u0159e\u0161en\u00ed pro mont\u00e1\u017e r\u016fzn\u00fdch dopl\u0148k\u016f.<\/p>\n<\/div>\n","protected":false},"excerpt":{"rendered":"<p>Lehk\u00fd hlin\u00edkov\u00fd krou\u017eek pro pu\u0161kohled s pr\u016fm\u011brem 30 mm. Odoln\u00e1 \u010dern\u00e1 povrchov\u00e1 \u00faprava.<\/p>\n","protected":false},"featured_media":83042,"template":"","meta":{"_acf_changed":false},"product_brand":[11083],"product_cat":[12685,12709,12658,12653],"product_tag":[],"class_list":{"0":"post-214456","1":"product","2":"type-product","3":"status-publish","4":"has-post-thumbnail","6":"product_brand-badger-ordnance","7":"product_cat-mireni","8":"product_cat-puska","9":"product_cat-rifle-tuning","10":"product_cat-zvetsujici-optika","12":"first","13":"instock","14":"taxable","15":"shipping-taxable","16":"purchasable","17":"product-type-simple"},"acf":[],"_links":{"self":[{"href":"https:\/\/staging.nbg.eu\/cs\/wp-json\/wp\/v2\/product\/214456","targetHints":{"allow":["GET"]}}],"collection":[{"href":"https:\/\/staging.nbg.eu\/cs\/wp-json\/wp\/v2\/product"}],"about":[{"href":"https:\/\/staging.nbg.eu\/cs\/wp-json\/wp\/v2\/types\/product"}],"wp:featuredmedia":[{"embeddable":true,"href":"https:\/\/staging.nbg.eu\/cs\/wp-json\/wp\/v2\/media\/83042"}],"wp:attachment":[{"href":"https:\/\/staging.nbg.eu\/cs\/wp-json\/wp\/v2\/media?parent=214456"}],"wp:term":[{"taxonomy":"product_brand","embeddable":true,"href":"https:\/\/staging.nbg.eu\/cs\/wp-json\/wp\/v2\/product_brand?post=214456"},{"taxonomy":"product_cat","embeddable":true,"href":"https:\/\/staging.nbg.eu\/cs\/wp-json\/wp\/v2\/product_cat?post=214456"},{"taxonomy":"product_tag","embeddable":true,"href":"https:\/\/staging.nbg.eu\/cs\/wp-json\/wp\/v2\/product_tag?post=214456"}],"curies":[{"name":"wp","href":"https:\/\/api.w.org\/{rel}","templated":true}]}}