{"id":214244,"date":"2024-01-13T11:03:57","date_gmt":"2024-01-13T11:03:57","guid":{"rendered":"https:\/\/staging.nbg.eu\/product\/surefire-m640v-pro-scout-light-pro-infrared\/"},"modified":"2025-02-19T16:45:31","modified_gmt":"2025-02-19T16:45:31","slug":"surefire-m640v-pro-scout-light-pro-infracervena","status":"publish","type":"product","link":"https:\/\/staging.nbg.eu\/cs\/produkt\/surefire-m640v-pro-scout-light-pro-infracervena\/","title":{"rendered":"SureFire M640V-PRO (SCOUT LIGHT PRO infra\u010derven\u00e1)"},"content":{"rendered":"<div class=\"product-description\">\n<h2>SureFire M640V-PRO SCOUT LIGHT PRO INFRA\u010cERVEN\u00c9<\/h2>\n<p>M640V-PRO nab\u00edz\u00ed:<\/p>\n<ul>\n<li>Hybridn\u00ed vzor paprsku pro identifikaci na dlouhou vzd\u00e1lenost a situa\u010dn\u00ed pov\u011bdom\u00ed<\/li>\n<li>Nov\u00fd n\u00edzkoprofilov\u00fd dr\u017e\u00e1k pro optim\u00e1ln\u00ed um\u00edst\u011bn\u00ed a kompatibilitu s p\u0159\u00edslu\u0161enstv\u00edm na li\u0161t\u011b<\/li>\n<li>Mo\u017enosti mont\u00e1\u017ee na li\u0161ty Picatinny nebo M-Lok<\/li>\n<li>Dv\u011b spektra: 350 lumen\u016f b\u00edl\u00e9ho sv\u011btla \/ 120 mW IR v\u00fdstupu<\/li>\n<li>V\u00fdb\u011br spektra ot\u00e1\u010den\u00edm obj\u00edmky<\/li>\n<li>TIR \u010do\u010dka pro paprsek s dlouh\u00fdm dosahem a dostate\u010dn\u00fdm okoln\u00edm sv\u011btlem<\/li>\n<li>Aktivace tla\u010d\u00edtkem na koncovce<\/li>\n<li>Konstrukce z leteck\u00e9ho hlin\u00edku s tvrd\u011b eloxovanou povrchovou \u00fapravou dle vojensk\u00fdch specifikac\u00ed<\/li>\n<li>O-krou\u017ekov\u00e9 t\u011bsn\u011bn\u00ed pro spolehlivost za ka\u017ed\u00e9ho po\u010das\u00ed<\/li>\n<\/ul>\n<p>Toto odoln\u00e9 a univerz\u00e1ln\u00ed sv\u011btlo na zbra\u0148 je vhodn\u00e9 pro taktick\u00e9 situace.<\/p>\n<\/div>\n","protected":false},"excerpt":{"rendered":"<p>V\u0161estrann\u00e9 IR zbra\u0148ov\u00e9 sv\u011btlo s hybridn\u00edm paprskem a n\u00edzko-profilov\u00fdm \u00fachytem.<\/p>\n","protected":false},"featured_media":214245,"template":"","meta":{"_acf_changed":false},"product_brand":[11860],"product_cat":[12709,12700,12660],"product_tag":[],"class_list":{"0":"post-214244","1":"product","2":"type-product","3":"status-publish","4":"has-post-thumbnail","6":"product_brand-surefire","7":"product_cat-puska","8":"product_cat-svitilny","9":"product_cat-svitilny-na-pusky","11":"first","12":"instock","13":"taxable","14":"shipping-taxable","15":"purchasable","16":"product-type-simple"},"acf":[],"_links":{"self":[{"href":"https:\/\/staging.nbg.eu\/cs\/wp-json\/wp\/v2\/product\/214244","targetHints":{"allow":["GET"]}}],"collection":[{"href":"https:\/\/staging.nbg.eu\/cs\/wp-json\/wp\/v2\/product"}],"about":[{"href":"https:\/\/staging.nbg.eu\/cs\/wp-json\/wp\/v2\/types\/product"}],"wp:featuredmedia":[{"embeddable":true,"href":"https:\/\/staging.nbg.eu\/cs\/wp-json\/wp\/v2\/media\/214245"}],"wp:attachment":[{"href":"https:\/\/staging.nbg.eu\/cs\/wp-json\/wp\/v2\/media?parent=214244"}],"wp:term":[{"taxonomy":"product_brand","embeddable":true,"href":"https:\/\/staging.nbg.eu\/cs\/wp-json\/wp\/v2\/product_brand?post=214244"},{"taxonomy":"product_cat","embeddable":true,"href":"https:\/\/staging.nbg.eu\/cs\/wp-json\/wp\/v2\/product_cat?post=214244"},{"taxonomy":"product_tag","embeddable":true,"href":"https:\/\/staging.nbg.eu\/cs\/wp-json\/wp\/v2\/product_tag?post=214244"}],"curies":[{"name":"wp","href":"https:\/\/api.w.org\/{rel}","templated":true}]}}