{"id":213887,"date":"2024-10-31T21:14:39","date_gmt":"2025-02-19T16:22:32","guid":{"rendered":"https:\/\/staging.nbg.eu\/product\/sabre-red-spray-52cft10-mk3-crossfire-gel-1-5oz-45ml\/"},"modified":"2025-02-19T16:25:14","modified_gmt":"2025-02-19T16:25:14","slug":"sabre-red-peprovy-sprej-52cft10-mk3-crossfire-gel-15oz45ml","status":"publish","type":"product","link":"https:\/\/staging.nbg.eu\/cs\/produkt\/sabre-red-peprovy-sprej-52cft10-mk3-crossfire-gel-15oz45ml\/","title":{"rendered":"Sabre Red pep\u0159ov\u00fd sprej 52CFT10 MK3 Crossfire GEL 1.5oz\/45ml"},"content":{"rendered":"<div class=\"product-description\">\n<h2>Sabre Red 52CFT10-G MK-3 Crossfire Stream<\/h2>\n<p>Tento 1,5 uncov\u00fd pep\u0159ov\u00fd sprej pou\u017e\u00edvan\u00fd polici\u00ed po cel\u00e9m sv\u011bt\u011b obsahuje vy\u0161\u0161\u00ed obsah kapsaicinoid\u016f. Vlastnosti zahrnuj\u00ed:<\/p>\n<ul>\n<li>Technologie SABRE Crossfire\u00ae pro pou\u017eit\u00ed z jak\u00e9hokoli \u00fahlu<\/li>\n<li>8 jednovte\u0159inov\u00fdch d\u00e1vek s dosahem 4,5-6 m<\/li>\n<li>1,33% MC slo\u017een\u00ed<\/li>\n<li>5let\u00e1 \u017eivotnost<\/li>\n<li>Certifikace ISO 9001:2008<\/li>\n<li>Testov\u00e1no na o\u010di, k\u016f\u017ei a vdechnut\u00ed<\/li>\n<li>UV barvivo pro identifikaci podez\u0159el\u00fdch<\/li>\n<li>Neho\u0159lav\u00fd a kompatibiln\u00ed s EID<\/li>\n<\/ul>\n<p>Ur\u010deno pro policii a osobn\u00ed ochranu. Vyrobeno v USA spole\u010dnost\u00ed Security Equipment Corp.<\/p>\n<\/div>\n","protected":false},"excerpt":{"rendered":"<p>Vysoce \u00fa\u010dinn\u00fd pep\u0159ov\u00fd sprej v policejn\u00ed kvalit\u011b. Technologie Crossfire, dosah 4,5-6 metr\u016f.<\/p>\n","protected":false},"featured_media":75065,"template":"","meta":{"_acf_changed":false},"product_brand":[11745],"product_cat":[12699],"product_tag":[],"class_list":{"0":"post-213887","1":"product","2":"type-product","3":"status-publish","4":"has-post-thumbnail","6":"product_brand-sabre","7":"product_cat-edc","9":"first","10":"instock","11":"taxable","12":"shipping-taxable","13":"purchasable","14":"product-type-simple"},"acf":[],"_links":{"self":[{"href":"https:\/\/staging.nbg.eu\/cs\/wp-json\/wp\/v2\/product\/213887","targetHints":{"allow":["GET"]}}],"collection":[{"href":"https:\/\/staging.nbg.eu\/cs\/wp-json\/wp\/v2\/product"}],"about":[{"href":"https:\/\/staging.nbg.eu\/cs\/wp-json\/wp\/v2\/types\/product"}],"wp:featuredmedia":[{"embeddable":true,"href":"https:\/\/staging.nbg.eu\/cs\/wp-json\/wp\/v2\/media\/75065"}],"wp:attachment":[{"href":"https:\/\/staging.nbg.eu\/cs\/wp-json\/wp\/v2\/media?parent=213887"}],"wp:term":[{"taxonomy":"product_brand","embeddable":true,"href":"https:\/\/staging.nbg.eu\/cs\/wp-json\/wp\/v2\/product_brand?post=213887"},{"taxonomy":"product_cat","embeddable":true,"href":"https:\/\/staging.nbg.eu\/cs\/wp-json\/wp\/v2\/product_cat?post=213887"},{"taxonomy":"product_tag","embeddable":true,"href":"https:\/\/staging.nbg.eu\/cs\/wp-json\/wp\/v2\/product_tag?post=213887"}],"curies":[{"name":"wp","href":"https:\/\/api.w.org\/{rel}","templated":true}]}}