{"id":212873,"date":"2024-07-22T11:51:56","date_gmt":"2024-07-22T11:51:56","guid":{"rendered":"https:\/\/staging.nbg.eu\/product\/blue-force-gear-universal-wire-loop\/"},"modified":"2025-02-19T15:16:17","modified_gmt":"2025-02-19T15:16:17","slug":"blue-force-gear-univerzalni-dratena-smycka","status":"publish","type":"product","link":"https:\/\/staging.nbg.eu\/cs\/produkt\/blue-force-gear-univerzalni-dratena-smycka\/","title":{"rendered":"Blue Force Gear univerz\u00e1ln\u00ed dr\u00e1t\u011bn\u00e1 smy\u010dka"},"content":{"rendered":"<h2>Blue Force Gear Univerz\u00e1ln\u00ed dr\u00e1t\u011bn\u00e1 smy\u010dka<\/h2>\n<p>Univerz\u00e1ln\u00ed dr\u00e1t\u011bn\u00e1 smy\u010dka (UWL\u2122) je v\u0161estrann\u00fd bod pro p\u0159ipevn\u011bn\u00ed popruhu navr\u017een\u00fd pro r\u016fzn\u00e9 aplikace. K dispozici v d\u00e9lk\u00e1ch smy\u010dky 3,25&#8243;, 4,5&#8243; a 6,25&#8243;, m\u00e1 n\u00e1sleduj\u00edc\u00ed vlastnosti:<\/p>\n<ul>\n<li>Ohebn\u00fd nerezov\u00fd dr\u00e1t pota\u017een\u00fd nylonem pro snadn\u00e9 p\u0159ipevn\u011bn\u00ed<\/li>\n<li>CNC obr\u00e1b\u011bn\u00e9 t\u011blo z hlin\u00edku 6061-T6 s nereflexn\u00ed povrchovou \u00fapravou<\/li>\n<li>Tvrd\u011b eloxov\u00e1no pro odolnost<\/li>\n<li>Kabel leteck\u00e9 kvality s kulov\u00fdmi konci<\/li>\n<li>Ti\u0161\u0161\u00ed a siln\u011bj\u0161\u00ed ne\u017e tradi\u010dn\u00ed h\u00e1\u010dkov\u00e9 \u00fachyty<\/li>\n<li>Neopot\u0159ebov\u00e1v\u00e1 o\u010dka<\/li>\n<\/ul>\n<p>Vhodn\u00e9 pro pou\u017eit\u00ed s popruhy Vickers Combat Applications Slings\u2122, UWL\u2122 nab\u00edz\u00ed mnoho mo\u017enost\u00ed p\u0159ipevn\u011bn\u00ed. Zat\u00edmco extr\u00e9mn\u00ed teplo hlavn\u011b m\u016f\u017ee deformovat vn\u011bj\u0161\u00ed povlak, nerezov\u00e9 j\u00e1dro z\u016fst\u00e1v\u00e1 neporu\u0161en\u00e9, co\u017e zaji\u0161\u0165uje spolehlivost v n\u00e1ro\u010dn\u00fdch situac\u00edch.<\/p>\n","protected":false},"excerpt":{"rendered":"<p>Univerz\u00e1ln\u00ed z\u00e1v\u011bsn\u00e9 p\u0159\u00edslu\u0161enstv\u00ed s flexibiln\u00edm dr\u00e1tem pro r\u016fzn\u00e9 mo\u017enosti mont\u00e1\u017ee.<\/p>\n","protected":false},"featured_media":50066,"template":"","meta":{"_acf_changed":false},"product_brand":[11125],"product_cat":[12672,12676],"product_tag":[],"class_list":{"0":"post-212873","1":"product","2":"type-product","3":"status-publish","4":"has-post-thumbnail","6":"product_brand-blue-force-gear","7":"product_cat-remeny","8":"product_cat-vybaveni","10":"first","11":"instock","12":"taxable","13":"shipping-taxable","14":"purchasable","15":"product-type-variable","16":"wvs-archive-product-wrapper"},"acf":[],"_links":{"self":[{"href":"https:\/\/staging.nbg.eu\/cs\/wp-json\/wp\/v2\/product\/212873","targetHints":{"allow":["GET"]}}],"collection":[{"href":"https:\/\/staging.nbg.eu\/cs\/wp-json\/wp\/v2\/product"}],"about":[{"href":"https:\/\/staging.nbg.eu\/cs\/wp-json\/wp\/v2\/types\/product"}],"wp:featuredmedia":[{"embeddable":true,"href":"https:\/\/staging.nbg.eu\/cs\/wp-json\/wp\/v2\/media\/50066"}],"wp:attachment":[{"href":"https:\/\/staging.nbg.eu\/cs\/wp-json\/wp\/v2\/media?parent=212873"}],"wp:term":[{"taxonomy":"product_brand","embeddable":true,"href":"https:\/\/staging.nbg.eu\/cs\/wp-json\/wp\/v2\/product_brand?post=212873"},{"taxonomy":"product_cat","embeddable":true,"href":"https:\/\/staging.nbg.eu\/cs\/wp-json\/wp\/v2\/product_cat?post=212873"},{"taxonomy":"product_tag","embeddable":true,"href":"https:\/\/staging.nbg.eu\/cs\/wp-json\/wp\/v2\/product_tag?post=212873"}],"curies":[{"name":"wp","href":"https:\/\/api.w.org\/{rel}","templated":true}]}}