{"id":211471,"date":"2024-01-24T19:30:39","date_gmt":"2025-02-19T13:01:43","guid":{"rendered":"https:\/\/staging.nbg.eu\/product\/iosso-bolt-carrier-brush\/"},"modified":"2025-02-19T13:13:58","modified_gmt":"2025-02-19T13:13:58","slug":"iosso-kartac-na-zaver","status":"publish","type":"product","link":"https:\/\/staging.nbg.eu\/cs\/produkt\/iosso-kartac-na-zaver\/","title":{"rendered":"Iosso kart\u00e1\u010d na z\u00e1v\u011br"},"content":{"rendered":"<p style=\"text-align: center\"><strong><span style=\"font-size: 170%\">Kart\u00e1\u010de na nosi\u010d z\u00e1v\u011bru losso<\/span><\/strong><\/p>\n<p>Tato sada obsahuje balen\u00ed kart\u00e1\u010d\u016f na nosi\u010d z\u00e1v\u011bru a komoru. Jsou dimenzov\u00e1ny s p\u0159esnou toleranc\u00ed pro precizn\u00ed \u010di\u0161t\u011bn\u00ed. Jsou vyrobeny z modr\u00e9ho vl\u00e1kna, kter\u00e9 je siln\u00e9, tuh\u00e9 a dob\u0159e dr\u017e\u00ed tvar. To umo\u017e\u0148uje pohyb tam a zp\u011bt, na rozd\u00edl od tradi\u010dn\u00edch mosazn\u00fdch a bronzov\u00fdch kart\u00e1\u010d\u016f. Lze je pou\u017e\u00edt n\u011bkolikr\u00e1t, ne\u017e se opot\u0159ebuj\u00ed.<\/p>\n<table width=\"305\">\n<tbody>\n<tr>\n<td width=\"305\"><strong>AR-15 Nosi\u010d z\u00e1v\u011bru s \u010depem, 2 ks<\/strong><\/td>\n<\/tr>\n<tr>\n<td><strong>AR.308 Nosi\u010d z\u00e1v\u011bru pu\u0161ky s \u010depem, 2 ks<\/strong><\/td>\n<\/tr>\n<\/tbody>\n<\/table>\n","protected":false},"excerpt":{"rendered":"<p><strong>Dimenzov\u00e1no s malou toleranc\u00ed pro p\u0159esn\u00e9 \u010di\u0161t\u011bn\u00ed<\/strong><\/p>\n","protected":false},"featured_media":107701,"template":"","meta":{"_acf_changed":false},"product_brand":[11469],"product_cat":[12690,12717],"product_tag":[],"class_list":{"0":"post-211471","1":"product","2":"type-product","3":"status-publish","4":"has-post-thumbnail","6":"product_brand-iosso","7":"product_cat-cisteni-zbrani","8":"product_cat-kartace","9":"pa_model-ar-308-cs","10":"pa_model-ar-15-cs","12":"first","13":"instock","14":"taxable","15":"shipping-taxable","16":"purchasable","17":"product-type-variable","18":"wvs-archive-product-wrapper"},"acf":[],"_links":{"self":[{"href":"https:\/\/staging.nbg.eu\/cs\/wp-json\/wp\/v2\/product\/211471","targetHints":{"allow":["GET"]}}],"collection":[{"href":"https:\/\/staging.nbg.eu\/cs\/wp-json\/wp\/v2\/product"}],"about":[{"href":"https:\/\/staging.nbg.eu\/cs\/wp-json\/wp\/v2\/types\/product"}],"wp:featuredmedia":[{"embeddable":true,"href":"https:\/\/staging.nbg.eu\/cs\/wp-json\/wp\/v2\/media\/107701"}],"wp:attachment":[{"href":"https:\/\/staging.nbg.eu\/cs\/wp-json\/wp\/v2\/media?parent=211471"}],"wp:term":[{"taxonomy":"product_brand","embeddable":true,"href":"https:\/\/staging.nbg.eu\/cs\/wp-json\/wp\/v2\/product_brand?post=211471"},{"taxonomy":"product_cat","embeddable":true,"href":"https:\/\/staging.nbg.eu\/cs\/wp-json\/wp\/v2\/product_cat?post=211471"},{"taxonomy":"product_tag","embeddable":true,"href":"https:\/\/staging.nbg.eu\/cs\/wp-json\/wp\/v2\/product_tag?post=211471"}],"curies":[{"name":"wp","href":"https:\/\/api.w.org\/{rel}","templated":true}]}}