{"id":208839,"date":"2024-09-02T10:47:02","date_gmt":"2025-02-16T17:04:18","guid":{"rendered":"https:\/\/staging.nbg.eu\/product\/badger-ordnance-c1-modular-safety\/"},"modified":"2025-02-16T17:06:55","modified_gmt":"2025-02-16T17:06:55","slug":"badger-ordnance-c1-modularni-pojistka","status":"publish","type":"product","link":"https:\/\/staging.nbg.eu\/cs\/produkt\/badger-ordnance-c1-modularni-pojistka\/","title":{"rendered":"Badger Ordnance C1 modul\u00e1rn\u00ed pojistka"},"content":{"rendered":"<div class=\"product-description\">\n<h2>Badger Ordnance C1 Modul\u00e1rn\u00ed pojistka<\/h2>\n<p>C1 poloautomatick\u00e1 pojistka pro pu\u0161ky typu M16\/AR-15\/AR-10\/SR-25. Tato modul\u00e1rn\u00ed sada nab\u00edz\u00ed:<\/p>\n<ul>\n<li>Jednostrann\u00e9 nebo oboustrann\u00e9 ovl\u00e1d\u00e1n\u00ed<\/li>\n<li>Ovl\u00e1d\u00e1n\u00ed levou nebo pravou rukou<\/li>\n<li>Mo\u017enosti 60\u00b0 nebo 90\u00b0 pohybu<\/li>\n<li>\u010cerven\u00fd indik\u00e1tor pro snadnou vizu\u00e1ln\u00ed kontrolu<\/li>\n<\/ul>\n<p>Sada obsahuje:<\/p>\n<ul>\n<li>Dlouhou p\u00e1ku pro silnou stranu<\/li>\n<li>Kr\u00e1tkou p\u00e1ku pro slabou stranu<\/li>\n<li>Indika\u010dn\u00ed krytku pro slabou stranu<\/li>\n<li>Kol\u00edky a pojistn\u00fd \u010dep (tvrzen\u00fd na 60Rc)<\/li>\n<\/ul>\n<p>Vyrobeno z oceli 4140, povrchov\u011b kaleno a pokryto manganov\u00fdm fosf\u00e1tem pro odolnost. Snadn\u00e1 instalace a dlouh\u00e1 \u017eivotnost.<\/p>\n<p><strong>Barva:<\/strong> \u010cern\u00e1<br \/>\n |<br \/>\n<strong>Vy\u017eaduje FFL:<\/strong> Ne | <strong>Specifick\u00e9 pro platformu:<\/strong> Ne<\/p>\n<\/div>\n","protected":false},"excerpt":{"rendered":"<p>Univerz\u00e1ln\u00ed AR pojistka: oboustrann\u00e1, \u00fahel oto\u010den\u00ed 60\u00b0\/90\u00b0, \u010derven\u00e9 indik\u00e1tory<\/p>\n","protected":false},"featured_media":35379,"template":"","meta":{"_acf_changed":false},"product_brand":[11083],"product_cat":[12670,12709,12658],"product_tag":[],"class_list":{"0":"post-208839","1":"product","2":"type-product","3":"status-publish","4":"has-post-thumbnail","6":"product_brand-badger-ordnance","7":"product_cat-ar-tuning","8":"product_cat-puska","9":"product_cat-rifle-tuning","11":"first","12":"instock","13":"taxable","14":"shipping-taxable","15":"purchasable","16":"product-type-simple"},"acf":[],"_links":{"self":[{"href":"https:\/\/staging.nbg.eu\/cs\/wp-json\/wp\/v2\/product\/208839","targetHints":{"allow":["GET"]}}],"collection":[{"href":"https:\/\/staging.nbg.eu\/cs\/wp-json\/wp\/v2\/product"}],"about":[{"href":"https:\/\/staging.nbg.eu\/cs\/wp-json\/wp\/v2\/types\/product"}],"wp:featuredmedia":[{"embeddable":true,"href":"https:\/\/staging.nbg.eu\/cs\/wp-json\/wp\/v2\/media\/35379"}],"wp:attachment":[{"href":"https:\/\/staging.nbg.eu\/cs\/wp-json\/wp\/v2\/media?parent=208839"}],"wp:term":[{"taxonomy":"product_brand","embeddable":true,"href":"https:\/\/staging.nbg.eu\/cs\/wp-json\/wp\/v2\/product_brand?post=208839"},{"taxonomy":"product_cat","embeddable":true,"href":"https:\/\/staging.nbg.eu\/cs\/wp-json\/wp\/v2\/product_cat?post=208839"},{"taxonomy":"product_tag","embeddable":true,"href":"https:\/\/staging.nbg.eu\/cs\/wp-json\/wp\/v2\/product_tag?post=208839"}],"curies":[{"name":"wp","href":"https:\/\/api.w.org\/{rel}","templated":true}]}}