{"id":208630,"date":"2024-07-29T13:02:15","date_gmt":"2024-07-29T13:02:15","guid":{"rendered":"https:\/\/staging.nbg.eu\/product\/bore-tech-friction-guard-xp-120ml\/"},"modified":"2025-02-16T16:54:12","modified_gmt":"2025-02-16T16:54:12","slug":"bore-tech-friction-guard-xp-120ml","status":"publish","type":"product","link":"https:\/\/staging.nbg.eu\/cs\/produkt\/bore-tech-friction-guard-xp-120ml\/","title":{"rendered":"Bore Tech Friction Guard XP 120ml"},"content":{"rendered":"<h2>Bore Tech Friction Guard XP olej na zbran\u011b &#8211; 120ml<\/h2>\n<p>Bore Tech Friction Guard XP olej na zbran\u011b je syntetick\u00e1 sm\u011bs, kter\u00e1 spl\u0148uje po\u017eadavky MIL-PRF-63460E a nab\u00edz\u00ed:<\/p>\n<ul>\n<li>Maz\u00e1n\u00ed od -73\u00b0C do 316\u00b0C<\/li>\n<li>95% sn\u00ed\u017een\u00ed t\u0159en\u00ed a opot\u0159eben\u00ed<\/li>\n<li>Ochrana proti korozi<\/li>\n<li>Penetrace a p\u0159ilnavost k kovov\u00fdm povrch\u016fm<\/li>\n<li>Zv\u00fd\u0161en\u00e1 odolnost filmu proti opot\u0159eben\u00ed<\/li>\n<li>Odolnost v\u016f\u010di extr\u00e9mn\u00edm teplot\u00e1m<\/li>\n<li>Ochrana p\u0159i testu solnou mlhou po dobu 100+ hodin<\/li>\n<li>Vyt\u011bs\u0148ov\u00e1n\u00ed vlhkosti<\/li>\n<li>Odpuzov\u00e1n\u00ed prachu a ne\u010distot<\/li>\n<\/ul>\n<p>Vhodn\u00fd pro st\u0159elce, lovce a u\u017eivatele zbran\u00ed. Friction Guard XP o\u0161et\u0159uje v\u00fdvrt zbran\u011b a poskytuje ochranu b\u011bhem pou\u017e\u00edv\u00e1n\u00ed a skladov\u00e1n\u00ed.<\/p>\n","protected":false},"excerpt":{"rendered":"<p>Vysoce v\u00fdkonn\u00fd syntetick\u00fd olej na zbran\u011b pro \u0161pi\u010dkov\u00e9 maz\u00e1n\u00ed a ochranu.<\/p>\n","protected":false},"featured_media":150477,"template":"","meta":{"_acf_changed":false},"product_brand":[11146],"product_cat":[12690,12678],"product_tag":[],"class_list":{"0":"post-208630","1":"product","2":"type-product","3":"status-publish","4":"has-post-thumbnail","6":"product_brand-boretech","7":"product_cat-cisteni-zbrani","8":"product_cat-maziva","10":"first","11":"instock","12":"taxable","13":"shipping-taxable","14":"purchasable","15":"product-type-simple"},"acf":[],"_links":{"self":[{"href":"https:\/\/staging.nbg.eu\/cs\/wp-json\/wp\/v2\/product\/208630","targetHints":{"allow":["GET"]}}],"collection":[{"href":"https:\/\/staging.nbg.eu\/cs\/wp-json\/wp\/v2\/product"}],"about":[{"href":"https:\/\/staging.nbg.eu\/cs\/wp-json\/wp\/v2\/types\/product"}],"wp:featuredmedia":[{"embeddable":true,"href":"https:\/\/staging.nbg.eu\/cs\/wp-json\/wp\/v2\/media\/150477"}],"wp:attachment":[{"href":"https:\/\/staging.nbg.eu\/cs\/wp-json\/wp\/v2\/media?parent=208630"}],"wp:term":[{"taxonomy":"product_brand","embeddable":true,"href":"https:\/\/staging.nbg.eu\/cs\/wp-json\/wp\/v2\/product_brand?post=208630"},{"taxonomy":"product_cat","embeddable":true,"href":"https:\/\/staging.nbg.eu\/cs\/wp-json\/wp\/v2\/product_cat?post=208630"},{"taxonomy":"product_tag","embeddable":true,"href":"https:\/\/staging.nbg.eu\/cs\/wp-json\/wp\/v2\/product_tag?post=208630"}],"curies":[{"name":"wp","href":"https:\/\/api.w.org\/{rel}","templated":true}]}}