{"id":206108,"date":"2024-07-25T18:43:16","date_gmt":"2025-02-13T16:12:04","guid":{"rendered":"https:\/\/staging.nbg.eu\/product\/luger-maxx-tech-9x19-ammunition\/"},"modified":"2025-02-13T16:14:22","modified_gmt":"2025-02-13T16:14:22","slug":"munice-luger-maxx-tech-9x19","status":"publish","type":"product","link":"https:\/\/staging.nbg.eu\/cs\/produkt\/munice-luger-maxx-tech-9x19\/","title":{"rendered":"Munice Luger Maxx Tech 9&#215;19"},"content":{"rendered":"<p>Luger Maxx Tech Munice: Mosazn\u00e9 pistolov\u00e9 n\u00e1boje s celopl\u00e1\u0161\u0165ovou st\u0159elou.<\/p>\n","protected":false},"excerpt":{"rendered":"<p>Vysoce v\u00fdkonn\u00e9 st\u0159elivo 9mm Luger FMJ. Spolehliv\u00e9 mosazn\u00e9 n\u00e1bojnice.<\/p>\n","protected":false},"featured_media":206109,"template":"","meta":{"_acf_changed":false},"product_brand":[11564],"product_cat":[12684,12654],"product_tag":[],"class_list":{"0":"post-206108","1":"product","2":"type-product","3":"status-publish","4":"has-post-thumbnail","6":"product_brand-maxxtech","7":"product_cat-munice","8":"product_cat-pistolova-munice","10":"first","11":"instock","12":"taxable","13":"shipping-taxable","14":"purchasable","15":"product-type-variable","16":"wvs-archive-product-wrapper"},"acf":[],"_links":{"self":[{"href":"https:\/\/staging.nbg.eu\/cs\/wp-json\/wp\/v2\/product\/206108","targetHints":{"allow":["GET"]}}],"collection":[{"href":"https:\/\/staging.nbg.eu\/cs\/wp-json\/wp\/v2\/product"}],"about":[{"href":"https:\/\/staging.nbg.eu\/cs\/wp-json\/wp\/v2\/types\/product"}],"wp:featuredmedia":[{"embeddable":true,"href":"https:\/\/staging.nbg.eu\/cs\/wp-json\/wp\/v2\/media\/206109"}],"wp:attachment":[{"href":"https:\/\/staging.nbg.eu\/cs\/wp-json\/wp\/v2\/media?parent=206108"}],"wp:term":[{"taxonomy":"product_brand","embeddable":true,"href":"https:\/\/staging.nbg.eu\/cs\/wp-json\/wp\/v2\/product_brand?post=206108"},{"taxonomy":"product_cat","embeddable":true,"href":"https:\/\/staging.nbg.eu\/cs\/wp-json\/wp\/v2\/product_cat?post=206108"},{"taxonomy":"product_tag","embeddable":true,"href":"https:\/\/staging.nbg.eu\/cs\/wp-json\/wp\/v2\/product_tag?post=206108"}],"curies":[{"name":"wp","href":"https:\/\/api.w.org\/{rel}","templated":true}]}}